{"id":1180,"date":"2023-06-21T17:37:08","date_gmt":"2023-06-21T14:37:08","guid":{"rendered":"https:\/\/ambtelaviv.esteri.it\/?page_id=1180"},"modified":"2025-05-20T10:41:32","modified_gmt":"2025-05-20T07:41:32","slug":"cooperazione-bilaterale-in-sti","status":"publish","type":"page","link":"https:\/\/ambtelaviv.esteri.it\/it\/italia-e-israele\/diplomazia-scientifica\/cooperazione-bilaterale-in-sti\/","title":{"rendered":"Cooperazione bilaterale in STI"},"content":{"rendered":"<p>Sulla base dell\u2019<a href=\"https:\/\/ambtelaviv.esteri.it\/wp-content\/uploads\/2023\/06\/accordo_rd-2.pdf\">Accordo bilaterale di Cooperazione nel campo della Ricerca e dello Sviluppo Industriale, Scientifico e Tecnologico<\/a>\u00a0del 2002, nel corso degli anni, sono stati definiti una serie di programmi e iniziative per promuovere la cooperazione tra le comunit\u00e0 accademiche, scientifiche e industriali, in particolare nei settori dell\u2019alta tecnologia.<\/p>\n<p>Se siete interessati a sviluppare iniziative di cooperazione accademica e industriale con partner israeliani nel settore della ricerca scientifica, tecnologica e dell\u2019innovazione, l\u2019<a href=\"https:\/\/ambtelaviv.esteri.it\/it\/chi-siamo\/gli-uffici\/\">Ufficio dell\u2019Addetto Scientifico<\/a>\u00a0\u00e8 a vostra disposizione per fornirvi informazioni e supporto (<a href=\"mailto:scienza.telaviv@esteri.it\">scienza.telaviv@esteri.it<\/a>).<\/p>\n<p>I programmi e iniziative disponibili con cadenza annuale per sostenere la cooperazione bilaterale nel settore scientifico, tecnologico e dell\u2019innovazione, sono i seguenti:<\/p>\n<p>&nbsp;<\/p>\n<p><strong>1. Bando per progetti di ricerca scientifica<\/strong><\/p>\n<p>Il bando \u00e8 pubblicato dal Ministero degli Affari Esteri e della Cooperazione Internazionale italiano congiuntamente con il Ministero della Scienza e Tecnologia israeliano. Possono fare domanda Universit\u00e0 o centri di ricerca da soli o in consorzio, anche con aziende, purch\u00e9 non capofila. Il bando \u00e8 ogni anno dedicato a due specifiche aree di ricerca. I progetti devono avere una durata massima di tre anni. Il finanziamento italiano copre il 50 percento dei costi di ricerca, quello israeliano il 100 percento.<\/p>\n<p>&gt;\u00a0<a href=\"https:\/\/www.esteri.it\/it\/trasparenza_comunicazioni_legali\/bandi-gara-contratti\/atti-amministrazioni-aggiudicatrici\/avvisi-bandi-ed-inviti\/bando-scientifico-2025-accordo-di-cooperazione-scientifica-e-industriale-tra-italia-e-israele\/\">Leggi il bando<\/a><\/p>\n<p>&nbsp;<\/p>\n<p><strong>2. Bando di ricerca applicata &#8220;MONOTEMATICO&#8221;<\/strong><\/p>\n<p>Il bando \u00e8 pubblicato dal Ministero degli Affari Esteri e della Cooperazione Internazionale italiano congiuntamente con l\u2019Israel Innovation Authority. Il bando \u00e8 dedicato a istituzioni di ricerca e aziende nei settori di ricerca afferenti alla macro-area <em>Sustainable technologies to tackle the challenges resulting from climate change in the Mediterranean region . <\/em>\u00a0I progetti devono avere una durata massima di due anni e il finanziamento copre il 50 percento dei costi di ricerca e sviluppo.<\/p>\n<p>I progetti selezionati dalle Autorit\u00e0 italiane e israeliane verranno finanziati mediante contributi che verranno erogati a ciascun partner dalle proprie Autorit\u00e0 nel rispetto dell\u2019Accordo di cui sopra, nonch\u00e9 delle leggi, norme, regolamenti e procedure nazionali in vigore.<\/p>\n<p style=\"margin: 0cm; margin-bottom: .0001pt; background: white;\"><span style=\"color: black;\">&gt; <a href=\"https:\/\/www.esteri.it\/it\/trasparenza_comunicazioni_legali\/bandi-gara-contratti\/atti-amministrazioni-aggiudicatrici\/avvisi-bandi-ed-inviti\/bando-monotematico-2025\/\">Accordo di cooperazione industriale, scientifica e tecnologica Italia-Israele \u2013 Bando \u201cMONOTEMATICO\u201d 2025 \u2013 Ministero degli Affari Esteri e della Cooperazione Internazionale<\/a><\/span><\/p>\n<p>&nbsp;<\/p>\n<p><strong>3. Programma di seminari scientifici<\/strong><\/p>\n<p>Il programma \u00e8 definito e realizzato dall\u2019Ambasciata d\u2019Italia in Israele raccogliendo proposte e suggerimenti delle comunit\u00e0 accademiche e scientifiche italiane e israeliane. I seminari sono finalizzati a favorire i contatti tra ricercatori e accademici dei due paesi e a stimolare un processo di confronto e discussione tematica con l\u2019obiettivo di promuovere collaborazioni scientifiche e industriali attraverso un processo bottom-up.<\/p>\n<p>&nbsp;<\/p>\n<p><strong>4. \u201cPremio Rita Levi Montalcini\u201d<\/strong><\/p>\n<p>Il premio consiste nel finanziamento per un ammontare di 40.000 Euro per parte per progetti di ricerca effettuati da ricercatori di fama internazionale israeliani in Italia e italiani in Israele. Da parte italiana, il bando \u00e8 pubblicato e assegnato dalla Conferenza dei Rettori delle Universit\u00e0 Italiane (CRUI). Per parte israeliana \u00e8 gestito dal Council on Higher Education.<\/p>\n<p>&gt;\u00a0<u><a href=\"https:\/\/www.esteri.it\/wp-content\/uploads\/2023\/09\/PRLM_AVVISO_2023_2808.pdf\">Leggi l\u2019avviso<\/a><\/u><\/p>\n<p>&nbsp;<\/p>\n<p><strong>5. \u201cAccelerate in Israel 4th edition\u201d<\/strong><\/p>\n<p>Il programma mira a promuovere la crescita internazionale di start-up italiane agevolando un loro periodo di accelerazione in Israele con un finanziamento forfettario. Il finanziamento \u00e8 inteso come contributo a fondo perso per le spese relative al periodo di accelerazione in Israele, incluse quelle per i servizi offerti dall\u2019acceleratore. Il bando \u00e8 pubblicato e gestito dall\u2019Ambasciata d\u2019Italia in Israele, con la collaborazione di Intesa Sanpaolo Innovation Center, dell\u2019Ufficio ICE di Tel Aviv e della Camera di Commercio e Industria Israel-Italia e l\u2019ecosistema israeliano dell&#8217;innovazione.<\/p>\n<p>&gt;\u00a0<a href=\"https:\/\/ambtelaviv.esteri.it\/wp-content\/uploads\/2023\/06\/BANDOACCELERATE_FIN-1.pdf\">Leggi il bando<\/a><\/p>\n<p><a href=\"https:\/\/ambtelaviv.esteri.it\/wp-content\/uploads\/2023\/10\/2023.10.12-positicipo-attivita-formativa-firmfirmato.pdf\">Provvedimento di rinvio programma &#8220;ACCELERATE IN ISRAEL&#8221;<\/a><\/p>\n<p><a href=\"https:\/\/ambtelaviv.esteri.it\/wp-content\/uploads\/2024\/01\/2023.19.12-Delibera-posticipo-2SECfirmato.pdf\">Ulteriore provvedimento di<\/a><a href=\"https:\/\/ambtelaviv.esteri.it\/wp-content\/uploads\/2024\/01\/2023.19.12-Delibera-posticipo-2SECfirmato.pdf\"> rinvio<\/a><a href=\"https:\/\/ambtelaviv.esteri.it\/wp-content\/uploads\/2024\/01\/2023.19.12-Delibera-posticipo-2SECfirmato.pdf\"> programma &#8220;ACCELERATE IN ISRAEL&#8221;<\/a><\/p>\n<p><a href=\"https:\/\/ambtelaviv.esteri.it\/wp-content\/uploads\/2024\/10\/Delibera-Posticipo-DOC253.pdf\">Ulteriore (terzo) provvedimento di rinvio del programma &#8220;ACCELERATE IN ISRAEL&#8221;<\/a><\/p>\n<p><a href=\"https:\/\/ambtelaviv.esteri.it\/wp-content\/uploads\/2025\/02\/Disposizione-posticipo-e-rimodulazione-Feb-2025.pdf\">Disposizione di rinvio e rimodulazione del programma &#8220;ACCELERATE IN ISRAEL&#8221;<\/a><\/p>\n<p>&nbsp;<\/p>\n<p>Le informazioni sulle opportunit\u00e0 di ricerca e collaborazione nei settori scientifici e tecnologici sono pubblicate sul portale\u00a0<a href=\"https:\/\/innovitalia.esteri.it\/\">Innovitalia<\/a>\u00a0che funge anche da strumento di networking tra ricercatori italiani all&#8217;estero. Per registrarti su Innovitalia\u00a0<a href=\"https:\/\/innovitalia.esteri.it\/Login\/registrati\">clicca qui<\/a>. Gli utenti registrati possono:<\/p>\n<ul>\n<li>stabilire uno stretto rapporto con gli Uffici Scientifici della rete diplomatico consolare italiana;<\/li>\n<li>essere inseriti nell\u2019Annuario della ricerca italiana all\u2019estero;<\/li>\n<li>ricevere la Newsletter periodica con le notizie principali pubblicate sul portale;<\/li>\n<li>entrare in contatto con gli altri utenti registrati;<\/li>\n<li>condividere informazioni e opportunit\u00e0 sul portale.<\/li>\n<\/ul>\n","protected":false},"excerpt":{"rendered":"Sulla base dell\u2019Accordo bilaterale di Cooperazione nel campo della Ricerca e dello Sviluppo Industriale, Scientifico e Tecnologico\u00a0del 2002, nel corso degli anni, sono stati definiti una serie di programmi e iniziative per promuovere la cooperazione tra le comunit\u00e0 accademiche, scientifiche e industriali, in particolare nei settori dell\u2019alta tecnologia. Se siete interessati a sviluppare iniziative di [&hellip;]","protected":false},"author":9,"featured_media":0,"parent":45,"menu_order":0,"comment_status":"closed","ping_status":"closed","template":"","meta":{"footnotes":""},"class_list":["post-1180","page","type-page","status-publish","hentry"],"_links":{"self":[{"href":"https:\/\/ambtelaviv.esteri.it\/it\/wp-json\/wp\/v2\/pages\/1180","targetHints":{"allow":["GET"]}}],"collection":[{"href":"https:\/\/ambtelaviv.esteri.it\/it\/wp-json\/wp\/v2\/pages"}],"about":[{"href":"https:\/\/ambtelaviv.esteri.it\/it\/wp-json\/wp\/v2\/types\/page"}],"author":[{"embeddable":true,"href":"https:\/\/ambtelaviv.esteri.it\/it\/wp-json\/wp\/v2\/users\/9"}],"replies":[{"embeddable":true,"href":"https:\/\/ambtelaviv.esteri.it\/it\/wp-json\/wp\/v2\/comments?post=1180"}],"version-history":[{"count":6,"href":"https:\/\/ambtelaviv.esteri.it\/it\/wp-json\/wp\/v2\/pages\/1180\/revisions"}],"predecessor-version":[{"id":5112,"href":"https:\/\/ambtelaviv.esteri.it\/it\/wp-json\/wp\/v2\/pages\/1180\/revisions\/5112"}],"up":[{"embeddable":true,"href":"https:\/\/ambtelaviv.esteri.it\/it\/wp-json\/wp\/v2\/pages\/45"}],"wp:attachment":[{"href":"https:\/\/ambtelaviv.esteri.it\/it\/wp-json\/wp\/v2\/media?parent=1180"}],"curies":[{"name":"wp","href":"https:\/\/api.w.org\/{rel}","templated":true}]}}