{"id":2298,"date":"2023-08-10T12:25:21","date_gmt":"2023-08-10T09:25:21","guid":{"rendered":"https:\/\/ambtelaviv.esteri.it\/?page_id=2298"},"modified":"2026-01-19T14:49:55","modified_gmt":"2026-01-19T11:49:55","slug":"professionisti-di-riferimento","status":"publish","type":"page","link":"https:\/\/ambtelaviv.esteri.it\/it\/servizi-consolari-e-visti\/servizi-per-il-cittadino-italiano\/professionisti-di-riferimento\/","title":{"rendered":"Professionisti di riferimento"},"content":{"rendered":"<p>I nominativi riportati vengono forniti a titolo informativo e non esaustivo. L&#8217;Ambasciata d&#8217;Italia in Tel Aviv non sottopone a verifica la loro attivit\u00e0, n\u00e9 risponde per il loro operato. L&#8217;Ambasciata non pu\u00f2 pertanto assumere alcuna responsabilit\u00e0 sugli esiti di eventuali rapporti che avverranno su base del tutto diretta e privatistica. Si declina anche da ogni responsabilit\u00e0 da danni derivanti da imprecisioni od omissioni nei dati personali forniti dai professionisti. In caso di irreperibilit\u00e0, si fa presente che il nominativo del professionista verr\u00e0 cancellato dalla lista senza preavviso.<\/p>\n<p>N.B. La predisposizione degli elenchi non costituisce un obbligo per le Sedi Consolari, e non si configura quale \u201cAlbo chiuso\u201d, bens\u00ec \u00e8 aggiornato su semplice richiesta scritta d\u2019inserimento (<a href=\"mailto:consolato.telaviv@esteri.it\">consolato.telaviv@esteri.it<\/a>) da parte del professionista interessato, corredata dal curriculum professionale e da qualsiasi altro documento comprovante i requisiti richiesti secondo la normativa italiana. Alla richiesta non consegue alcuna procedura selettiva, n\u00e9 la predisposizione della lista comporta alcuna graduatoria di merito delle figure professionali.<\/p>\n<ul>\n<li><a href=\"https:\/\/ambtelaviv.esteri.it\/wp-content\/uploads\/2026\/01\/20260101-Lista-avvocati-e-notai.pdf\">avvocati e notai<\/a><\/li>\n<li>medici<\/li>\n<li><a href=\"https:\/\/ambtelaviv.esteri.it\/wp-content\/uploads\/2026\/01\/20260101-LISTA-TRADUTTORI.pdf\">traduttori<\/a> (la traduzione deve essere dichiarata conforme da questa Ambasciata prima di poter utilizzare il documento)<\/li>\n<\/ul>\n","protected":false},"excerpt":{"rendered":"I nominativi riportati vengono forniti a titolo informativo e non esaustivo. L&#8217;Ambasciata d&#8217;Italia in Tel Aviv non sottopone a verifica la loro attivit\u00e0, n\u00e9 risponde per il loro operato. L&#8217;Ambasciata non pu\u00f2 pertanto assumere alcuna responsabilit\u00e0 sugli esiti di eventuali rapporti che avverranno su base del tutto diretta e privatistica. Si declina anche da ogni [&hellip;]","protected":false},"author":8,"featured_media":0,"parent":47,"menu_order":7,"comment_status":"closed","ping_status":"closed","template":"","meta":{"footnotes":""},"class_list":["post-2298","page","type-page","status-publish","hentry"],"_links":{"self":[{"href":"https:\/\/ambtelaviv.esteri.it\/it\/wp-json\/wp\/v2\/pages\/2298","targetHints":{"allow":["GET"]}}],"collection":[{"href":"https:\/\/ambtelaviv.esteri.it\/it\/wp-json\/wp\/v2\/pages"}],"about":[{"href":"https:\/\/ambtelaviv.esteri.it\/it\/wp-json\/wp\/v2\/types\/page"}],"author":[{"embeddable":true,"href":"https:\/\/ambtelaviv.esteri.it\/it\/wp-json\/wp\/v2\/users\/8"}],"replies":[{"embeddable":true,"href":"https:\/\/ambtelaviv.esteri.it\/it\/wp-json\/wp\/v2\/comments?post=2298"}],"version-history":[{"count":6,"href":"https:\/\/ambtelaviv.esteri.it\/it\/wp-json\/wp\/v2\/pages\/2298\/revisions"}],"predecessor-version":[{"id":6620,"href":"https:\/\/ambtelaviv.esteri.it\/it\/wp-json\/wp\/v2\/pages\/2298\/revisions\/6620"}],"up":[{"embeddable":true,"href":"https:\/\/ambtelaviv.esteri.it\/it\/wp-json\/wp\/v2\/pages\/47"}],"wp:attachment":[{"href":"https:\/\/ambtelaviv.esteri.it\/it\/wp-json\/wp\/v2\/media?parent=2298"}],"curies":[{"name":"wp","href":"https:\/\/api.w.org\/{rel}","templated":true}]}}