{"id":2716,"date":"2023-10-05T13:32:32","date_gmt":"2023-10-05T10:32:32","guid":{"rendered":"https:\/\/ambtelaviv.esteri.it\/?page_id=2716"},"modified":"2023-10-05T13:33:39","modified_gmt":"2023-10-05T10:33:39","slug":"dichiarazione-di-accompagnamento-per-minori-di-anni-14","status":"publish","type":"page","link":"https:\/\/ambtelaviv.esteri.it\/it\/servizi-consolari-e-visti\/servizi-per-il-cittadino-italiano\/passaporti-e-carte-didentita\/dichiarazione-di-accompagnamento-per-minori-di-anni-14\/","title":{"rendered":"Dichiarazione di accompagnamento per minori di anni 14"},"content":{"rendered":"<p>Nel caso in cui un minore italiano che non ha compiuto quattordici anni viaggi fuori dal Paese di residenza non accompagnato da almeno uno dei genitori (o da chi ne fa le veci) \u00e8 necessario richiedere una menzione sul passaporto italiano o una dichiarazione di accompagnamento.<\/p>\n<p>I genitori \u2013 o gli esercenti la responsabilit\u00e0 genitoriale o tutoria \u2013 dovranno presentare una richiesta all\u2019Autorit\u00e0 competente al rilascio del passaporto al minore (Consolato per il minore residente all\u2019estero e iscritto all\u2019AIRE oppure Questura per i minori residenti in Italia) nella quale dovranno indicare il nome della\/e persona\/e o dell\u2019ente\/compagnia di trasporto cui il minore \u00e8 affidato, chiedendo che la menzione venga apposta sul passaporto del minore o in un\u2019attestazione separata (art. 14, comma 2 della legge 21 novembre 1967, n. 1185).<\/p>\n<p>Oltre alla dichiarazione di accompagnamento, il minore dovr\u00e0 essere in possesso di un passaporto in corso di validit\u00e0.<\/p>\n<p>&nbsp;<\/p>\n<p><strong>COME EFFETTUARE LA RICHIESTA DELLA DICHIARAZIONE DI ACCOMPAGNAMENTO<\/strong><\/p>\n<p>Per la richiesta della dichiarazione di accompagnamento devono essere presentati i seguenti documenti:<\/p>\n<ul>\n<li><a href=\"https:\/\/ambtelaviv.esteri.it\/wp-content\/uploads\/2023\/10\/dichiarazione_accompagnamento-rev.pdf\">Modulo di dichiarazione accompagnamento<\/a> compilato e firmato;\n<ul>\n<li><strong>Nota Bene<\/strong>: Se uno dei due genitori non \u00e8 cittadino dell\u2019Unione Europea la sua firma sul modulo deve essere fatta autenticare presso questo Consolato.<\/li>\n<\/ul>\n<\/li>\n<li>Copia del documento d\u2019identit\u00e0 in corso di validit\u00e0 che il minore utilizzer\u00e0 per il viaggio (passaporto o carta di identit\u00e0);<\/li>\n<li>Copia dei documenti d\u2019identit\u00e0 dei genitori (o degli esercenti la responsabilit\u00e0 genitoriale o tutoria);<\/li>\n<li>Copia del documento d\u2019identit\u00e0 dell\u2019accompagnatore (Si possono indicare fino ad un massimo di due accompagnatori alternativi fra loro).<\/li>\n<\/ul>\n<p>La richiesta della dichiarazione deve essere presentata, allegando la documentazione sopra indicata per email all\u2019indirizzo\u00a0<a href=\"mailto:passaporti.parigi@esteri.it\">telaviv.sportello@esteri.it<\/a>;<\/p>\n<p>Sar\u00e0 premura di questo Consolato concordare un appuntamento per l\u2019autentica della firma del genitore straniero e il ritiro del documento.<\/p>\n<p><strong>IMPORTANTE<\/strong><\/p>\n<p>Nel caso in cui uno dei genitori non sia cittadino dell\u2019UE, la sua firma sul formulario di richiesta dovr\u00e0 essere fatta autenticare presso l\u2019Ufficio Passaporti del Consolato.<\/p>\n<p>La dichiarazione di accompagnamento \u00e8\u00a0<strong>gratuita<\/strong>\u00a0ed \u00e8 di norma\u00a0<strong>valida per un solo viaggio<\/strong>\u00a0(da intendersi come viaggio di \u201candata e ritorno\u201d) fuori dal Paese di residenza del minore e con una destinazione programmata. Si consiglia comunque di inserire nella dichiarazione un periodo pi\u00f9 ampio della stretta durata del viaggio, in modo da non dover richiedere una nuova attestazione in caso di spostamenti\/cancellazioni dei voli\/treni.<\/p>\n<p>Il termine massimo di validit\u00e0 della dichiarazione, entro cui devono essere comprese la data di partenza e di rientro, \u00e8 di\u00a0<strong>6 mesi<\/strong>. La validit\u00e0 non pu\u00f2 comunque superare la data di scadenza del passaporto del minore.<\/p>\n<p>Nel caso di viaggi che prevedono l\u2019attraversamento di diversi Stati, spetta ai genitori (o a chi ne fa le veci) indicare \u2013 ove necessario in considerazione delle modalit\u00e0 del viaggio stesso \u2013 eventuali Paesi di transito, oltre al Paese di destinazione finale.<\/p>\n<p>Nel caso di affidamento ad un ente o compagnia di trasporto \u00e8 rilasciata unicamente l\u2019attestazione (e non la menzione sul passaporto). Si suggerisce \u2013 prima di acquistare il biglietto della compagnia di trasporto \u2013 di verificare che il vettore accetti che il minore sia ad esso affidato.<\/p>\n<p><strong>IMPORTANTE<\/strong><\/p>\n<p>Si raccomanda di presentare la richiesta con congruo anticipo rispetto alla data di partenza del minore.<\/p>\n<p>&nbsp;<\/p>\n","protected":false},"excerpt":{"rendered":"Nel caso in cui un minore italiano che non ha compiuto quattordici anni viaggi fuori dal Paese di residenza non accompagnato da almeno uno dei genitori (o da chi ne fa le veci) \u00e8 necessario richiedere una menzione sul passaporto italiano o una dichiarazione di accompagnamento. I genitori \u2013 o gli esercenti la responsabilit\u00e0 genitoriale [&hellip;]","protected":false},"author":9,"featured_media":0,"parent":49,"menu_order":3,"comment_status":"closed","ping_status":"closed","template":"","meta":{"footnotes":""},"class_list":["post-2716","page","type-page","status-publish","hentry"],"_links":{"self":[{"href":"https:\/\/ambtelaviv.esteri.it\/it\/wp-json\/wp\/v2\/pages\/2716","targetHints":{"allow":["GET"]}}],"collection":[{"href":"https:\/\/ambtelaviv.esteri.it\/it\/wp-json\/wp\/v2\/pages"}],"about":[{"href":"https:\/\/ambtelaviv.esteri.it\/it\/wp-json\/wp\/v2\/types\/page"}],"author":[{"embeddable":true,"href":"https:\/\/ambtelaviv.esteri.it\/it\/wp-json\/wp\/v2\/users\/9"}],"replies":[{"embeddable":true,"href":"https:\/\/ambtelaviv.esteri.it\/it\/wp-json\/wp\/v2\/comments?post=2716"}],"version-history":[{"count":3,"href":"https:\/\/ambtelaviv.esteri.it\/it\/wp-json\/wp\/v2\/pages\/2716\/revisions"}],"predecessor-version":[{"id":2720,"href":"https:\/\/ambtelaviv.esteri.it\/it\/wp-json\/wp\/v2\/pages\/2716\/revisions\/2720"}],"up":[{"embeddable":true,"href":"https:\/\/ambtelaviv.esteri.it\/it\/wp-json\/wp\/v2\/pages\/49"}],"wp:attachment":[{"href":"https:\/\/ambtelaviv.esteri.it\/it\/wp-json\/wp\/v2\/media?parent=2716"}],"curies":[{"name":"wp","href":"https:\/\/api.w.org\/{rel}","templated":true}]}}