{"id":2764,"date":"2023-10-18T18:22:23","date_gmt":"2023-10-18T15:22:23","guid":{"rendered":"https:\/\/ambtelaviv.esteri.it\/?page_id=2764"},"modified":"2023-11-01T18:35:28","modified_gmt":"2023-11-01T15:35:28","slug":"viaggiare-con-animali","status":"publish","type":"page","link":"https:\/\/ambtelaviv.esteri.it\/it\/servizi-consolari-e-visti\/servizi-per-il-cittadino-italiano\/viaggiare-con-animali\/","title":{"rendered":"Viaggiare con animali"},"content":{"rendered":"<p>Come chiarito dal Ministero della Salute, per viaggiare con un animale da compagnia in Italia \u00e8 essenziale che lo stesso:<\/p>\n<ul>\n<li>sia dotato di microchip;<\/li>\n<li>sia stato sottoposto al vaccino per la rabbia;<\/li>\n<li>sia stata effettuata la titolazione anticorpale (analisi del sangue).<\/li>\n<\/ul>\n<p>Si segnala che il vaccino contro la rabbia copre l\u2019animale per un periodo di validit\u00e0 da 1 a 3 anni e il viaggio deve avvenire durante il periodo di copertura del vaccino. La durata del vaccino \u00e8 attestata dal veterinario che ha effettuato la vaccinazione. Inoltre, si precisa che la titolazione anticorpale deve essere effettuata almeno 30 giorni dopo la vaccinazione per la rabbia mentre la partenza dell\u2019animale non pu\u00f2 avvenire prima di tre mesi dal prelievo.<\/p>\n<p>Considerata la situazione emergenziale il Ministero della Salute ha previsto la possibilit\u00e0 di autorizzare, caso per caso, l\u2019introduzione di animali non in possesso di titolazione (\u00e8 necessario, per\u00f2, che siano dotati microchip e che sia stato effettuato il vaccino per la rabbia). In questo caso \u00e8 necessario mettersi in contatto con il Ministero della Sanit\u00e0 a cui andranno trasmessi:<\/p>\n<ul>\n<li>documentazione relativa al microchip;<\/li>\n<li>prova del vaccino per la rabbia e documentazione veterinaria che attesti la tipologia di vaccino somministrato e il periodo di validit\u00e0;<\/li>\n<li>documento di identit\u00e0 dell\u2019accompagnatore;<\/li>\n<li>indirizzo di residenza\/domicilio in Italia dove l\u2019animale svolger\u00e0 una quarantena di tre mesi (l\u2019indirizzo verr\u00e0 comunicato all\u2019Unit\u00e0 Sanitaria Locale per i dovuti controlli).<\/li>\n<\/ul>\n<p>&nbsp;<\/p>\n<p>Ulteriori informazioni sono reperibili sul sito del <a href=\"https:\/\/www.salute.gov.it\/portale\/caniGatti\/dettaglioContenutiCaniGatti.jsp?lingua=italiano&amp;id=4278&amp;area=cani&amp;menu=viaggiare\">Ministero della Salute<\/a> oppure possono essere chieste all&#8217;Ufficio 8 &#8211; Coordinamento tecnico degli Uffici Veterinari Periferici (UVAC e UVAC-PIF) &#8211; \u00a0Importazione da Paesi extra UE e introduzione da Stati membri dell\u2019UE di animali vivi (<a href=\"https:\/\/www.salute.gov.it\/portale\/temi\/p2_6.jsp?id=2150&amp;area=sanitaAnimale&amp;menu=vuoto\">Contatti (salute.gov.it)<\/a>).<\/p>\n","protected":false},"excerpt":{"rendered":"Come chiarito dal Ministero della Salute, per viaggiare con un animale da compagnia in Italia \u00e8 essenziale che lo stesso: sia dotato di microchip; sia stato sottoposto al vaccino per la rabbia; sia stata effettuata la titolazione anticorpale (analisi del sangue). Si segnala che il vaccino contro la rabbia copre l\u2019animale per un periodo di [&hellip;]","protected":false},"author":9,"featured_media":0,"parent":47,"menu_order":6,"comment_status":"closed","ping_status":"closed","template":"","meta":{"footnotes":""},"class_list":["post-2764","page","type-page","status-publish","hentry"],"_links":{"self":[{"href":"https:\/\/ambtelaviv.esteri.it\/it\/wp-json\/wp\/v2\/pages\/2764","targetHints":{"allow":["GET"]}}],"collection":[{"href":"https:\/\/ambtelaviv.esteri.it\/it\/wp-json\/wp\/v2\/pages"}],"about":[{"href":"https:\/\/ambtelaviv.esteri.it\/it\/wp-json\/wp\/v2\/types\/page"}],"author":[{"embeddable":true,"href":"https:\/\/ambtelaviv.esteri.it\/it\/wp-json\/wp\/v2\/users\/9"}],"replies":[{"embeddable":true,"href":"https:\/\/ambtelaviv.esteri.it\/it\/wp-json\/wp\/v2\/comments?post=2764"}],"version-history":[{"count":5,"href":"https:\/\/ambtelaviv.esteri.it\/it\/wp-json\/wp\/v2\/pages\/2764\/revisions"}],"predecessor-version":[{"id":2785,"href":"https:\/\/ambtelaviv.esteri.it\/it\/wp-json\/wp\/v2\/pages\/2764\/revisions\/2785"}],"up":[{"embeddable":true,"href":"https:\/\/ambtelaviv.esteri.it\/it\/wp-json\/wp\/v2\/pages\/47"}],"wp:attachment":[{"href":"https:\/\/ambtelaviv.esteri.it\/it\/wp-json\/wp\/v2\/media?parent=2764"}],"curies":[{"name":"wp","href":"https:\/\/api.w.org\/{rel}","templated":true}]}}