{"id":3428,"date":"2024-05-03T09:40:23","date_gmt":"2024-05-03T06:40:23","guid":{"rendered":"https:\/\/ambtelaviv.esteri.it\/?page_id=3428"},"modified":"2026-03-23T16:45:18","modified_gmt":"2026-03-23T13:45:18","slug":"cancelleria-consolare-modalita-di-accesso","status":"publish","type":"page","link":"https:\/\/ambtelaviv.esteri.it\/it\/chi-siamo\/gli-uffici\/cancelleria-consolare-modalita-di-accesso\/","title":{"rendered":"Cancelleria Consolare &#8211; Modalit\u00e0 di accesso"},"content":{"rendered":"<p><strong>ORARI DI APERTURA AL PUBBLICO<\/strong><\/p>\n<blockquote><p>INFORMAZIONI IMPORTANTI RELATIVE ALL&#8217;EMERGENZA IN CORSO<\/p>\n<p>&nbsp;<\/p><\/blockquote>\n<p>L\u2019apertura al pubblico \u00e8 limitata ai soli appuntamenti confermati e ai casi di emergenza comprovata.<br \/>\nI giorni di apertura della Cancelleria Consolare sono:<\/p>\n<p><span style=\"text-decoration: underline;\">Ufficio Passaporti\/Anagrafe\/Stato Civile<\/span><\/p>\n<table>\n<tbody>\n<tr>\n<td width=\"113\">Luned\u00ec<\/td>\n<td width=\"198\">09:00-12:00<\/td>\n<\/tr>\n<tr>\n<td width=\"113\">Marted\u00ec<\/td>\n<td width=\"198\">09:00-12:00 e 14:00-15:30<\/td>\n<\/tr>\n<tr>\n<td width=\"113\">Mercoled\u00ec<\/td>\n<td width=\"198\">09:00-12:00<\/td>\n<\/tr>\n<tr>\n<td width=\"113\">Gioved\u00ec<\/td>\n<td width=\"198\">09:00-12:00 e 14:00-15:30<\/td>\n<\/tr>\n<tr>\n<td width=\"113\">Venerd\u00ec<\/td>\n<td width=\"198\">09:00-12:00<\/td>\n<\/tr>\n<\/tbody>\n<\/table>\n<p><span style=\"text-decoration: underline;\">Ufficio Visti<\/span><\/p>\n<table>\n<tbody>\n<tr>\n<td width=\"113\">Luned\u00ec<\/td>\n<td width=\"198\">09:00-16:00<\/td>\n<\/tr>\n<tr>\n<td width=\"113\">Marted\u00ec<\/td>\n<td width=\"198\">09:00-16:00<\/td>\n<\/tr>\n<tr>\n<td width=\"113\">Mercoled\u00ec<\/td>\n<td width=\"198\">09:00-16:00<\/td>\n<\/tr>\n<tr>\n<td width=\"113\">Gioved\u00ec<\/td>\n<td width=\"198\">09:00-16:00<\/td>\n<\/tr>\n<tr>\n<td width=\"113\">Venerd\u00ec<\/td>\n<td width=\"198\">09:00-12:00 (ritiro visti)<\/td>\n<\/tr>\n<\/tbody>\n<\/table>\n<p>&nbsp;<\/p>\n<p><strong><u> \u00a0 \u00a0 \u00a0 \u00a0 \u00a0 \u00a0 \u00a0 \u00a0 \u00a0 \u00a0 \u00a0 \u00a0 \u00a0 \u00a0 \u00a0 \u00a0 \u00a0 \u00a0 \u00a0 \u00a0 \u00a0 \u00a0 \u00a0 \u00a0 \u00a0 \u00a0 \u00a0 \u00a0 \u00a0 \u00a0 \u00a0 \u00a0 \u00a0 \u00a0 \u00a0 \u00a0 \u00a0 \u00a0 \u00a0<\/u><\/strong><\/p>\n<p>&nbsp;<\/p>\n<p><strong>MODALITA\u2019 DI ACCESSO ALLA CANCELLERIA CONSOLARE<\/strong><\/p>\n<p>Per ragioni di sicurezza, allo scopo di tutelare in primo luogo l\u2019utenza, nonch\u00e9 di tutto il personale qui in servizio, si informa il pubblico che:<\/p>\n<ul>\n<li>Saranno approfonditi i controlli all\u2019ingresso;<\/li>\n<li>Saranno ammessi all\u2019interno della Cancelleria Consolare solo coloro che necessitano personalmente dell\u2019erogazione del servizio consolare. Non saranno ammessi nell\u2019edificio parenti, amici o altri accompagnatori. Si far\u00e0 eccezione solo in caso di genitori di un minore e di accompagnatori di persone diversamente abili.\u00a0 Situazioni di comprovata necessit\u00e0 saranno valutate singolarmente a cura del personale addetto alla sicurezza.<\/li>\n<li>Si raccomanda di portare con s\u00e9 e mostrare all\u2019ingresso la conferma del proprio appuntamento.<\/li>\n<\/ul>\n<p>Nel ribadire che le misure su elencate hanno lo scopo di assicurare un miglior servizio e una maggiore sicurezza per l\u2019utenza, ci scusiamo per gli eventuali disagi e ringraziamo per la collaborazione.<\/p>\n<p>Si rende noto che l\u2019accesso in Cancelleria Consolare \u00e8 consentito a seconda della capienza delle sale d\u2019attesa e di disponibilit\u00e0 dei posti a sedere.<br \/>\nLa discrezionalit\u00e0 sull\u2019affluenza \u00e8 demandata al personale di Sorveglianza che provveder\u00e0 ai controlli di sicurezza.<\/p>\n<p>&nbsp;<\/p>\n<p><strong><u>\u00a0 \u00a0 \u00a0 \u00a0 \u00a0 \u00a0 \u00a0 \u00a0 \u00a0 \u00a0 \u00a0 \u00a0 \u00a0 \u00a0 \u00a0 \u00a0 \u00a0 \u00a0 \u00a0 \u00a0 \u00a0 \u00a0 \u00a0 \u00a0 \u00a0 \u00a0 \u00a0 \u00a0 \u00a0 \u00a0 \u00a0 \u00a0 \u00a0 \u00a0 \u00a0 \u00a0 \u00a0 \u00a0 \u00a0\u00a0<\/u><\/strong><\/p>\n<p>&nbsp;<\/p>\n<p><strong>OGGETTI NON CONSENTITI:<\/strong><\/p>\n<ul>\n<li><em>Valigie di grandi dimensioni;<\/em><\/li>\n<li><em>Armi di ogni genere;<\/em><\/li>\n<li><em>Lame da rasoio, taglierini, coltelli, forbici, attrezzature per arti marziali, spade e sciabole;<\/em><\/li>\n<li><em>Dispositivi per stordire o immobilizzare (tazer);<\/em><\/li>\n<li><em>Sostanze chimiche, gas, spray irritanti al peperoncino, gas lacrimogeni, acidi e repellenti per animali;<\/em><\/li>\n<li><em>Oggetti dotati di una punta acuminata o di un\u2019estremit\u00e0 affilata;<\/em><\/li>\n<li><em>Utensili da lavoro;<\/em><\/li>\n<li><em>Recipienti sotto pressione;<\/em><\/li>\n<li><em>Fuochi d\u2019artificio e altri articoli pirotecnici;<\/em><\/li>\n<li><em>Profumi, deodoranti e schiume da barba;<\/em><\/li>\n<li><em>Spray di ogni genere, infiammabili e non;<\/em><\/li>\n<li><em>Cibi e bevande di ogni genere (anche bottiglie d\u2019acqua sigillate o non);<\/em><\/li>\n<li><em>Attrezzature sportive;<\/em><\/li>\n<li><em>Puntatori laser;<\/em><\/li>\n<li><em>Caschi ed elmetti;<\/em><\/li>\n<li><em>Treppiedi fotografici;<\/em><\/li>\n<li><em>Biciclette di ogni genere, monopattini elettrici e non, segway e monoruota;<\/em><\/li>\n<li><em>Batterie di grandi dimensioni, incluse quelle di biciclette e monopattini;<\/em><\/li>\n<li><em>Pacchi o pacchetti chiusi o sigillati verranno aperti per ispezione.<\/em><\/li>\n<\/ul>\n<p>&nbsp;<\/p>\n<p><img decoding=\"async\" src=\"https:\/\/ambtelaviv.esteri.it\/wp-content\/uploads\/2024\/05\/oggetti-vietati.jpg\" \/><\/p>\n","protected":false},"excerpt":{"rendered":"ORARI DI APERTURA AL PUBBLICO INFORMAZIONI IMPORTANTI RELATIVE ALL&#8217;EMERGENZA IN CORSO &nbsp; L\u2019apertura al pubblico \u00e8 limitata ai soli appuntamenti confermati e ai casi di emergenza comprovata. I giorni di apertura della Cancelleria Consolare sono: Ufficio Passaporti\/Anagrafe\/Stato Civile Luned\u00ec 09:00-12:00 Marted\u00ec 09:00-12:00 e 14:00-15:30 Mercoled\u00ec 09:00-12:00 Gioved\u00ec 09:00-12:00 e 14:00-15:30 Venerd\u00ec 09:00-12:00 Ufficio Visti Luned\u00ec [&hellip;]","protected":false},"author":9,"featured_media":0,"parent":40,"menu_order":1,"comment_status":"closed","ping_status":"closed","template":"","meta":{"footnotes":""},"class_list":["post-3428","page","type-page","status-publish","hentry"],"_links":{"self":[{"href":"https:\/\/ambtelaviv.esteri.it\/it\/wp-json\/wp\/v2\/pages\/3428","targetHints":{"allow":["GET"]}}],"collection":[{"href":"https:\/\/ambtelaviv.esteri.it\/it\/wp-json\/wp\/v2\/pages"}],"about":[{"href":"https:\/\/ambtelaviv.esteri.it\/it\/wp-json\/wp\/v2\/types\/page"}],"author":[{"embeddable":true,"href":"https:\/\/ambtelaviv.esteri.it\/it\/wp-json\/wp\/v2\/users\/9"}],"replies":[{"embeddable":true,"href":"https:\/\/ambtelaviv.esteri.it\/it\/wp-json\/wp\/v2\/comments?post=3428"}],"version-history":[{"count":4,"href":"https:\/\/ambtelaviv.esteri.it\/it\/wp-json\/wp\/v2\/pages\/3428\/revisions"}],"predecessor-version":[{"id":7177,"href":"https:\/\/ambtelaviv.esteri.it\/it\/wp-json\/wp\/v2\/pages\/3428\/revisions\/7177"}],"up":[{"embeddable":true,"href":"https:\/\/ambtelaviv.esteri.it\/it\/wp-json\/wp\/v2\/pages\/40"}],"wp:attachment":[{"href":"https:\/\/ambtelaviv.esteri.it\/it\/wp-json\/wp\/v2\/media?parent=3428"}],"curies":[{"name":"wp","href":"https:\/\/api.w.org\/{rel}","templated":true}]}}