{"id":3645,"date":"2024-06-10T15:45:51","date_gmt":"2024-06-10T12:45:51","guid":{"rendered":"https:\/\/ambtelaviv.esteri.it\/?page_id=3645"},"modified":"2024-06-13T14:54:09","modified_gmt":"2024-06-13T11:54:09","slug":"modalita-di-verifica-di-accertamento-di-esistenza-in-vita","status":"publish","type":"page","link":"https:\/\/ambtelaviv.esteri.it\/it\/servizi-consolari-e-visti\/servizi-per-il-cittadino-italiano\/pensioni-e-sicurezza-sociale\/modalita-di-verifica-di-accertamento-di-esistenza-in-vita\/","title":{"rendered":"Certificazione di esistenza in vita &#8211; Modalit\u00e0 di verifica"},"content":{"rendered":"<p>Ogni sei mesi questa Ambasciata \u00e8 chiamata ad accertare l\u2019esistenza in vita dei beneficiari di pensioni e assegni vitalizi erogati dal <em>Dipartimento dell\u2019Amministrazione Generale, del Personale e dei Servizi<\/em> del Ministero dell&#8217;Economia e delle Finanze (MEF). Ogni giugno e dicembre, i pensionati beneficiari di pensioni di guerra o assegni vitalizi di benemerenza riceveranno via posta elettronica i moduli per le attestazioni dell\u2019esistenza in vita. I moduli sono precompilati con i dati anagrafici e le partite pensionistiche dei beneficiari e devono essere restituiti <b><u>entro il mese di luglio e gennaio.<\/u><\/b><\/p>\n<p>Si segnala che non si accetteranno moduli vecchi o diversi da quelli inoltrati a mezzo posta elettronica.<\/p>\n<p>&nbsp;<\/p>\n<p><strong>MODALIT\u00c0 DI PRODUZIONE DELLA PROVA DELL\u2019ESISTENZA IN VITA<\/strong><\/p>\n<p>I pensionati dovranno far pervenire il modulo di attestazione dell\u2019esistenza in vita,\u00a0<strong>correttamente compilato, datato, firmato e\u00a0<u>corredato dalla copia di un documento di identit\u00e0 con foto e in corso di validit\u00e0<\/u>, tramite consegna a mano, per posta, fax o email<\/strong>.<\/p>\n<p>Il modulo dovr\u00e0 essere restituito controfirmato e timbrato da un \u201ctestimone accettabile, ovvero:<\/p>\n<p>\u2013 un rappresentante della Cancelleria Consolare dell\u2019Ambasciata di Tel Aviv (in caso di consegna di persona);<\/p>\n<p>\u2013 un Console Onorario (contatti disponibili <a href=\"https:\/\/ambtelaviv.esteri.it\/it\/chi-siamo\/la-rete-consolare\/\">qui<\/a>);<\/p>\n<p>\u2013 un\u2019Autorit\u00e0 locale israeliana abilitata ad avallare la sottoscrizione dell\u2019attestazione di esistenza in vita (per Israele: notaio, giudice, avvocato, funzionario comunale\/statale abilitato a dichiarare l\u2019esistenza in vita di una persona).<\/p>\n<p>In caso di comprovata impossibilit\u00e0 a recarsi in Ambasciata, da un Console Onorario o un\u2019Autorit\u00e0 locale, si potr\u00e0 procedere tramite\u00a0<strong>videochiamata con un addetto del Consolato.\u00a0<\/strong>Quest\u2019Ambasciata, infatti, offre ai pensionati impossibilitati a recarsi presso un testimone accettabile la possibilit\u00e0 di effettuare il processo di verifica dell\u2019esistenza in vita anche da remoto nel seguente modo:<\/p>\n<ul>\n<li>il pensionato che riceve il modulo standard di attestazione dell\u2019esistenza in vita, dovr\u00e0 compilarlo aggiungendo, oltre alla propria firma autografa e alla data di sottoscrizione, anche il proprio recapito telefonico e, se in possesso, l\u2019indirizzo e-mail nonch\u00e9 la dichiarazione che intende effettuare una videochiamata;<\/li>\n<li>a seguito dell\u2019inoltro, da parte del pensionato, di una copia\u00a0<strong>digitale\u00a0<\/strong>del suddetto modulo all\u2019indirizzo\u00a0<a href=\"mailto:consolato.telaviv@esteri.it\">consolato.telaviv@esteri.it<\/a> o via fax al 03-5161792, con copia di un documento di identit\u00e0, il pensionato che intende fare una videochiamata Whatsapp, <strong>dopo aver mandato il modulo compilato e firmato via mail<\/strong>, ricever\u00e0 il numero telefonico da videochiamare per terminare la certificazione dell\u2019esistenza in vita<strong> (il servizio sar\u00e0 attivo dal luned\u00ec al gioved\u00ec 09.30-11.30 e il venerd\u00ec dalle 10.00 alle 12.00);<\/strong><\/li>\n<li>l\u2019ufficio consolare accerta per diretta visione l\u2019esistenza in vita del pensionato ed esegue il controllo dell\u2019identit\u00e0 del soggetto,\u00a0<strong>verificando i dati annotati in un valido documento d\u2019identit\u00e0 in originale che il pensionato sar\u00e0 tenuto ad esibire<\/strong>;<\/li>\n<\/ul>\n<p><strong><u>Si ricorda che la firma deve essere apposta dal pensionato e deve corrispondere a quella presente sul documento di identit\u00e0.<\/u><\/strong><\/p>\n<p>&nbsp;<\/p>\n<p><strong>Procedure <span style=\"text-decoration: underline;\">alternative ed eccezionali<\/span> di attestazione dell\u2019esistenza in vita<\/strong><\/p>\n<p>Nel caso in cui il pensionato si trovi in stato di infermit\u00e0 fisica o mentale, o si tratti di pensionati che risiedono in istituti di riposo o sanitari, pubblici o privati, o di pensionati affetti da patologie che ne impediscano gli spostamenti o di soggetti incapaci o reclusi in istituti di detenzione, \u00e8 necessario contattare l\u2019Ambasciata, anche per il tramite della rete consolare o del\u00a0<a href=\"https:\/\/ambtelaviv.esteri.it\/it\/news\/dall_ambasciata\/2024\/06\/pagamento-pensioni-mef-avvio-della-campagna-di-verifica-di-accertamento-di-esistenza-in-vita-giugno-2024\/comites.telaviv.pensioni@gmail.com\">COMITES,<\/a>\u00a0che render\u00e0 disponibile <span style=\"text-decoration: underline;\">il modulo alternativo<\/span> di certificazione di esistenza in vita.<\/p>\n<p>Il modulo dovr\u00e0 essere compilato e sottoscritto da:<\/p>\n<div class=\"responsive\">\n<table class=\"table table-bordered table-sm export-table\" width=\"0\">\n<tbody>\n<tr class=\"thead-light\">\n<td><strong>Soggetto attestante<\/strong><\/td>\n<td width=\"405\"><strong>Documentazione supplementare da allegare al modulo<\/strong><\/td>\n<\/tr>\n<tr>\n<td>Un funzionario dell\u2019ente pubblico o privato in cui risiede il pensionato<\/td>\n<td width=\"405\">Una dichiarazione recente su carta intestata dell\u2019ente che conferma, sotto la propria responsabilit\u00e0, che il pensionato risieda nell\u2019istituzione e sia in vita.<\/p>\n<p>&nbsp;<\/td>\n<\/tr>\n<tr>\n<td>Il medico responsabile delle cure del Pensionato<\/p>\n<p>&nbsp;<\/td>\n<td width=\"405\">Una dichiarazione recente su carta\u00a0intestata del medico che conferma,\u00a0sotto la propria responsabilit\u00e0, che il\u00a0pensionato sia in vita e\u00a0impossibilitato a seguire la procedura\u00a0standard.<\/td>\n<\/tr>\n<tr>\n<td>Il procuratore o il tutore legale del\u00a0Pensionato<\/td>\n<td width=\"405\">Una copia autenticata dell\u2019atto di\u00a0conferimento della tutela o della\u00a0procura, di data recente,\u00a0debitamente timbrata, o la sentenza\u00a0di nomina del tribunale<\/td>\n<\/tr>\n<\/tbody>\n<\/table>\n<\/div>\n<p><a href=\"https:\/\/ambtelaviv.esteri.it\/wp-content\/uploads\/2024\/06\/nuovo-modulo-esistenza-in-vita.pdf\">Modulistica<\/a><\/p>\n<p><strong>Si ricorda che la non presentazione della certificazione di esistenza in vita comporter\u00e0 l\u2019interruzione dell\u2019erogazione della pensione o dell\u2019assegno vitalizio.<\/strong><\/p>\n<p>Infine, si segnala che, nel periodo della campagna di esistenza in vita, lo sportello consolare dell\u2019Ambasciata d\u2019Italia a Tel Aviv \u00e8 aperto il marted\u00ec e il gioved\u00ec senza appuntamento, ai soli fini dell\u2019ottenimento del Certificato di Esistenza in Vita, dalle 10.00 alle 12.00 e dalle 14.00 alle 15.00.<\/p>\n","protected":false},"excerpt":{"rendered":"Ogni sei mesi questa Ambasciata \u00e8 chiamata ad accertare l\u2019esistenza in vita dei beneficiari di pensioni e assegni vitalizi erogati dal Dipartimento dell\u2019Amministrazione Generale, del Personale e dei Servizi del Ministero dell&#8217;Economia e delle Finanze (MEF). Ogni giugno e dicembre, i pensionati beneficiari di pensioni di guerra o assegni vitalizi di benemerenza riceveranno via posta [&hellip;]","protected":false},"author":8,"featured_media":0,"parent":72,"menu_order":1,"comment_status":"closed","ping_status":"closed","template":"","meta":{"footnotes":""},"class_list":["post-3645","page","type-page","status-publish","hentry"],"_links":{"self":[{"href":"https:\/\/ambtelaviv.esteri.it\/it\/wp-json\/wp\/v2\/pages\/3645","targetHints":{"allow":["GET"]}}],"collection":[{"href":"https:\/\/ambtelaviv.esteri.it\/it\/wp-json\/wp\/v2\/pages"}],"about":[{"href":"https:\/\/ambtelaviv.esteri.it\/it\/wp-json\/wp\/v2\/types\/page"}],"author":[{"embeddable":true,"href":"https:\/\/ambtelaviv.esteri.it\/it\/wp-json\/wp\/v2\/users\/8"}],"replies":[{"embeddable":true,"href":"https:\/\/ambtelaviv.esteri.it\/it\/wp-json\/wp\/v2\/comments?post=3645"}],"version-history":[{"count":6,"href":"https:\/\/ambtelaviv.esteri.it\/it\/wp-json\/wp\/v2\/pages\/3645\/revisions"}],"predecessor-version":[{"id":3688,"href":"https:\/\/ambtelaviv.esteri.it\/it\/wp-json\/wp\/v2\/pages\/3645\/revisions\/3688"}],"up":[{"embeddable":true,"href":"https:\/\/ambtelaviv.esteri.it\/it\/wp-json\/wp\/v2\/pages\/72"}],"wp:attachment":[{"href":"https:\/\/ambtelaviv.esteri.it\/it\/wp-json\/wp\/v2\/media?parent=3645"}],"curies":[{"name":"wp","href":"https:\/\/api.w.org\/{rel}","templated":true}]}}