{"id":3850,"date":"2024-08-06T14:38:32","date_gmt":"2024-08-06T11:38:32","guid":{"rendered":"https:\/\/ambtelaviv.esteri.it\/?page_id=3850"},"modified":"2025-03-17T17:44:44","modified_gmt":"2025-03-17T14:44:44","slug":"cittadinanza-per-matrimonio","status":"publish","type":"page","link":"https:\/\/ambtelaviv.esteri.it\/it\/servizi-consolari-e-visti\/servizi-per-il-cittadino-straniero\/cittadinanza\/cittadinanza-per-matrimonio\/","title":{"rendered":"Cittadinanza per matrimonio"},"content":{"rendered":"<ol>\n<li><a href=\"#Cenni\">Cenni normativi<\/a><\/li>\n<li><a href=\"#Requisiti\">Requisiti<\/a><\/li>\n<li><a href=\"#Documenti\">Documenti<\/a><\/li>\n<li>Procedura\n<ul>\n<li><a href=\"#Fase1\">Fase 1 registrazione e inserimento istanza<\/a><\/li>\n<li><a href=\"#Fase2\">Fase 2 verifica consolare<\/a><\/li>\n<li><a href=\"#Fase3\">Fase 3 valutazione e termini del procedimento<\/a><\/li>\n<li><a href=\"#Fase4\">Fase 4 decreto, notifica e giuramento<\/a><\/li>\n<\/ul>\n<\/li>\n<li><a href=\"#Costi\">Costi<\/a><\/li>\n<li><a href=\"#Contattielinkutili\">Contatti e link utili<\/a><\/li>\n<\/ol>\n<p>_______________________________________________________<\/p>\n<p>&nbsp;<\/p>\n<p>1.Cenni normativi<\/p>\n<p><em>\u00a0<\/em><em>In conformit\u00e0 alla normativa in vigore, che richiede la conoscenza della lingua italiana, le informazioni relative alla cittadinanza per matrimonio vengono fornite in italiano.<\/em><\/p>\n<p><em>Coloro che richiedono la cittadinanza italiana per matrimonio o unione civile devono essere a conoscenza dei doveri nei confronti della Repubblica italiana, primi fra tutti l\u2019adesione ai valori nazionali e l\u2019irreprensibilit\u00e0 della condotta.<\/em><\/p>\n<p>&nbsp;<\/p>\n<p>L\u2019acquisto della cittadinanza italiana da parte del coniuge straniero o apolide che abbia contratto matrimonio con cittadino italiano a partire dal 27 aprile 1983 \u00e8 attualmente regolato dalla Legge 5 febbraio 1992 n. 91 (artt. 5, 6, 7 e 8) e successive modifiche.<\/p>\n<p>Le richieste di cittadinanza italiana possono essere presentate anche da parte del cittadino o della cittadina stranieri che hanno costituito un\u2019unione civile con cittadino\/a italiano\/a trascritta nei registri dello stato civile del Comune italiano (D. Lgs. 5, 6 e 7\/ 2017).<\/p>\n<p>Il coniuge\/parte dell\u2019unione civile straniero pu\u00f2 acquistare la cittadinanza italiana su domanda, in presenza dei requisiti stabiliti dalla normativa vigente, come spiegato nelle sezioni successive.<\/p>\n<p>&nbsp;<\/p>\n<p>Riferimenti normativi:<\/p>\n<ul>\n<li>Legge n. 123\/1983<\/li>\n<li>Legge n. 91\/1992 e DPR n. 572\/1993 e n. 362\/1994<\/li>\n<li>Legge n. 94\/2009<\/li>\n<li>Legge n. 76\/2016 e D.Lgs. n. 5, 6 e 7\/2017<\/li>\n<li>L. n. 113\/2018 e Legge n. 132\/2018<\/li>\n<li><a href=\"https:\/\/www.normattiva.it\/uri-res\/N2Ls?urn:nir:stato:decreto.legge:2020-10-21;130\">L. n. 130\/2020<\/a> e Legge n. 173\/2020<\/li>\n<\/ul>\n<p>&nbsp;<\/p>\n<p>2. Requisiti per la richiesta della cittadinanza<\/p>\n<p>&nbsp;<\/p>\n<ul>\n<li><u>Residenza<\/u> nella circoscrizione consolare:<\/li>\n<\/ul>\n<p>Il richiedente dovr\u00e0 indirizzare la domanda alla Rappresentanza diplomatico-consolare competente per la sua residenza, esclusivamente attraverso l\u2019apposito applicativo informatico (vedi oltre: Punto 4, Procedura, Fase 1 \u2013 Registrazione e inserimento istanza).<\/p>\n<p>Il coniuge\/parte dell\u2019unione civile di nazionalit\u00e0 italiana deve essere residente e regolarmente iscritto all\u2019Anagrafe degli Italiani residenti all\u2019estero (A.I.R.E.) della circoscrizione consolare di competenza e convivente allo stesso indirizzo del richiedente la cittadinanza. In caso contrario, dovr\u00e0 essere fornita da entrambi i coniugi documentazione comprovante la motivazione (es. lavoro, scolarit\u00e0 dei figli, cure mediche o altro), che determina o ha determinato la necessit\u00e0 del domicilio disgiunto.<\/p>\n<p>&nbsp;<\/p>\n<ul>\n<li><u>Termini di presentazione<\/u>:<\/li>\n<\/ul>\n<p>La domanda pu\u00f2 essere presentata tre anni dopo la celebrazione del matrimonio\/unione civile, se il coniuge \u00e8 cittadino italiano <em>iure sanguinis, <\/em>cio\u00e8 dalla nascita. Se il coniuge italiano ha acquisito la cittadinanza successivamente al matrimonio (ad es. per residenza in Italia), i tre anni decorrono dalla data della naturalizzazione del coniuge. I tre anni vengono ridotti a un anno e mezzo in presenza di figli nati o adottati dai coniugi.<\/p>\n<p>&nbsp;<\/p>\n<ul>\n<li><strong><u>Trascrizione e validit\u00e0 del matrimonio\/unione civile<\/u><\/strong>:<\/li>\n<\/ul>\n<p>Se avvenuto all&#8217;estero, deve essere stato precedentemente trascritto presso un Comune in Italia.<\/p>\n<p>Il vincolo di coniugio\/unione civile deve rimanere valido e stabile fino all\u2019adozione del provvedimento di concessione della cittadinanza. Al fine del conferimento della cittadinanza italiana, alla data di adozione del decreto non deve essere intervenuto lo scioglimento del matrimonio\/unione civile per separazione personale o divorzio. Invece, il decesso del coniuge dopo la presentazione della domanda di cittadinanza non comporta la decadenza dal beneficio.<\/p>\n<p>&nbsp;<\/p>\n<ul>\n<li><strong><u>Situazione penale:<\/u><\/strong><\/li>\n<\/ul>\n<p>Assenza di sentenze di condanna da parte delle Autorit\u00e0 giudiziarie italiane per reati per i quali sia prevista una pena superiore a tre anni di reclusione.<\/p>\n<p>Assenza di sentenze di condanna da parte delle Autorit\u00e0 giudiziarie straniere ad una pena superiore ad un anno per reati non politici.<\/p>\n<p>Assenza di condanne per delitti contro la personalit\u00e0 dello Stato e di motivi ostativi per la sicurezza della Repubblica.<\/p>\n<p>&nbsp;<\/p>\n<ul>\n<li><strong><u>Conoscenza della lingua italiana non inferiore a livello B1 del Quadro Comune Europeo di Riferimento (QCER)<\/u><\/strong><\/li>\n<\/ul>\n<p>&nbsp;<\/p>\n<ul>\n<li><strong><u>Pagamento delle tasse e percezioni indicate nelle sezioni Documenti e Costi<\/u><\/strong><\/li>\n<\/ul>\n<p>&nbsp;<\/p>\n<p>&nbsp;<\/p>\n<p>3. Documenti necessari per la richiesta di cittadinanza<\/p>\n<ul>\n<li><strong>Estratto dell\u2019atto di nascita o equivalente<\/strong>, in originale, rilasciato possibilmente da non oltre sei mesi dal Paese in cui si \u00e8 nati, completo di tutte le generalit\u00e0 (incluse paternit\u00e0 e maternit\u00e0 e, se israeliano, con indicazione anche del campo \u201ccognome del padre della madre\u201d), debitamente legalizzato\/apostillato e tradotto in lingua italiana. Se sono stati effettuati cambi di nome e\/o cognome, tale documento deve essere accompagnato dal certificato di cambio del nome (Teuda Hameida\u2019al shinui shem).<\/li>\n<\/ul>\n<p>&nbsp;<\/p>\n<ul>\n<li><strong>Certificati Penali<\/strong> del Paese di origine, degli eventuali Paesi terzi di residenza (a partire dai 14 anni d\u2019et\u00e0) \u2013 tranne l\u2019Italia \u2013 e dei Paesi di cui si possiede la cittadinanza, in originale, rilasciati inderogabilmente da non oltre sei mesi prima della presentazione della domanda, debitamente legalizzati\/apostillati e tradotti in lingua italiana.<\/li>\n<\/ul>\n<p>Il richiedente \u00e8 esonerato dal presentare il certificato penale del Paese di origine solo se lo ha lasciato prima del compimento dei 14 anni e <u>non<\/u> ne ha conservato la cittadinanza.<\/p>\n<p>Il certificato penale israeliano dovr\u00e0 essere chiesto in formato bilingue collegandosi al sito della Polizia Israeliana. Una volta richiesto, il certificato arriva nelle 4 settimane successive e dovr\u00e0 essere ritirato per l\u2019apposizione della Apostille e la sua traduzione in italiano. Ti ricordiamo che se sei nato o hai risieduto in Paesi diversi da Israele, dovrai presentare anche i certificati penali emessi dalle Autorit\u00e0 di questi Paesi.<\/p>\n<ul>\n<li><strong>Ricevuta del versamento del contributo di 250\u20ac<\/strong> a favore del Ministero dell\u2019Interno con le modalit\u00e0 indicate nella sezione \u201cCosti\u201d.<\/li>\n<\/ul>\n<p>&nbsp;<\/p>\n<ul>\n<li><strong>Documento di identit\u00e0<\/strong>: fotocopia del passaporto oppure della carta di identit\u00e0 estera in corso di validit\u00e0 (pagine con i dati personali, fotografia, date di rilascio e scadenza).<\/li>\n<\/ul>\n<p>&nbsp;<\/p>\n<ul>\n<li><strong>Copia dell\u2019atto di matrimonio o estratto per riassunto del registro dei matrimoni<\/strong>, da richiedere al competente Comune italiano in cui l\u2019atto risulta trascritto, rilasciato da non oltre sei mesi.<\/li>\n<\/ul>\n<p><u>NOTA BENE<\/u>: Qualora il richiedente sia un cittadino UE, potr\u00e0 avvalersi dell\u2019autocertificazione ai sensi del DPR 445\/2000.<\/p>\n<p>Per la prova di residenza e convivenza, i residenti in Israele possono chiedere un certificato di residenza e stato di famiglia (in ebraico, \u201cTamzit rishum mal\u00e9\/morhav\u201d) che ha validit\u00e0 massima di 6 mesi dall\u2019emissione. Questo certificato, utilizzato per la sola prova della residenza e la verifica del vincolo di coniugio, non deve essere tradotto e apostillato.<\/p>\n<p>&nbsp;<\/p>\n<ul>\n<li><strong>Certificato di conoscenza della lingua italiana<\/strong> non inferiore al livello B1 del Quadro Comune Europeo di Riferimento (QCER). <u>Le certificazioni ammesse sono esclusivamente le seguenti<\/u>:\n<ul>\n<li>PLIDA della Societ\u00e0 Dante Alighieri<\/li>\n<li>CertIt dell\u2019Universit\u00e0 Roma Tre<\/li>\n<li>CILS dell\u2019Universit\u00e0 per stranieri di Siena<\/li>\n<li>CELI dell\u2019Universit\u00e0 per stranieri di Perugia<\/li>\n<li>Co.L dell\u2019Universit\u00e0 per stranieri di Reggio Calabria<\/li>\n<\/ul>\n<\/li>\n<\/ul>\n<p>Al riguardo, segnaliamo che l\u2019<a href=\"https:\/\/iictelaviv.esteri.it\/iic_telaviv\/it\">Istituto Italiano di Cultura di Tel Aviv<\/a>\u00a0\u00e8 sede di esami sia per l\u2019Universit\u00e0 di Perugia (CELI) che per l\u2019Universit\u00e0 di Siena (CILS) e organizza periodicamente corsi preparatori per sostenere l\u2019esame di livello B1. Per maggiori informazioni \u00e8 possibile scrivere direttamente <a href=\"https:\/\/iictelaviv.esteri.it\/iic_telaviv\/it\">all\u2019Istituto di Cultura<\/a>.<\/p>\n<p>Altre certificazioni non provenienti dai suddetti Enti o da altre istituzioni non sono idonee e non potranno essere accettate.<\/p>\n<p>Non sono, invece, tenuti alla presentazione del titolo di conoscenza della lingua italiana:<\/p>\n<ul>\n<li>Gli stranieri (anche se residenti all\u2019estero) che abbiano sottoscritto l\u2019Accordo di integrazione di cui all\u2019art. 4 bis del D.Lgs. n. 286\/1998 Testo Unico Immigrazione.<\/li>\n<li>I titolari di permesso di soggiorno per soggiornanti di lungo periodo UE (o CE) di cui all\u2019articolo 9 del medesimo Testo Unico (anche se residenti all\u2019estero), solo se rilasciato dalle Autorit\u00e0 italiane. I permessi di soggiorno per motivi familiari o quelli emessi da altri Stati non sono idonei.<\/li>\n<li>Coloro che hanno conseguito un titolo di studio emesso da un istituto di istruzione pubblico o paritario riconosciuto dal Ministero dell\u2019Istruzione, dell\u2019Universit\u00e0 e della Ricerca e\/o dal Ministero degli Affari Esteri e della Cooperazione internazionale.<\/li>\n<\/ul>\n<p>Si ricorda che:<\/p>\n<ul>\n<li>Tutti i documenti rilasciati dalle Autorit\u00e0 israeliane dovranno essere completi di \u201cApostille\u201d (per maggiori informazioni su come ottenere un\u2019Apostille \u00e8 possibile consultare il seguente link <a href=\"https:\/\/www.gov.il\/en\/departments\/ministry_of_foreign_affairs\/govil-landing-page\">https:\/\/www.gov.il\/en\/departments\/ministry_of_foreign_affairs\/govil-landing-page<\/a>) e tradotti da uno dei nostri traduttori di riferimento.<\/li>\n<li>I documenti lasciati da Autorit\u00e0 di Paesi terzi, diversi da Israele, dovranno essere completi di \u201cApostille\u201d o legalizzati dal Consolato italiano territorialmente competente, al quale ti invitiamo a rivolgerti per avere maggiori informazioni, e tradotti in italiano.<\/li>\n<\/ul>\n<p>&nbsp;<\/p>\n<ol start=\"4\">\n<li>Procedura<\/li>\n<\/ol>\n<p><em>FASE 1 \u2013 <\/em>REGISTRAZIONE E <strong>INSERIMENTO ISTANZA<\/strong><\/p>\n<p>Il richiedente residente all\u2019estero dovr\u00e0 effettuare la registrazione sul portale del Ministero dell\u2019Interno (<u>https:\/\/portaleservizi.dlci.interno.it\/AliCittadinanza\/ali\/home.htm<\/u>) senza l\u2019utilizzo di SPID ma con il proprio indirizzo e-mail.<\/p>\n<p>Si precisa che l\u2019indirizzo e-mail dichiarato sul portale in fase di inoltro della domanda online costituisce domicilio eletto (art. 47 c.c.), si rende pertanto necessaria una frequente consultazione della propria casella di posta elettronica in quanto tutte le comunicazioni relative alla domanda di cittadinanza, ivi comprese richieste di integrazione documentale, convocazioni, notifiche di provvedimenti, ecc. avverranno unicamente tramite canale informatico.<\/p>\n<p>Dalla tua \u201cArea personale\u201d inserisci la tua richiesta di riconoscimento della cittadinanza per matrimonio.<\/p>\n<p>Dalla voce \u201cGestione Domanda\u201d compila il modello AE (sezione \u201cDocumenti\u201d) e carica la documentazione opportunamente vidimata dalla Cancelleria Consolare. Per la vidimazione della documentazione, prendi contatto con lo sportello consolare che concorder\u00e0 un appuntamento per l&#8217;apposizione dei timbri di conformit\u00e0 di traduzione.<\/p>\n<p><strong>Il richiedente \u00e8 tenuto a registrare i propri dati con la massima attenzione in quanto questi non potranno essere modificati e, in caso di errore, si dovr\u00e0 procedere ad una nuova registrazione con altro indirizzo e-mail. <\/strong>In particolare, andranno riportate le generalit\u00e0 indicate nell\u2019atto di nascita (incluse eventuali annotazioni) e\/o in atti e documenti formati all\u2019estero dalle competenti autorit\u00e0 straniere (quali atti di matrimonio, documenti d\u2019identit\u00e0, sentenze di cambio nome\/cognome, etc.). <em>In caso di discordanze, il richiedente \u00e8 tenuto a fornire opportuna documentazione giustificativa.<\/em><\/p>\n<p>Nella domanda dovr\u00e0 essere dichiarata l&#8217;eventuale convivenza di figli minori del\/della richiedente, nati da una precedente relazione.<\/p>\n<p>Si dovranno dichiarare tutte le residenze dal quattordicesimo anno e non lasciare periodi di tempo non dichiarati.<\/p>\n<p>Non andranno riportati caratteri o segni speciali (per esempio la cediglia, accenti acuti o gravi all\u2019interno della parola, accenti circonflessi, etc.). Sar\u00e0 possibile inserire solo l\u2019accento sull\u2019ultima lettera utilizzando l\u2019apostrofo, qualora ci sia anche nella lingua di origine.<\/p>\n<p><span style=\"text-decoration: underline;\"><strong>Nota bene:<\/strong><\/span> Prima di caricare la documentazione, verifica con il Consolato che i documenti sopra indicati siano completi, inviando una scansione all\u2019indirizzo telaviv.sportello@esteri.it, specificando nell\u2019oggetto della mail che si tratta di \u201ccittadinanza per matrimonio\u201d. Il nostro personale la esaminer\u00e0 e ti dar\u00e0 un appuntamento per la vidimazione della documentazione. Il giorno dell\u2019appuntamento dovrai presentarti con tutti i documenti sopra menzionati, il tuo passaporto in corso di validit\u00e0 e i contanti per il pagamento della tariffa consolare.<\/p>\n<p>&nbsp;<\/p>\n<p>&nbsp;<\/p>\n<p><em>FASE 2 \u2013 <\/em><strong>VERIFICA CONSOLARE<\/strong><\/p>\n<p>L\u2019Ufficio Consolare sar\u00e0 automaticamente informato della presentazione della domanda e proceder\u00e0 alle necessarie verifiche. Il richiedente ricever\u00e0 quindi, in modalit\u00e0 telematica tramite il portale del Ministero dell\u2019Interno, una comunicazione relativa all\u2019accettazione o al rifiuto della propria pratica.<\/p>\n<p>In caso di rifiuto della domanda, si potr\u00e0 ripresentare la domanda avendo cura di sanare gli errori indicati nel rifiuto stesso e si potranno riutilizzare i pagamenti gi\u00e0 effettuati, se si ripresenta la domanda entro un anno.<\/p>\n<p>In caso di accettazione, il richiedente sar\u00e0 convocato per via telematica presso la Rappresentanza diplomatico-consolare per l\u2019autentica della firma apposta sulla domanda di cittadinanza, per la consegna di tutta la documentazione cartacea in originale, ivi compresa quella gi\u00e0 trasmessa per via telematica tramite il Portale, per la riscossione delle percezioni consolari previste.<\/p>\n<p>Tutta la documentazione di cui sopra sar\u00e0 conservata in originale dalla Rappresentanza diplomatico-consolare, ad eccezione del documento d\u2019identit\u00e0 e del certificato linguistico, per i quali verr\u00e0 effettuata una copia conforme con relativi pagamenti.<\/p>\n<p>&nbsp;<\/p>\n<p><em>FASE 3 \u2013 <\/em><strong>VALUTAZIONE E TERMINI DEL PROCEDIMENTO<\/strong><\/p>\n<p>La valutazione della domanda e la definizione del procedimento sono di esclusiva competenza del Ministero dell\u2019Interno, entro 24 mesi dalla data di presentazione della domanda, prorogabili fino al massimo di 36 mesi. Qualora al termine della valutazione della pratica il procedimento si concluda positivamente, il Ministero dell\u2019Interno invier\u00e0 il decreto di conferimento della cittadinanza italiana alla Rappresentanza diplomatico-consolare competente per residenza dell\u2019interessato\/a.<\/p>\n<p>&nbsp;<\/p>\n<p>&nbsp;<\/p>\n<p><em>FASE 4 \u2013 <\/em><strong>DECRETO, NOTIFICA E GIURAMENTO<\/strong><\/p>\n<p>Il decreto di conferimento della cittadinanza italiana verr\u00e0 notificato \u2013 tramite portale \u2013 con comunicazione indirizzata al richiedente. All\u2019atto della notifica verranno altres\u00ec richiesti documenti volti a verificare la permanenza del vincolo coniugale, con data successiva al decreto, quali, ad esempio (elenco non esaustivo):<\/p>\n<ul>\n<li>Atto integrale di matrimonio rilasciato dal competente Comune italiano (non l\u2019estratto) e corrispondente atto estero nonch\u00e9 Estratto anagrafico \u201cTamzit rishum mal\u00e9\/murhav\u201d debitamente apostillato e tradotto in lingua italiana;<\/li>\n<li>Certificato penale del Paese di attuale residenza, debitamente legalizzato e tradotto (vedi sezione \u201cDocumenti\u201d).<\/li>\n<\/ul>\n<p>Alla data di adozione del decreto, quindi, non deve essere intervenuto lo scioglimento del matrimonio o dell\u2019unione civile n\u00e9 la separazione personale (sentenza di separazione). Invece, il decesso del coniuge avvenuto dopo la presentazione della domanda di cittadinanza non comporta la decadenza del beneficio.<\/p>\n<p>Entro e non oltre sei mesi dalla notifica, l\u2019interessato verr\u00e0 convocato presso gli uffici consolari, per prestare giuramento di fedelt\u00e0 alla Repubblica e alle sue leggi. Il termine di sei mesi \u00e8 tassativo, decorso il quale si perder\u00e0 il diritto al conseguimento della cittadinanza.<\/p>\n<p>\u00c8 previsto il pagamento della percezione consolare ex art. 8 della Tariffa Consolare che verr\u00e0 applicata sul Verbale di giuramento.<\/p>\n<p>L\u2019atto integrale di matrimonio va richiesto al Comune italiano nei cui registri l\u2019atto risulta trascritto; il certificato penale si richiede alle Autorit\u00e0 competenti nel paese di residenza e dovr\u00e0 essere in regola con le disposizioni in materia di legalizzazione\/apostille e traduzione, come spiegato nella sezione \u201cDocumenti\u201d.<\/p>\n<p>La persona interessata prester\u00e0 giuramento di fedelt\u00e0 alla Repubblica italiana pronunciando le seguenti parole:<\/p>\n<p><em>\u201cGIURO DI ESSERE FEDELE ALLA REPUBBLICA E DI OSSERVARE LA <\/em><a href=\"https:\/\/www.cortecostituzionale.it\/documenti\/download\/pdf\/Costituzione_della_Repubblica_italiana.pdf\"><em>COSTITUZIONE<\/em><\/a><em> E LE LEGGI DELLO STATO\u201d<\/em><\/p>\n<p>L\u2019acquisto della cittadinanza italiana decorrer\u00e0 dal giorno successivo a quello del giuramento.<\/p>\n<p>Il certificato di nascita originale sar\u00e0 inviato per la trascrizione al Comune italiano di riferimento insieme alla richiesta di iscrizione all\u2019AIRE e al verbale dell\u2019avvenuto giuramento.<\/p>\n<p>&nbsp;<\/p>\n<ol start=\"5\">\n<li>Costi<\/li>\n<\/ol>\n<p>&nbsp;<\/p>\n<ul>\n<li>Contributo di 250\u20ac a favore del Ministero dell\u2019Interno, da pagare esclusivamente tramite PagoPa durante la compilazione della domanda oppure tramite bonifico sul conto corrente indicato dal Ministero dell\u2019Interno (ricevuta da inserire nella domanda online) con eventuali spese a carico di chi dispone il bonifico:<\/li>\n<\/ul>\n<p>\u201cMinistero dell\u2019Interno D.L.C.I Cittadinanza\u201d<br \/>\nNome della Banca:\u00a0Poste Italiane S.p.A.<br \/>\nCodice IBAN:\u00a0IT54D0760103200000000809020<br \/>\nCausale del versamento:\u00a0Richiesta cittadinanza per matrimonio ex art. 5 L. 91\/1992 e nome e cognome del richiedente<br \/>\nCodice BIC\/SWIFT di Poste Italiane:\u00a0BPPIITRRXXX (per bonifici esteri)<\/p>\n<p>Codice BIC\/SWIFT: PIBPITRA (per operazioni del circuito EUROGIRO)<\/p>\n<p>&nbsp;<\/p>\n<ul>\n<li>Articoli della tabella consolare da applicare con relativi importi:\n<ul>\n<li>Autentica di firma sull\u2019istanza: art. 24 \u2013 20,00 euro<\/li>\n<li>Copia conforme del documento di identit\u00e0 in corso di validit\u00e0: art 71 \u2013 10,00 euro (Laddove il documento non sia in caratteri latini occorre anche la traduzione)<\/li>\n<li>Copia conforme della certificazione linguistica: art. 71 \u2013 10,00 euro<\/li>\n<li>Conformit\u00e0 della traduzione di atti di stato civile e certificati penali: art 72A \u2013 13,00 euro<\/li>\n<li>Giuramento di cittadinanza: art. 8 \u2013 15,00 euro<\/li>\n<\/ul>\n<\/li>\n<\/ul>\n<p>&nbsp;<\/p>\n<ol start=\"6\">\n<li>Contatti e link utili<\/li>\n<\/ol>\n<p>Trova il tuo Consolato:<\/p>\n<p><a href=\"https:\/\/serviziconsolarionline.esteri.it\/ScoFE\/services\/consulate\/find-consulate.sco\">https:\/\/serviziconsolarionline.esteri.it\/ScoFE\/services\/consulate\/find-consulate.sco<\/a><\/p>\n<p>Invia la tua domanda al Ministero dell\u2019Interno:<\/p>\n<p><a href=\"https:\/\/portaleservizi.dlci.interno.it\/AliCittadinanza\/ali\/home.htm\">https:\/\/portaleservizi.dlci.interno.it\/AliCittadinanza\/ali\/home.htm<\/a><\/p>\n<p>Informazioni sul sito del Ministero degli Affari Esteri e della Cooperazione Internazionale:<\/p>\n<p><a href=\"https:\/\/www.esteri.it\/it\/servizi-consolari-e-visti\/italiani-all-estero\/cittadinanza\/cittadinanza-per-matrimonio-e-unione-civile\/\">https:\/\/www.esteri.it\/it\/servizi-consolari-e-visti\/italiani-all-estero\/cittadinanza\/cittadinanza-per-matrimonio-e-unione-civile\/<\/a><\/p>\n","protected":false},"excerpt":{"rendered":"Cenni normativi Requisiti Documenti Procedura Fase 1 registrazione e inserimento istanza Fase 2 verifica consolare Fase 3 valutazione e termini del procedimento Fase 4 decreto, notifica e giuramento Costi Contatti e link utili _______________________________________________________ &nbsp; 1.Cenni normativi \u00a0In conformit\u00e0 alla normativa in vigore, che richiede la conoscenza della lingua italiana, le informazioni relative alla cittadinanza [&hellip;]","protected":false},"author":9,"featured_media":0,"parent":90,"menu_order":2,"comment_status":"closed","ping_status":"closed","template":"","meta":{"footnotes":""},"class_list":["post-3850","page","type-page","status-publish","hentry"],"_links":{"self":[{"href":"https:\/\/ambtelaviv.esteri.it\/it\/wp-json\/wp\/v2\/pages\/3850","targetHints":{"allow":["GET"]}}],"collection":[{"href":"https:\/\/ambtelaviv.esteri.it\/it\/wp-json\/wp\/v2\/pages"}],"about":[{"href":"https:\/\/ambtelaviv.esteri.it\/it\/wp-json\/wp\/v2\/types\/page"}],"author":[{"embeddable":true,"href":"https:\/\/ambtelaviv.esteri.it\/it\/wp-json\/wp\/v2\/users\/9"}],"replies":[{"embeddable":true,"href":"https:\/\/ambtelaviv.esteri.it\/it\/wp-json\/wp\/v2\/comments?post=3850"}],"version-history":[{"count":5,"href":"https:\/\/ambtelaviv.esteri.it\/it\/wp-json\/wp\/v2\/pages\/3850\/revisions"}],"predecessor-version":[{"id":4643,"href":"https:\/\/ambtelaviv.esteri.it\/it\/wp-json\/wp\/v2\/pages\/3850\/revisions\/4643"}],"up":[{"embeddable":true,"href":"https:\/\/ambtelaviv.esteri.it\/it\/wp-json\/wp\/v2\/pages\/90"}],"wp:attachment":[{"href":"https:\/\/ambtelaviv.esteri.it\/it\/wp-json\/wp\/v2\/media?parent=3850"}],"curies":[{"name":"wp","href":"https:\/\/api.w.org\/{rel}","templated":true}]}}