{"id":40,"date":"2023-04-11T18:01:19","date_gmt":"2023-04-11T16:01:19","guid":{"rendered":"https:\/\/ambasciatapraga.esteri.it\/?page_id=40"},"modified":"2025-08-14T15:15:30","modified_gmt":"2025-08-14T12:15:30","slug":"gli-uffici","status":"publish","type":"page","link":"https:\/\/ambtelaviv.esteri.it\/it\/chi-siamo\/gli-uffici\/","title":{"rendered":"Gli Uffici"},"content":{"rendered":"<p><strong>CONTATTI CANCELLERIA CONSOLARE<\/strong><\/p>\n<table class=\"table\" style=\"height: 398px;\" width=\"642\">\n<tbody>\n<tr>\n<td>E-mail<\/td>\n<td><a href=\"mailto:consolato.telaviv@esteri.it\">consolato.telaviv@esteri.it<\/a><\/p>\n<p><a href=\"mailto:telaviv.sportello@esteri.it\">telaviv.sportello@esteri.it<\/a> (per richieste AIRE e stato civile)<\/p>\n<p><a href=\"mailto:cittadinanza.telaviv@esteri.it\">cittadinanza.telaviv@esteri.it<\/a> (per richieste di cittadinanza)<\/p>\n<p><a href=\"mailto:visti.telaviv@esteri.it\">visti.telaviv@esteri.it<\/a>\u00a0(per richieste relative ai visti)<\/td>\n<\/tr>\n<tr>\n<td>\u00a0Telefono<\/td>\n<td>\u00a0<strong>+ 972-3-5301901<\/strong><\/p>\n<p>Numero attivo nelle seguenti fasce orarie:<\/p>\n<p>Luned\u00ec &#8211; Mercoled\u00ec <strong>14:00-15:00<\/strong><\/p>\n<p>Venerd\u00ec\u00a0<strong>12:00-13:00<\/strong><\/p>\n<p>&nbsp;<\/td>\n<\/tr>\n<tr>\n<td>\u00a0PEC<\/td>\n<td>\u00a0<a href=\"mailto:amb.telaviv@cert.esteri.it\">amb.telaviv@cert.esteri.it<\/a><\/td>\n<\/tr>\n<\/tbody>\n<\/table>\n<p>&nbsp;<\/p>\n<p><strong>CONTATTI AMBASCIATA<\/strong><\/p>\n<table class=\"table\">\n<tbody>\n<tr>\n<td>\u00a0E-mail<\/td>\n<td>\u00a0<a href=\"mailto:archivio.telaviv@esteri.it\">archivio.telaviv@esteri.it<\/a><\/td>\n<\/tr>\n<tr>\n<td>\u00a0Centralino<\/td>\n<td>\u00a0+972-3-510-4004<\/td>\n<\/tr>\n<tr>\n<td>\u00a0PEC<\/td>\n<td>\u00a0<a href=\"mailto:amb.telaviv.archivio@cert.esteri.it\">amb.telaviv.archivio@cert.esteri.it<br \/>\n<\/a><\/td>\n<\/tr>\n<\/tbody>\n<\/table>\n<h2><\/h2>\n<h2><\/h2>\n<h2>Il personale dirigente<\/h2>\n<p>&nbsp;<\/p>\n<p>Primo Consigliere Massimo BALDASSARRE<\/p>\n<p>Vice Capo Missione<\/p>\n<p>Tel.\u00a0+972-3-510-4004<\/p>\n<p>&nbsp;<\/p>\n<p>Consigliere Ludovica LAVIANI MANCINELLI<\/p>\n<p>Affari Economici, Scientifici e Commerciali (Sportello Unico per le Imprese)<\/p>\n<p>Tel.\u00a0+972-3-516-1744<\/p>\n<p><a href=\"mailto:sporunico.telaviv@esteri.it\">sporunico.telaviv@esteri.it<\/a><\/p>\n<p>&nbsp;<\/p>\n<p>Consigliere Andrea PASCALI<\/p>\n<p>Affari Politici e Stampa<\/p>\n<p>Tel.\u00a0+972-3-510-4004<\/p>\n<p><a href=\"mailto:stampa.telaviv@esteri.it\">stampa.telaviv@esteri.it<\/a><\/p>\n<p>&nbsp;<\/p>\n<p>Primo Segretario Federico CASTELLI<\/p>\n<p>Capo Segreteria dell&#8217;Ambasciatore<\/p>\n<p>Tel.\u00a0+972-3-510-4004<\/p>\n<p><a href=\"mailto:segramb.telaviv@esteri.it\">segramb.telaviv@esteri.it<\/a><\/p>\n<p>&nbsp;<\/p>\n<p>Secondo Segretario Raffaella DI CHIANO<\/p>\n<p>Capo della Cancelleria Consolare e Affari Culturali<\/p>\n<p>Tel.\u00a0+972-3-510-4004<\/p>\n<p><a href=\"mailto:consolato.telaviv@esteri.it\">consolato.telaviv@esteri.it<\/a><\/p>\n<p><a href=\"mailto:telaviv.ambcultura@esteri.it\">telaviv.ambcultura@esteri.it<\/a><\/p>\n<p>&nbsp;<\/p>\n<p>Generale Dario SOLOMBRINO<\/p>\n<p>Esperto della Guardia di Finanza<\/p>\n<p>Tel. +972-3-510-4004<\/p>\n<p><a href=\"mailto:sporunico.telaviv@esteri.it\">sporunico.telaviv@esteri.it<\/a><\/p>\n<p>&nbsp;<\/p>\n<p>Col. Andrea MAZZOTTA<\/p>\n<p>Addetto per la Difesa<\/p>\n<p>Tel.\u00a0+972-3-516-4029<\/p>\n<p><a href=\"mailto:difeitalia.telaviv@smd.difesa.it\">difeitalia.telaviv@smd.difesa.it<\/a><\/p>\n<p>&nbsp;<\/p>\n<p>Col. Gianluigi ATTINGENTI<\/p>\n<p>Addetto Aggiunto per la Difesa<\/p>\n<p>Tel.\u00a0+972-3-516-4029<\/p>\n<p><a href=\"mailto:difeitalia.telaviv@smd.difesa.it\">difeitalia.telaviv@smd.difesa.it<\/a><\/p>\n<p>&nbsp;<\/p>\n<p>Prof. Giuseppe FALINI<\/p>\n<p>Addetto Scientifico<\/p>\n<p>Tel. +972-3-516-1744<\/p>\n<p><a href=\"mailto:telaviv.scienza@esteri.it\">telaviv.scienza@esteri.it<\/a><\/p>\n<p>&nbsp;<\/p>\n<p>&#8212;<\/p>\n<p>Direttore Amministrativo<\/p>\n<p>Tel.\u00a0+972-3-510-4004<\/p>\n<p><a href=\"mailto:amministrazione.telaviv@esteri.it\">amministrazione.telaviv@esteri.it<\/a><\/p>\n<p>&nbsp;<\/p>\n<p>Dott. Giuseppe RUSSO<\/p>\n<p>Direttore dell\u2019Ufficio per il Commercio Estero<\/p>\n<p>Tel. +972-3-691-8130<\/p>\n<p><a href=\"mailto:telaviv@ice.it\">telaviv@ice.it<\/a><\/p>\n<p>&nbsp;<\/p>\n<p>Dott.ssa Cristina TRAVANINI<\/p>\n<p>Direttore Reggente dell\u2019Istituto Italiano di Cultura<\/p>\n<p>Sede di Tel Aviv e Sezione distaccata di Haifa<\/p>\n<p>Tel. +972-3-5161361<\/p>\n<p style=\"margin-top: 0cm; background: white;\">E-Mail: <a href=\"mailto:iictelaviv@esteri.it\">iictelaviv@esteri.it<\/a><\/p>\n<p>&nbsp;<\/p>\n<p>&nbsp;<\/p>\n","protected":false},"excerpt":{"rendered":"CONTATTI CANCELLERIA CONSOLARE E-mail consolato.telaviv@esteri.it telaviv.sportello@esteri.it (per richieste AIRE e stato civile) cittadinanza.telaviv@esteri.it (per richieste di cittadinanza) visti.telaviv@esteri.it\u00a0(per richieste relative ai visti) \u00a0Telefono \u00a0+ 972-3-5301901 Numero attivo nelle seguenti fasce orarie: Luned\u00ec &#8211; Mercoled\u00ec 14:00-15:00 Venerd\u00ec\u00a012:00-13:00 &nbsp; \u00a0PEC \u00a0amb.telaviv@cert.esteri.it &nbsp; CONTATTI AMBASCIATA \u00a0E-mail \u00a0archivio.telaviv@esteri.it \u00a0Centralino \u00a0+972-3-510-4004 \u00a0PEC \u00a0amb.telaviv.archivio@cert.esteri.it Il personale dirigente &nbsp; Primo Consigliere Massimo [&hellip;]","protected":false},"author":1,"featured_media":0,"parent":13,"menu_order":4,"comment_status":"closed","ping_status":"closed","template":"","meta":{"footnotes":""},"class_list":["post-40","page","type-page","status-publish","hentry"],"_links":{"self":[{"href":"https:\/\/ambtelaviv.esteri.it\/it\/wp-json\/wp\/v2\/pages\/40","targetHints":{"allow":["GET"]}}],"collection":[{"href":"https:\/\/ambtelaviv.esteri.it\/it\/wp-json\/wp\/v2\/pages"}],"about":[{"href":"https:\/\/ambtelaviv.esteri.it\/it\/wp-json\/wp\/v2\/types\/page"}],"author":[{"embeddable":true,"href":"https:\/\/ambtelaviv.esteri.it\/it\/wp-json\/wp\/v2\/users\/1"}],"replies":[{"embeddable":true,"href":"https:\/\/ambtelaviv.esteri.it\/it\/wp-json\/wp\/v2\/comments?post=40"}],"version-history":[{"count":7,"href":"https:\/\/ambtelaviv.esteri.it\/it\/wp-json\/wp\/v2\/pages\/40\/revisions"}],"predecessor-version":[{"id":5995,"href":"https:\/\/ambtelaviv.esteri.it\/it\/wp-json\/wp\/v2\/pages\/40\/revisions\/5995"}],"up":[{"embeddable":true,"href":"https:\/\/ambtelaviv.esteri.it\/it\/wp-json\/wp\/v2\/pages\/13"}],"wp:attachment":[{"href":"https:\/\/ambtelaviv.esteri.it\/it\/wp-json\/wp\/v2\/media?parent=40"}],"curies":[{"name":"wp","href":"https:\/\/api.w.org\/{rel}","templated":true}]}}