{"id":4085,"date":"2024-10-08T18:30:00","date_gmt":"2024-10-08T15:30:00","guid":{"rendered":"https:\/\/ambtelaviv.esteri.it\/?page_id=4085"},"modified":"2024-10-09T09:26:10","modified_gmt":"2024-10-09T06:26:10","slug":"atti-di-assenso-per-il-rilascio-di-un-documento-di-identita-di-minore-italiano-presso-altra-sede","status":"publish","type":"page","link":"https:\/\/ambtelaviv.esteri.it\/it\/servizi-consolari-e-visti\/servizi-per-il-cittadino-italiano\/passaporti-e-carte-didentita\/atti-di-assenso-per-il-rilascio-di-un-documento-di-identita-di-minore-italiano-presso-altra-sede\/","title":{"rendered":"Atti di assenso per il rilascio di un documento di identit\u00e0 di minore italiano presso altra sede"},"content":{"rendered":"<p>Presso lo sportello consolare \u00e8 possibile autenticare le firme dei genitori di nazionalit\u00e0 <u>extracomunitaria<\/u>\u00a0sugli atti di assenso al rilascio di passaporti e carte d\u2019identit\u00e0 di\u00a0<u>minori italiani<\/u>\u00a0da parte di uffici\u00a0<u>NON<\/u>\u00a0appartenenti a questo stesso Consolato (Questure, Commissariati, Comuni in Italia e altri Consolati e Ambasciate italiani).<\/p>\n<p><strong><u>NB:<\/u><\/strong><\/p>\n<ul>\n<li>L\u2019atto di assenso\u00a0<strong>NON<\/strong>\u00a0\u00e8 pi\u00f9 richiesto per il rilascio di documenti di identit\u00e0 italiani di\u00a0<strong>genitori<\/strong> con figli minorenni.<\/li>\n<li>L\u2019autenticazione della firma sull\u2019atto di assenso al rilascio di\u00a0<strong>documenti di identit\u00e0 di minori\u00a0<\/strong>italiani<strong>\u00a0NON<\/strong>\u00a0\u00e8 richiesta nel caso di<strong>\u00a0genitori di nazionalit\u00e0 di paesi membri dell\u2019UE<\/strong>. Pertanto, nel caso di documenti da rilasciarsi presso uffici non appartenenti a questo stesso Consolato (<strong>Questure, Commissariati, Comuni in Italia e altri Consolati e Ambasciate italiani<\/strong>) i genitori europei\u00a0<strong>NON<\/strong> dovranno presentarsi in Consolato, ma baster\u00e0 che inviino, via posta una fotocopia del proprio documento di identit\u00e0 europeo ed il formulario \u201catto di assenso\u201d. Questo dovr\u00e0 essere stampato, compilato per intero e <span style=\"text-decoration: underline;\"><strong>firmato in originale<\/strong><\/span>.<\/li>\n<\/ul>\n<p>&nbsp;<\/p>\n<p>I soli genitori di nazionalit\u00e0\u00a0<strong>extracomunitaria<\/strong>\u00a0di\u00a0<strong>minori italiani<\/strong>\u00a0i cui documenti di identit\u00e0 debbano essere rilasciati da uffici\u00a0<u>NON<\/u>\u00a0appartenenti a questo stesso Consolato (<strong>Questure, Commissariati, Comuni in Italia e altri Consolati e Ambasciate italiani<\/strong>), potranno richiedere un appuntamento per l\u2019autenticazione della propria firma sull\u2019atto di assenso seguendo le istruzioni in calce. L&#8217;appuntamento sar\u00e0 garantito entro il giorno lavorativo successivo.<\/p>\n<p>I genitori di nazionalit\u00e0 extracomunitaria che siano\u00a0<strong>impossibilitati a recarsi in Consolato<\/strong>, possono ottenere l\u2019autentica della propria firma sull\u2019atto di assenso sottoscrivendolo presso un qualsiasi notaio, e facendo in seguito apostillare l\u2019atto cos\u00ec formato. Una lista non esaustiva di notai noti a questo Consolato \u00e8 disponibile nella sezione <a href=\"https:\/\/ambtelaviv.esteri.it\/it\/servizi-consolari-e-visti\/servizi-per-il-cittadino-italiano\/professionisti-di-riferimento\/\">Professionisti di Riferimento<\/a> di questo sito. L\u2019atto cos\u00ec formato andr\u00e0 poi recapitato, in originale, via posta, al proprio figlio minore il cui documento debba essere rilasciato.<\/p>\n<p>&nbsp;<\/p>\n<p><strong>MODALIT\u00c0 DI PRENOTAZIONE E COSTO DEL SERVIZIO<\/strong><\/p>\n<p>A tale scopo, sar\u00e0 necessario scrivere un\u2019email all\u2019indirizzo <a href=\"mailto:consolato.telaviv@esteri.it\">consolato.telaviv@esteri.it<\/a> inserendo le seguenti informazioni:<\/p>\n<ol>\n<li>Nome, cognome e nazionalit\u00e0 del genitore extracomunitario che intende ottenere l\u2019autenticazione della propria firma;<\/li>\n<li>Nome, cognome, data e luogo di nascita del cittadino italiano il cui documento deve essere rilasciato;<\/li>\n<li>Indirizzo email PEC dell\u2019Ufficio che rilascer\u00e0 il documento (rinvenibile sul loro sito);<\/li>\n<li>Data per la quale \u00e8 previsto il rilascio del documento.<\/li>\n<\/ol>\n<p>All\u2019appuntamento si dovr\u00e0 presentare solamente il genitore di nazionalit\u00e0 extracomunitaria, e dovr\u00e0 portare:<\/p>\n<ol>\n<li>Il messaggio di posta elettronica di conferma dell&#8217;appuntamento;<\/li>\n<li>Un proprio documento d\u2019identit\u00e0 in corso di validit\u00e0;<\/li>\n<li>Il formulario \u201c<a href=\"https:\/\/ambtelaviv.esteri.it\/wp-content\/uploads\/2023\/06\/Assenso-passaporto_figli-minori.pdf\">Atto di assenso<\/a>\u201d compilato MA NON FIRMATO;<\/li>\n<li>Il contante per il pagamento delle percezioni consolari (Art. 19, della <a href=\"https:\/\/ambtelaviv.esteri.it\/it\/servizi-consolari-e-visti\/servizi-per-il-cittadino-italiano\/tariffe-consolari\/\">Tabella dei diritti consolari<\/a>).<\/li>\n<\/ol>\n<p>&nbsp;<\/p>\n<p><strong>UTILIZZO E VALIDIT\u00c0 DELL\u2019ATTO DI ASSENSO<\/strong><\/p>\n<p>Il giorno dell\u2019appuntamento verr\u00e0 inviata scansione dell\u2019atto di assenso e del documento del genitore extracomunitario all\u2019Ufficio selezionato dal richiedente. L\u2019atto di assenso \u00e8 valido per sei mesi dalla data dell\u2019emissione.<\/p>\n<p>&nbsp;<\/p>\n","protected":false},"excerpt":{"rendered":"Presso lo sportello consolare \u00e8 possibile autenticare le firme dei genitori di nazionalit\u00e0 extracomunitaria\u00a0sugli atti di assenso al rilascio di passaporti e carte d\u2019identit\u00e0 di\u00a0minori italiani\u00a0da parte di uffici\u00a0NON\u00a0appartenenti a questo stesso Consolato (Questure, Commissariati, Comuni in Italia e altri Consolati e Ambasciate italiani). NB: L\u2019atto di assenso\u00a0NON\u00a0\u00e8 pi\u00f9 richiesto per il rilascio di documenti [&hellip;]","protected":false},"author":9,"featured_media":0,"parent":49,"menu_order":4,"comment_status":"closed","ping_status":"closed","template":"","meta":{"footnotes":""},"class_list":["post-4085","page","type-page","status-publish","hentry"],"_links":{"self":[{"href":"https:\/\/ambtelaviv.esteri.it\/it\/wp-json\/wp\/v2\/pages\/4085","targetHints":{"allow":["GET"]}}],"collection":[{"href":"https:\/\/ambtelaviv.esteri.it\/it\/wp-json\/wp\/v2\/pages"}],"about":[{"href":"https:\/\/ambtelaviv.esteri.it\/it\/wp-json\/wp\/v2\/types\/page"}],"author":[{"embeddable":true,"href":"https:\/\/ambtelaviv.esteri.it\/it\/wp-json\/wp\/v2\/users\/9"}],"replies":[{"embeddable":true,"href":"https:\/\/ambtelaviv.esteri.it\/it\/wp-json\/wp\/v2\/comments?post=4085"}],"version-history":[{"count":4,"href":"https:\/\/ambtelaviv.esteri.it\/it\/wp-json\/wp\/v2\/pages\/4085\/revisions"}],"predecessor-version":[{"id":4100,"href":"https:\/\/ambtelaviv.esteri.it\/it\/wp-json\/wp\/v2\/pages\/4085\/revisions\/4100"}],"up":[{"embeddable":true,"href":"https:\/\/ambtelaviv.esteri.it\/it\/wp-json\/wp\/v2\/pages\/49"}],"wp:attachment":[{"href":"https:\/\/ambtelaviv.esteri.it\/it\/wp-json\/wp\/v2\/media?parent=4085"}],"curies":[{"name":"wp","href":"https:\/\/api.w.org\/{rel}","templated":true}]}}