{"id":4533,"date":"2025-02-17T17:28:59","date_gmt":"2025-02-17T14:28:59","guid":{"rendered":"https:\/\/ambtelaviv.esteri.it\/servizi-consolari-e-visti\/servizi-per-il-cittadino-italiano\/stato-civile\/reinstating-your-original-family-name\/"},"modified":"2025-02-17T17:44:33","modified_gmt":"2025-02-17T14:44:33","slug":"reinstating-your-original-family-name","status":"publish","type":"page","link":"https:\/\/ambtelaviv.esteri.it\/it\/servizi-consolari-e-visti\/servizi-per-il-cittadino-italiano\/stato-civile\/reinstating-your-original-family-name\/","title":{"rendered":"Domanda di ripristino del nome\/cognome originario"},"content":{"rendered":"<p>Ai sensi dell\u2019art. 98, comma 2, del DPR 3 novembre 2000, della Circolare n. 397 del 15.05.2008 del Ministero del\u2019 Interno e della Sentenza della Corte Costituzionale n.286 dell\u201908.11.2016 \u00e8 possibile richiedere il RIPRISTINO del COGNOME ORIGINARIO attribuito al momento della nascita nel proprio certificato di nascita straniero in base alla normativa locale.<\/p>\n<p>Nel caso ci\u00f2 venga richiesto in favore di MINORI, la richiesta dovr\u00e0 essere accompagnata da prova della COMUNE VOLONT\u00c0 dei genitori.<\/p>\n<p>ISTRUZIONI :<\/p>\n<ol>\n<li>compilare e firmare il <a href=\"https:\/\/ambtelaviv.esteri.it\/wp-content\/uploads\/2025\/02\/ART98-Variazione-dati-anagrafici-per-ripristino-cognome.pdf\">modulo di richiesta<\/a>;<\/li>\n<li>allegare il certificato di NASCITA con traduzione ed \u201cApostille\u201d. Per informazioni vedi <a href=\"https:\/\/ambtelaviv.esteri.it\/it\/servizi-consolari-e-visti\/servizi-per-il-cittadino-italiano\/stato-civile\/registrazione-certificati-di-nascita\/\">qui.<\/a><\/li>\n<li>allegare copia del proprio passaporto italiano e se posseduto anche di quello straniero;<\/li>\n<li>inviare il tutto al Consolato o al Comune competente.<\/li>\n<\/ol>\n","protected":false},"excerpt":{"rendered":"Ai sensi dell\u2019art. 98, comma 2, del DPR 3 novembre 2000, della Circolare n. 397 del 15.05.2008 del Ministero del\u2019 Interno e della Sentenza della Corte Costituzionale n.286 dell\u201908.11.2016 \u00e8 possibile richiedere il RIPRISTINO del COGNOME ORIGINARIO attribuito al momento della nascita nel proprio certificato di nascita straniero in base alla normativa locale. Nel caso [&hellip;]","protected":false},"author":9,"featured_media":0,"parent":68,"menu_order":6,"comment_status":"closed","ping_status":"closed","template":"","meta":{"footnotes":""},"class_list":["post-4533","page","type-page","status-publish","hentry"],"_links":{"self":[{"href":"https:\/\/ambtelaviv.esteri.it\/it\/wp-json\/wp\/v2\/pages\/4533","targetHints":{"allow":["GET"]}}],"collection":[{"href":"https:\/\/ambtelaviv.esteri.it\/it\/wp-json\/wp\/v2\/pages"}],"about":[{"href":"https:\/\/ambtelaviv.esteri.it\/it\/wp-json\/wp\/v2\/types\/page"}],"author":[{"embeddable":true,"href":"https:\/\/ambtelaviv.esteri.it\/it\/wp-json\/wp\/v2\/users\/9"}],"replies":[{"embeddable":true,"href":"https:\/\/ambtelaviv.esteri.it\/it\/wp-json\/wp\/v2\/comments?post=4533"}],"version-history":[{"count":6,"href":"https:\/\/ambtelaviv.esteri.it\/it\/wp-json\/wp\/v2\/pages\/4533\/revisions"}],"predecessor-version":[{"id":4559,"href":"https:\/\/ambtelaviv.esteri.it\/it\/wp-json\/wp\/v2\/pages\/4533\/revisions\/4559"}],"up":[{"embeddable":true,"href":"https:\/\/ambtelaviv.esteri.it\/it\/wp-json\/wp\/v2\/pages\/68"}],"wp:attachment":[{"href":"https:\/\/ambtelaviv.esteri.it\/it\/wp-json\/wp\/v2\/media?parent=4533"}],"curies":[{"name":"wp","href":"https:\/\/api.w.org\/{rel}","templated":true}]}}