{"id":493,"date":"2023-06-13T10:52:57","date_gmt":"2023-06-13T07:52:57","guid":{"rendered":"https:\/\/ambtelaviv.esteri.it\/?page_id=493"},"modified":"2026-03-10T22:43:21","modified_gmt":"2026-03-10T19:43:21","slug":"registrazione-certificati-di-nascita","status":"publish","type":"page","link":"https:\/\/ambtelaviv.esteri.it\/it\/servizi-consolari-e-visti\/servizi-per-il-cittadino-italiano\/stato-civile\/registrazione-certificati-di-nascita\/","title":{"rendered":"Registrazione certificati di nascita"},"content":{"rendered":"<p><strong>ATTENZIONE: NUOVA NORMATIVA SULLA CITTADINANZA<\/strong><\/p>\n<p style=\"margin-top: 0cm; background: white;\"><span style=\"font-size: 13.5pt; font-family: 'Titillium Web'; color: #1a1a1a;\">Il recente D.L. 28\/03\/2025 n. 36 convertito in legge con modificazioni, ha introdotto nuovi limiti all\u2019acquisto della cittadinanza italiana ex art. 1 della Legge 91\/1992. Si rimanda ad una attenta lettura degli articoli 1-4 della Legge 91\/1992 con specifico riferimento all\u2019art. 3-bis.<\/span><\/p>\n<p><a href=\"https:\/\/ambtelaviv.esteri.it\/wp-content\/uploads\/2026\/01\/CITT-ITA.jpg\"><img loading=\"lazy\" decoding=\"async\" class=\"alignnone wp-image-6658 img-fluid\" src=\"https:\/\/ambtelaviv.esteri.it\/wp-content\/uploads\/2026\/01\/CITT-ITA-212x300.jpg\" alt=\"\" width=\"713\" height=\"1008\" srcset=\"https:\/\/ambtelaviv.esteri.it\/wp-content\/uploads\/2026\/01\/CITT-ITA-212x300.jpg 212w, https:\/\/ambtelaviv.esteri.it\/wp-content\/uploads\/2026\/01\/CITT-ITA-724x1024.jpg 724w, https:\/\/ambtelaviv.esteri.it\/wp-content\/uploads\/2026\/01\/CITT-ITA-768x1086.jpg 768w, https:\/\/ambtelaviv.esteri.it\/wp-content\/uploads\/2026\/01\/CITT-ITA.jpg 1754w\" sizes=\"auto, (max-width: 713px) 100vw, 713px\" \/><\/a><\/p>\n<p>A partire dal 28 marzo 2025, la trascrizione dell\u2019atto di nascita iure sanguinis per il <strong>minore nato all\u2019estero<\/strong> pu\u00f2 avvenire nei seguenti casi:<\/p>\n<ol>\n<li>Il minore \u00e8 esclusivamente cittadino italiano in quanto figlio di genitori esclusivamente italiani e non acquista la cittadinanza del paese in cui \u00e8 nato (ad es. figlio di cittadini esclusivamente italiani nato in Israele).<\/li>\n<li>Il minore \u00e8 esclusivamente cittadino italiano in quanto figlio di un genitore esclusivamente italiano e di un genitore straniero che non trasmette la propria cittadinanza in base alla propria legge nazionale.<\/li>\n<li>Il minore \u00e8 figlio di genitore esclusivamente italiano o nipote di nonno\/a esclusivamente italiano\/a oppure che, al momento della morte, se avvenuta prima della nascita del minore, era in possesso esclusivamente della cittadinanza italiana (si considera il giorno della nascita del minore).<\/li>\n<li>Il minore \u00e8 figlio di italiano che ha vissuto almeno due anni continuativi in Italia dopo l\u2019acquisto della cittadinanza italiana e <u>prima <\/u>della nascita del figlio;<\/li>\n<\/ol>\n<p>La documentazione da presentare per i casi sopra selezionati \u00e8 elencata al punto \u201c<strong>STEP 1 \u2013 Preparazione dei documenti\u201d<\/strong><strong>. Al riguardo si segnala che \u00e8 il richiedente a dover dimostrare in maniera incontrovertibile che uno degli ascendenti era esclusivamente italiano al momento della nascita del minore cos\u00ec come provare la residenza in Italia.<\/strong><\/p>\n<p>&nbsp;<\/p>\n<p>Nel caso in cui il minore non ricada in nessuna delle categorie sopraelencate, il genitore cittadino italiano per nascita potr\u00e0 richiedere la <a href=\"https:\/\/ambtelaviv.esteri.it\/it\/servizi-consolari-e-visti\/servizi-per-il-cittadino-italiano\/stato-civile\/registrazione-certificati-di-nascita\/acquisto-della-cittadinanza-italiana-per-beneficio-di-legge-in-favore-dei-minori-stranieri-figli-di-cittadini-italiani-per-nascita\/\">trascrizione dell\u2019atto di nascita del figlio minore tramite apposita dichiarazione che permetter\u00e0 l\u2019acquisto della cittadinanza per <strong>beneficio di legge <\/strong>ex art 4 comma 1-bis<\/a>.<\/p>\n<p>Chi \u00e8 genitore italiano per nascita?<\/p>\n<blockquote><p>In base all\u2019art. 3-bis della Legge 91\/1992 \u00e8 cittadino italiano per nascita chi:In deroga agli articoli 1, 2, 3, 14 e 20 della presente legge, all\u2019articolo 5 della legge 21 aprile 1983, n. 123, agli articoli 1, 2, 7, 10, 12 e 19 della legge 13 giugno 1912, n. 555, nonch\u00e9 agli articoli 4, 5, 7, 8 e 9 del codice civile approvato con regio decreto 25 giugno 1865, n. 2358, \u00e8 considerato non avere mai acquistato la cittadinanza italiana chi \u00e8 nato all\u2019estero anche prima della data di entrata in vigore del presente articolo ed \u00e8 in possesso di altra cittadinanza, salvo che ricorra una delle seguenti condizioni:<\/p>\n<p>a) lo stato di cittadino dell\u2019interessato \u00e8 riconosciuto, nel rispetto della normativa applicabile al 27 marzo 2025, a seguito di domanda, corredata della necessaria documentazione, presentata all\u2019ufficio consolare o al sindaco competenti non oltre le 23:59, ora di Roma, della medesima data;<\/p>\n<p>a-bis) lo stato di cittadino dell&#8217;interessato \u00e8 riconosciuto, nel rispetto della normativa applicabile al 27 marzo 2025, a seguito di domanda, corredata della necessaria documentazione, presentata all&#8217;ufficio consolare o al sindaco competenti nel giorno indicato da appuntamento comunicato all&#8217;interessato dall&#8217;ufficio competente entro le 23:59, ora di Roma, della medesima data del 27 marzo 2025;<\/p>\n<p>b) lo stato di cittadino dell\u2019interessato \u00e8 accertato giudizialmente, nel rispetto della normativa applicabile al 27 marzo 2025, a seguito di domanda giudiziale presentata non oltre le 23:59, ora di Roma, della medesima data;<\/p>\n<p>c) un ascendente di primo o di secondo grado possiede, o possedeva al momento della morte, esclusivamente la cittadinanza italiana;<\/p>\n<p>d) un genitore o adottante \u00e8 stato residente in Italia per almeno due anni continuativi successivamente all&#8217;acquisto della cittadinanza italiana e prima della data di nascita o di adozione del figlio.<\/p><\/blockquote>\n<p>&nbsp;<\/p>\n<p>Se sei <span style=\"text-decoration: underline;\"><strong>cittadino italiano per nascita<\/strong><\/span> e vuoi registrare tuo figlio minorenne nei casi previsti dalle lettere a) \u2013 d), ti invitiamo a seguire queste istruzioni:<\/p>\n<p><strong>STEP 1 \u2013 Preparazione dei documenti<\/strong><\/p>\n<p>&nbsp;<\/p>\n<p>Raccogli i seguenti documenti:<\/p>\n<p>CASO 1 \u2013 Il minore \u00e8 esclusivamente cittadino italiano in quanto figlio di genitori esclusivamente italiani e non acquista la cittadinanza del paese in cui \u00e8 nato<\/p>\n<ul>\n<li><a href=\"https:\/\/ambtelaviv.esteri.it\/wp-content\/uploads\/2025\/07\/2025-Trascrizione-atto-di-nascita_fin.pdf\">Modulo di richiesta<\/a> debitamente compilato e firmato da entrambi i genitori;<\/li>\n<li>Atto di nascita israeliano \u201cAffirmation of Birth in Israel \u2013 Replication of Notice of Live Birth\u201d in originale (non si accettano fotocopie) completo di \u201cApostille\u201d (per maggiori informazioni su come ottenere un\u2019Apostille <a href=\"https:\/\/www.mfa.gov.il\/mfa\/consularservices\/pages\/publicdocumentseng.aspx\">clicca qui<\/a>);<\/li>\n<li><a href=\"https:\/\/ambtelaviv.esteri.it\/it\/servizi-consolari-e-visti\/servizi-per-il-cittadino-italiano\/stato-civile\/traduzioni-di-atti-dello-stato-civile\/\">Traduzione in italiano<\/a> dell\u2019atto di nascita;<\/li>\n<li>Fotocopia dei passaporti o della carta d\u2019identit\u00e0 di entrambi i genitori;<\/li>\n<li>Prova della presenza legale in Israele (visto);<\/li>\n<li>Se non agli atti del Consolato, documentazione comprovante il possesso esclusivo della cittadinanza italiana (certificazione di non cittadinanza israeliana, certificato di cittadinanza rilasciato dal Comune italiano).<\/li>\n<\/ul>\n<p>&nbsp;<\/p>\n<p>CASO 2 \u2013 Il minore \u00e8 esclusivamente cittadino italiano in quanto figlio di un genitore esclusivamente italiano e di un genitore straniero che non trasmette la propria cittadinanza in base alla propria legge nazionale<\/p>\n<ul>\n<li><a href=\"https:\/\/ambtelaviv.esteri.it\/wp-content\/uploads\/2025\/07\/2025-Trascrizione-atto-di-nascita_fin.pdf\">Modulo di richiesta<\/a> debitamente compilato e firmato da entrambi i genitori;<\/li>\n<li>Atto di nascita israeliano \u201cAffirmation of Birth in Israel \u2013 Replication of Notice of Live Birth\u201d in originale (non si accettano fotocopie) completo di \u201cApostille\u201d\u00a0 (per maggiori informazioni su come ottenere un\u2019Apostille <a href=\"https:\/\/www.mfa.gov.il\/mfa\/consularservices\/pages\/publicdocumentseng.aspx\">clicca qui<\/a>);<\/li>\n<li><a href=\"https:\/\/ambtelaviv.esteri.it\/it\/servizi-consolari-e-visti\/servizi-per-il-cittadino-italiano\/stato-civile\/traduzioni-di-atti-dello-stato-civile\/\">Traduzione in italiano<\/a> dell\u2019atto di nascita;<\/li>\n<li>Copia dei passaporti di entrambi i genitori;<\/li>\n<li>Prova della presenza legale in Israele (visto);<\/li>\n<li>Se non agli atti del Consolato, documentazione comprovante il possesso esclusivo della cittadinanza italiana del genitore esclusivamente italiano (certificazione di non cittadinanza israeliana, Certificato di cittadinanza rilasciato dal Comune italiano);<\/li>\n<li>Se non agli atti del Consolato, attestazione rilasciata dalle Autorit\u00e0 del paese di origine del genitore straniero circa la mancata trasmissione del proprio status civitatis al figlio.<\/li>\n<\/ul>\n<p>&nbsp;<\/p>\n<p>CASO 3 \u2013 Il minore \u00e8 figlio di genitore esclusivamente italiano o nipote di nonno\/a esclusivamente italiano\/a oppure che, al momento della morte, se avvenuta prima della nascita del minore, era in possesso esclusivamente della cittadinanza italiana<\/p>\n<ul>\n<li><a href=\"https:\/\/ambtelaviv.esteri.it\/wp-content\/uploads\/2025\/07\/2025-Trascrizione-atto-di-nascita_fin.pdf\">Modulo di richiesta<\/a> debitamente compilato e firmato da entrambi i genitori;<\/li>\n<li>Atto di nascita israeliano in originale (non si accettano fotocopie) e completo di \u201cApostille\u201d\u00a0 (per maggiori informazioni su come ottenere un\u2019Apostille <a href=\"https:\/\/www.mfa.gov.il\/mfa\/consularservices\/pages\/publicdocumentseng.aspx\">clicca qui<\/a>). Assicurati che l\u2019atto di nascita riporti il cognome da nubile della madre, senza il quale la trascrizione non potr\u00e0 essere effettuata;<\/li>\n<li><a href=\"https:\/\/ambtelaviv.esteri.it\/it\/servizi-consolari-e-visti\/servizi-per-il-cittadino-italiano\/stato-civile\/traduzioni-di-atti-dello-stato-civile\/\">Traduzione in italiano<\/a> dell\u2019atto di nascita;<\/li>\n<li>Copia dei passaporti di entrambi i genitori;<\/li>\n<li>Prova della residenza in Israele (visto\/Teudat Zeut);<\/li>\n<li>Certificato di contestuale residenza e cittadinanza rilasciato dal Comune italiano di iscrizione;<\/li>\n<li>Se non agli atti del Consolato, certificazione di non cittadinanza israeliana\/di cittadinanza israeliana per il genitore italiano;<\/li>\n<li>Se non agli atti del Consolato, attestazione rilasciata dalle Autorit\u00e0 del paese di origine del genitore straniero circa la mancata trasmissione del proprio status civitatis e\/o documentazione rilasciata da paesi terzi in caso di periodi di residenza in altri paesi;<\/li>\n<li>Prova del possesso della cittadinanza italiana del nonno\/a e certificato negativo di cittadinanza israeliana nonch\u00e9 ogni altro documento che il consolato potr\u00e0 ritenere utile a stabilire lo status civitatis del nonno\/a dell\u2019ascendente quale, ad esempio, un estratto dell\u2019atto di nascita italiano con annotazioni.<\/li>\n<\/ul>\n<p>&nbsp;<\/p>\n<p>CASO 4 \u2013 Il minore \u00e8 figlio di italiano che ha vissuto almeno due anni continuativi in Italia dopo l\u2019acquisto della cittadinanza italiana e <u>prima<\/u> della nascita del figlio<\/p>\n<ul>\n<li><a href=\"https:\/\/ambtelaviv.esteri.it\/wp-content\/uploads\/2025\/07\/2025-Trascrizione-atto-di-nascita_fin.pdf\">Modulo di richiesta<\/a> debitamente compilato e firmato da entrambi i genitori;<\/li>\n<li>Atto di nascita israeliano in originale (non si accettano fotocopie) e completo di \u201cApostille\u201d (per maggiori informazioni su come ottenere un\u2019Apostille <a href=\"https:\/\/www.mfa.gov.il\/mfa\/consularservices\/pages\/publicdocumentseng.aspx\">clicca qui<\/a>). Assicurati che l\u2019atto di nascita riporti il cognome da nubile della madre, senza il quale la trascrizione non potr\u00e0 essere effettuata;<\/li>\n<li><a href=\"https:\/\/ambtelaviv.esteri.it\/it\/servizi-consolari-e-visti\/servizi-per-il-cittadino-italiano\/stato-civile\/traduzioni-di-atti-dello-stato-civile\/\">Traduzione in italiano<\/a> dell\u2019atto di nascita;<\/li>\n<li>Copia dei passaporti di entrambi i genitori;<\/li>\n<li>Prova della residenza in Israele (visto\/Teudat Zeut);<\/li>\n<li>Certificato storico di residenza rilasciato dal Comune di residenza in Italia da cui si evincano due anni di residenza continuativi prima della nascita del figlio.<\/li>\n<\/ul>\n<p>&nbsp;<\/p>\n<p><strong>ATTENZIONE \u2013 In ogni caso il consolato si riserva il diritto di richiedere documentazione aggiuntiva per l\u2019accertamento del possesso dei requisiti di legge a valle del quale verr\u00e0 emessa apposita dichiarazione consolare <\/strong><\/p>\n<p>&nbsp;<\/p>\n<p><strong>STEP 2 \u2013 Invio dei documenti<\/strong><\/p>\n<p>&nbsp;<\/p>\n<p>Una volta completata la documentazione, inviala per posta a Ambasciata d\u2019Italia a Tel Aviv \u2013 Cancelleria consolare, 25 Hamered Street, 68125 Tel Aviv.<\/p>\n<p>In alternativa puoi portarla in Consolato e lasciarla negli <a href=\"https:\/\/ambtelaviv.esteri.it\/it\/chi-siamo\/la-sede\/\">orari di apertura al pubblico<\/a> nella cassetta postale all\u2019ingresso dell\u2019Ambasciata al 21\u00b0 piano del Trade Tower Building a Hamered Street, 25, Tel Aviv.<\/p>\n<p>Attenzione: fa fede la data di ricezione e protocollazione in Consolato dell\u2019istanza. Qualsiasi scambio di email non \u00e8 da considerarsi, pertanto, equivalente alla consegna dei documenti originali tradotti e apostillati.<\/p>\n<p>Le traduzioni dei documenti dovranno essere corrette e complete. Una volta ricevuta la documentazione, in caso di errori, sar\u00e0 necessario provvedere a rettificare la documentazione consegnata prima di poter procedere all\u2019invio.<\/p>\n<p>&nbsp;<\/p>\n<p><strong>Attenzione!<\/strong><\/p>\n<p>I certificati originali non saranno restituiti, ma resteranno agli atti nel nostro archivio consolare.<\/p>\n<p>&nbsp;<\/p>\n<p>Se non ti trovi in uno dei casi sopra indicati, potrebbe essere possibile effettuare la\u00a0<a href=\"https:\/\/ambtelaviv.esteri.it\/it\/servizi-consolari-e-visti\/servizi-per-il-cittadino-italiano\/stato-civile\/registrazione-certificati-di-nascita\/acquisto-della-cittadinanza-italiana-per-beneficio-di-legge-in-favore-dei-minori-stranieri-figli-di-cittadini-italiani-per-nascita\/\">trascrizione dell\u2019atto di nascita del figlio minore tramite apposita dichiarazione che permetter\u00e0 l\u2019acquisto della cittadinanza per\u00a0<strong>beneficio di legge\u00a0<\/strong>ex art 4 comma 1-bis.<\/a><\/p>\n<hr \/>\n<p><strong>ATTENZIONE: Maternit\u00e0 surrogata<\/strong><\/p>\n<p>La \u201cmaternit\u00e0 surrogata\u201d \u00e8 una pratica assolutamente legale in alcuni Paesi ma <strong>vietata in Italia<\/strong> dalla <a href=\"https:\/\/www.normattiva.it\/uri-res\/N2Ls?urn:nir:stato:decreto.presidente.della.repubblica:2004;40~art12!vig=#:~:text=Chiunque%2C%20in%20qualsiasi%20forma%2C%20realizza,a%20un%20milione%20di%20euro.\">Legge 40 del 19 febbraio 2004<\/a> e ss.mm.ii..<\/p>\n<p>Questa legge \u00e8 stata recentemente modificata prevedendo, all\u2019art.12 comma 6, che le pene previste in caso di violazione della stessa si applicano alle condotte compiute dal cittadino italiano <u>anche se poste in essere in territorio estero.<\/u><\/p>\n<p>Questo Consolato, nel caso in cui venga richiesto di inviare al Comune in Italia l\u2019atto di nascita relativo ad un bambino nato con tale pratica, \u00e8 tenuto a <strong>procedere con la richiesta di trascrizione al Comune<\/strong>, comunicando le particolari condizioni della nascita e, nel contempo, \u00e8 obbligato a <strong>segnalare l\u2019ipotesi di reato alla Procura della Repubblica<\/strong> competente per territorio.<\/p>\n<p>Si richiama pertanto l\u2019attenzione degli interessati sulle possibili conseguenze derivanti dalla violazione dell\u2019ordinamento italiano.<\/p>\n","protected":false},"excerpt":{"rendered":"ATTENZIONE: NUOVA NORMATIVA SULLA CITTADINANZA Il recente D.L. 28\/03\/2025 n. 36 convertito in legge con modificazioni, ha introdotto nuovi limiti all\u2019acquisto della cittadinanza italiana ex art. 1 della Legge 91\/1992. Si rimanda ad una attenta lettura degli articoli 1-4 della Legge 91\/1992 con specifico riferimento all\u2019art. 3-bis. A partire dal 28 marzo 2025, la trascrizione [&hellip;]","protected":false},"author":7,"featured_media":0,"parent":68,"menu_order":0,"comment_status":"closed","ping_status":"closed","template":"","meta":{"footnotes":""},"class_list":["post-493","page","type-page","status-publish","hentry"],"_links":{"self":[{"href":"https:\/\/ambtelaviv.esteri.it\/it\/wp-json\/wp\/v2\/pages\/493","targetHints":{"allow":["GET"]}}],"collection":[{"href":"https:\/\/ambtelaviv.esteri.it\/it\/wp-json\/wp\/v2\/pages"}],"about":[{"href":"https:\/\/ambtelaviv.esteri.it\/it\/wp-json\/wp\/v2\/types\/page"}],"author":[{"embeddable":true,"href":"https:\/\/ambtelaviv.esteri.it\/it\/wp-json\/wp\/v2\/users\/7"}],"replies":[{"embeddable":true,"href":"https:\/\/ambtelaviv.esteri.it\/it\/wp-json\/wp\/v2\/comments?post=493"}],"version-history":[{"count":7,"href":"https:\/\/ambtelaviv.esteri.it\/it\/wp-json\/wp\/v2\/pages\/493\/revisions"}],"predecessor-version":[{"id":7107,"href":"https:\/\/ambtelaviv.esteri.it\/it\/wp-json\/wp\/v2\/pages\/493\/revisions\/7107"}],"up":[{"embeddable":true,"href":"https:\/\/ambtelaviv.esteri.it\/it\/wp-json\/wp\/v2\/pages\/68"}],"wp:attachment":[{"href":"https:\/\/ambtelaviv.esteri.it\/it\/wp-json\/wp\/v2\/media?parent=493"}],"curies":[{"name":"wp","href":"https:\/\/api.w.org\/{rel}","templated":true}]}}