{"id":550,"date":"2023-06-15T09:17:10","date_gmt":"2023-06-15T06:17:10","guid":{"rendered":"https:\/\/ambtelaviv.esteri.it\/?page_id=550"},"modified":"2024-08-05T23:06:45","modified_gmt":"2024-08-05T20:06:45","slug":"passaporto-per-minorenni","status":"publish","type":"page","link":"https:\/\/ambtelaviv.esteri.it\/it\/servizi-consolari-e-visti\/servizi-per-il-cittadino-italiano\/passaporti-e-carte-didentita\/passaporto-per-minorenni\/","title":{"rendered":"Passaporto per minorenni"},"content":{"rendered":"<p><strong><span style=\"text-decoration: underline;\">Se lo stato civile del minore \u00e8 aggiornato<\/span><\/strong>, puoi prenotare un appuntamento per il rinnovo del suo passaporto tramite la piattaforma\u00a0<a href=\"https:\/\/prenotami.esteri.it\">Prenot@mi<\/a>.<\/p>\n<p><strong>La presenza del minore \u00e8 obbligatoria dai 12 anni<\/strong>\u00a0in su.<\/p>\n<p>Il giorno dell\u2019appuntamento dovrai presentarti in Consolato con la seguente documentazione:<\/p>\n<ul>\n<li>se minore di anni 12, <span style=\"text-decoration: underline;\"><strong>2 fototessere del bambino formato fototessera conformi agli <a href=\"https:\/\/www.icao.int\/Security\/mrtd\/Downloads\/technical%20reports\/annex_A-photograph_guidelines.pdf\">standard ICAO<\/a><\/strong><\/span><\/li>\n<li>il <a href=\"https:\/\/ambtelaviv.esteri.it\/wp-content\/uploads\/2024\/08\/PASS-mod_richiesta_passaporto_minorenne.pdf\">modulo di richiesta<\/a>\u00a0per l&#8217;emissione del nuovo passaporto firmato da entrambi i genitori;<\/li>\n<li>un documento di riconoscimento di entrambi i genitori\u00a0con foto e firma (es. carta d\u2019identit\u00e0 o passaporto);<\/li>\n<li>un documento di riconoscimento del minore\u00a0(se disponibile);<\/li>\n<li>il precedente passaporto\u00a0del minore anche se scaduto o deteriorato;<\/li>\n<li>i contanti per il pagamento\u00a0(<a href=\"https:\/\/ambtelaviv.esteri.it\/it\/servizi-consolari-e-visti\/servizi-per-il-cittadino-italiano\/tariffe-consolari\/\">consulta le tariffe<\/a>) &#8211; <strong>si prega di avere l&#8217;importo esatto<\/strong>;<\/li>\n<li>in caso di smarrimento\/furto del passaporto in corso di validit\u00e0, \u00e8 necessaria la copia della denuncia di smarrimento\/furto presso le autorit\u00e0 locali.<\/li>\n<\/ul>\n<p><strong>Attenzione!<\/strong><\/p>\n<p>Per richiedere il passaporto per un minore \u00e8 indispensabile un &#8220;<a href=\"https:\/\/ambtelaviv.esteri.it\/wp-content\/uploads\/2023\/06\/Assenso-passaporto_figli-minori.pdf\">Atto di assenso<\/a>&#8221; firmato da entrambi i genitori. Questo documento \u00e8 necessario anche in caso di coppie non sposate, separate o divorziate e anche se i figli minori sono gi\u00e0 titolari di passaporto individuale. Le disposizioni che si applicano sono le seguenti:<\/p>\n<ul>\n<li>se uno dei due genitori NON \u00e8 cittadino UE dovr\u00e0 necessariamente presentarsi in Consolato con l&#8217;altro genitore e dovr\u00e0 firmare l\u2019Atto di assenso di fronte al personale del Consolato, che ne autenticher\u00e0 la firma. Nel caso in cui uno dei genitori \u00e8 in Italia o all\u2019estero, dovr\u00e0 firmare l\u2019Atto di assenso alla presenza di un Pubblico Ufficiale in Italia oppure presso un\u2019Ambasciata o un Consolato italiano nel paese in cui si trova;<\/li>\n<li>se uno dei due genitori \u00e8 cittadino UE, l&#8217;Atto di\u00a0assenso di quest\u2019ultimo potr\u00e0 essere presentato dall&#8217;altro genitore, unitamente a una copia del documento di identit\u00e0 del genitore assente;<\/li>\n<li>in caso di\u00a0decesso di uno dei genitori, dovrai portare con te anche una copia originale del certificato di morte. Se il decesso \u00e8 avvenuto in un Paese diverso da Israele o dall\u2019Italia, il certificato di morte deve essere presentato esclusivamente con traduzione legalizzata in Italiano o in formato multilingua;<\/li>\n<li>se non \u00e8 possibile ottenere l\u2019assenso da parte dell\u2019altro genitore, l\u2019emissione del passaporto del minore potr\u00e0 avvenire solo\u00a0per ragioni che dovranno essere provate da motivazioni solide e adeguata documentazione e a seguito di un apposito decreto emesso dal Giudice tutelare. Il Capo della Cancelleria Consolare esercita le funzioni di Giudice tutelare per i minori iscritti all\u2019AIRE nella circoscrizione di Tel Aviv. Se invece il minore non \u00e8 iscritto all\u2019AIRE, \u00e8 competente il Tribunale dei Minori del Comune di residenza.<\/li>\n<\/ul>\n","protected":false},"excerpt":{"rendered":"Se lo stato civile del minore \u00e8 aggiornato, puoi prenotare un appuntamento per il rinnovo del suo passaporto tramite la piattaforma\u00a0Prenot@mi. La presenza del minore \u00e8 obbligatoria dai 12 anni\u00a0in su. Il giorno dell\u2019appuntamento dovrai presentarti in Consolato con la seguente documentazione: se minore di anni 12, 2 fototessere del bambino formato fototessera conformi agli [&hellip;]","protected":false},"author":8,"featured_media":0,"parent":49,"menu_order":2,"comment_status":"closed","ping_status":"closed","template":"","meta":{"footnotes":""},"class_list":["post-550","page","type-page","status-publish","hentry"],"_links":{"self":[{"href":"https:\/\/ambtelaviv.esteri.it\/it\/wp-json\/wp\/v2\/pages\/550","targetHints":{"allow":["GET"]}}],"collection":[{"href":"https:\/\/ambtelaviv.esteri.it\/it\/wp-json\/wp\/v2\/pages"}],"about":[{"href":"https:\/\/ambtelaviv.esteri.it\/it\/wp-json\/wp\/v2\/types\/page"}],"author":[{"embeddable":true,"href":"https:\/\/ambtelaviv.esteri.it\/it\/wp-json\/wp\/v2\/users\/8"}],"replies":[{"embeddable":true,"href":"https:\/\/ambtelaviv.esteri.it\/it\/wp-json\/wp\/v2\/comments?post=550"}],"version-history":[{"count":4,"href":"https:\/\/ambtelaviv.esteri.it\/it\/wp-json\/wp\/v2\/pages\/550\/revisions"}],"predecessor-version":[{"id":3848,"href":"https:\/\/ambtelaviv.esteri.it\/it\/wp-json\/wp\/v2\/pages\/550\/revisions\/3848"}],"up":[{"embeddable":true,"href":"https:\/\/ambtelaviv.esteri.it\/it\/wp-json\/wp\/v2\/pages\/49"}],"wp:attachment":[{"href":"https:\/\/ambtelaviv.esteri.it\/it\/wp-json\/wp\/v2\/media?parent=550"}],"curies":[{"name":"wp","href":"https:\/\/api.w.org\/{rel}","templated":true}]}}