{"id":5653,"date":"2025-06-30T15:02:47","date_gmt":"2025-06-30T12:02:47","guid":{"rendered":"https:\/\/ambtelaviv.esteri.it\/?page_id=5653"},"modified":"2026-03-03T21:54:29","modified_gmt":"2026-03-03T18:54:29","slug":"acquisto-della-cittadinanza-italiana-per-beneficio-di-legge-in-favore-dei-minori-stranieri-figli-di-cittadini-italiani-per-nascita","status":"publish","type":"page","link":"https:\/\/ambtelaviv.esteri.it\/it\/servizi-consolari-e-visti\/servizi-per-il-cittadino-straniero\/cittadinanza\/acquisto-della-cittadinanza-italiana-per-beneficio-di-legge-in-favore-dei-minori-stranieri-figli-di-cittadini-italiani-per-nascita\/","title":{"rendered":"Acquisto della Cittadinanza per \u201cbeneficio di legge\u201d (figli minori nati all\u2019estero)"},"content":{"rendered":"<blockquote><p>ATTENZIONE &#8211; La Legge 28 febbraio 2026, n. 26 di conversione del Decreto Legge 31 dicembre 2025, n. 200, ha esteso il termine di cui all&#8217;art. 1, comma 1-ter, del Decreto Legge 28 marzo 2026, n. 36, al <span style=\"text-decoration: underline;\"><strong>31 maggio 2029<\/strong><\/span><\/p><\/blockquote>\n<p>In due casi, previsti dal comma 1-bis dell\u2019articolo 4 della legge n. 91\/1992 e dall\u2019articolo 1, comma 1-ter del decreto-legge n. 36\/2025, i <strong>figli minorenni nati all\u2019estero<\/strong>\u00a0da genitore cittadino che non trasmette automaticamente la cittadinanza possono acquistare la cittadinanza italiana.<\/p>\n<p>Il\u00a0<strong>minore<\/strong>\u00a0che ne beneficia\u00a0<strong>non<\/strong>\u00a0sar\u00e0\u00a0<strong>cittadino per nascita<\/strong>\u00a0o\u00a0<em>iure sanguinis<\/em>.<\/p>\n<p>In base all\u2019articolo 15 della legge n. 91\/1992, il minore non acquista la cittadinanza dal giorno della nascita, ma dal giorno successivo in cui si saranno verificate le condizioni previste dalla legge.<\/p>\n<p><strong>Nel primo caso (<u>comma 1-bis dell\u2019articolo 4 della legge n. 91\/1992<\/u>)\u00a0<\/strong>i seguenti presupposti devono essere posseduti\u00a0<strong>congiuntamente<\/strong>:<\/p>\n<ul>\n<li><strong>uno dei genitori \u00e8<\/strong>\u00a0<strong>cittadino\u00a0<u>per nascita<\/u>.\u00a0<\/strong>Si escludono quindi i casi di cittadini per naturalizzazione ai sensi dell\u2019articolo 9 della legge n. 91\/1992 o \u201cper beneficio di legge\u201d ai sensi dell\u2019articolo 4 della legge n. 91\/1992 ovvero per matrimonio ai sensi dell\u2019articolo 5 della legge n. 91\/1992 o dell\u2019articolo 10 della legge n. 555\/1912 oppure per riacquisto ai sensi degli articoli 13 o 17 della legge n. 91\/1992 ovvero\u00a0<em>iuris communicatione<\/em> (art. 14 della legge n. 91\/1992).<\/li>\n<li><strong><u>entrambi<\/u><\/strong>\u00a0i genitori (incluso il genitore straniero) o il tutore presentano una\u00a0<strong>dichiarazione di volont\u00e0 di acquisto della cittadinanza entro tre anni dalla nascita<\/strong> (o dalla data successiva in cui \u00e8 stabilita la filiazione da cittadino italiano o in cui \u00e8 decisa l\u2019adozione da parte di cittadino italiano durante la minore et\u00e0 del figlio). In caso di riconoscimento della filiazione in tempi successivi da parte di genitori entrambi cittadini italiani per nascita, il termine decorrer\u00e0 dal primo riconoscimento (perch\u00e9 gi\u00e0 il primo riconoscimento comporta la trasmissione della cittadinanza). Se invece avviene prima il riconoscimento da parte di genitore straniero (o cittadino italiano non per nascita ma ad altro titolo), il termine sar\u00e0 computato a partire dal riconoscimento da parte del secondo genitore cittadino per nascita.<\/li>\n<\/ul>\n<p><strong>La dichiarazione di volont\u00e0 di acquisto della cittadinanza deve essere formale e avvenire di persona, alla presenza di dipendente delegato all\u2019esercizio delle funzioni di stato civile.<\/strong>\u00a0Se i genitori non rendono la dichiarazione contestualmente, il requisito di legge si considera soddisfatto alla data in cui \u00e8 presentata la dichiarazione del secondo genitore. Se la filiazione (anche adottiva) \u00e8 stabilita nei confronti di una sola persona (o se l\u2019altro genitore \u00e8 deceduto), sar\u00e0 sufficiente la dichiarazione di un solo genitore.<\/p>\n<p>Nel caso di stabilimento della residenza legale del minore in Italia, la dichiarazione pu\u00f2 essere presentata anche successivamente ma la residenza deve perdurare per almeno due anni continuativi dopo la dichiarazione di volont\u00e0 di acquisto della cittadinanza presentata dai genitori.<\/p>\n<p>Il\u00a0<strong>secondo caso<\/strong>\u00a0<strong>(<u>comma 1-ter dell\u2019articolo 1 del decreto-legge n. 36\/2025<\/u>)\u00a0<\/strong>si applica quando sussistono\u00a0<strong>tutte\u00a0<\/strong>le condizioni seguenti:<\/p>\n<ul>\n<li>persone\u00a0<strong><u>minorenni alla data di entrata in vigore della legge di conversione<\/u><\/strong>, cio\u00e8 persone che non avevano compiuto il 18\u00b0 anno di et\u00e0 al <strong>24 maggio 2025<\/strong>;<\/li>\n<li><strong>figli di cittadini\u00a0<u>per nascita <\/u><\/strong><strong>che si trovano nelle condizioni previste dalle lettere a), a-bis) e b) dell\u2019articolo 3-bis della legge n. 91\/1992.\u00a0<\/strong>In altri termini, i genitori devono essere riconosciuti cittadini sulla base di domanda amministrativa o giudiziale presentata entro le 23:59 (ora di Roma) del 27 marzo 2025 o sulla base di domanda presentata sulla base di appuntamento comunicato dall\u2019Ufficio consolare o dal Comune entro la medesima data;<\/li>\n<li>la dichiarazione dei genitori o del tutore deve essere presentata all\u2019Ufficio consolare\u00a0<strong><u>entro il 31 maggio 2029<\/u><\/strong>. Se l\u2019interessato, minorenne alla data del 24 maggio 2025, diviene nel frattempo maggiorenne, la dichiarazione dovr\u00e0 essere presentata da lui personalmente entro il medesimo termine.<\/li>\n<\/ul>\n<p>Le\u00a0<strong>dichiarazioni dovranno essere rese presenzialmente presso l\u2019Ufficio consolare davanti a dipendenti delegati alle funzioni di Stato Civile<\/strong>.<\/p>\n<p>Occorrer\u00e0 allegare anche documento d\u2019identit\u00e0 del richiedente e del figlio\/a,\u00a0prova di residenza nella circoscrizione consolare, oltre alla documentazione elencata nel modulo di dichiarazione pertinente.<\/p>\n<p>Per i cittadini italiani iscritti all\u2019AIRE della circoscrizione consolare di residenza, il certificato di cittadinanza italiana per nascita del padre o madre potr\u00e0 essere sostituito da una dichiarazione sostitutiva di certificazione.<\/p>\n<p>Alla cittadinanza italiana acquistata nei modi sopra indicati l\u2019interessato, una volta divenuto maggiorenne, pu\u00f2 fare rinuncia, con la sola condizione che non si produca una condizione di apolidia.<\/p>\n<p>&nbsp;<\/p>\n<p>Documentazione da presentare:<\/p>\n<ul>\n<li><a href=\"https:\/\/ambtelaviv.esteri.it\/wp-content\/uploads\/2025\/07\/2025-Trascrizione-atto-di-nascita_fin.pdf\">Modulo di richiesta<\/a>\u00a0debitamente compilato e firmato da entrambi i genitori;<\/li>\n<li>Atto di nascita israeliano in originale (non si accettano fotocopie) e completo di \u201cApostille\u201d (per maggiori informazioni su come ottenere un\u2019Apostille\u00a0<a href=\"https:\/\/www.mfa.gov.il\/mfa\/consularservices\/pages\/publicdocumentseng.aspx\">clicca qui<\/a>). Assicurati che l\u2019atto di nascita riporti il cognome da nubile della madre, senza il quale la trascrizione non potr\u00e0 essere effettuata;<\/li>\n<li><a href=\"https:\/\/ambtelaviv.esteri.it\/it\/servizi-consolari-e-visti\/servizi-per-il-cittadino-italiano\/stato-civile\/traduzioni-di-atti-dello-stato-civile\/\">Traduzione in italiano<\/a>\u00a0dell\u2019atto di nascita;<\/li>\n<li>Copia dei passaporti di entrambi i genitori;<\/li>\n<li>il certificato di cittadinanza straniera del minore tradotto e apostillato (per Israele: &#8220;Teudah HaMeida Al Ezrahut Israelit&#8221;);<\/li>\n<li>il certificato di cittadinanza italiana per nascita del padre o della madre (se l&#8217;atto di nascita non \u00e8 stato trasmesso da questa Ambasciata);<\/li>\n<li>se filiazione per riconoscimento, documentazione aggiuntiva relativa al riconoscimento in cui \u00e8 stabilita la filiazione o il provvedimento di adozione;<\/li>\n<li>se manca uno o entrambi i genitori, documentazione comprovante la qualit\u00e0 di tutore o la condizione di unico genitore del\/della minore;<\/li>\n<\/ul>\n<p>In caso di documentazione incompleta non si potr\u00e0 procedere alla stesura dell&#8217;atto di cittadinanza.<\/p>\n<p>Attenzione! In entrambi i casi <strong>la dichiarazione e il pagamento del contributo non determinano in automatico l\u2019acquisto della cittadinanza italiana.<\/strong> Per il rilascio del passaporto e la fruizione di tutti i servizi consolari, prima di procedere alla prenotazione online, \u00e8 necessario attendere un conferma da parte del Consolato circa la conclusione della procedura.<\/p>\n","protected":false},"excerpt":{"rendered":"ATTENZIONE &#8211; La Legge 28 febbraio 2026, n. 26 di conversione del Decreto Legge 31 dicembre 2025, n. 200, ha esteso il termine di cui all&#8217;art. 1, comma 1-ter, del Decreto Legge 28 marzo 2026, n. 36, al 31 maggio 2029 In due casi, previsti dal comma 1-bis dell\u2019articolo 4 della legge n. 91\/1992 e [&hellip;]","protected":false},"author":9,"featured_media":0,"parent":90,"menu_order":0,"comment_status":"closed","ping_status":"closed","template":"","meta":{"footnotes":""},"class_list":["post-5653","page","type-page","status-publish","hentry"],"_links":{"self":[{"href":"https:\/\/ambtelaviv.esteri.it\/it\/wp-json\/wp\/v2\/pages\/5653","targetHints":{"allow":["GET"]}}],"collection":[{"href":"https:\/\/ambtelaviv.esteri.it\/it\/wp-json\/wp\/v2\/pages"}],"about":[{"href":"https:\/\/ambtelaviv.esteri.it\/it\/wp-json\/wp\/v2\/types\/page"}],"author":[{"embeddable":true,"href":"https:\/\/ambtelaviv.esteri.it\/it\/wp-json\/wp\/v2\/users\/9"}],"replies":[{"embeddable":true,"href":"https:\/\/ambtelaviv.esteri.it\/it\/wp-json\/wp\/v2\/comments?post=5653"}],"version-history":[{"count":6,"href":"https:\/\/ambtelaviv.esteri.it\/it\/wp-json\/wp\/v2\/pages\/5653\/revisions"}],"predecessor-version":[{"id":7025,"href":"https:\/\/ambtelaviv.esteri.it\/it\/wp-json\/wp\/v2\/pages\/5653\/revisions\/7025"}],"up":[{"embeddable":true,"href":"https:\/\/ambtelaviv.esteri.it\/it\/wp-json\/wp\/v2\/pages\/90"}],"wp:attachment":[{"href":"https:\/\/ambtelaviv.esteri.it\/it\/wp-json\/wp\/v2\/media?parent=5653"}],"curies":[{"name":"wp","href":"https:\/\/api.w.org\/{rel}","templated":true}]}}