{"id":6009,"date":"2025-08-21T17:02:12","date_gmt":"2025-08-21T14:02:12","guid":{"rendered":"https:\/\/ambtelaviv.esteri.it\/?page_id=6009"},"modified":"2025-08-21T17:19:54","modified_gmt":"2025-08-21T14:19:54","slug":"autenticazione-amministrativa-di-firma-e-altri-atti-amministrativi","status":"publish","type":"page","link":"https:\/\/ambtelaviv.esteri.it\/it\/servizi-consolari-e-visti\/servizi-per-il-cittadino-italiano\/autenticazione-amministrativa-di-firma-e-altri-atti-amministrativi\/","title":{"rendered":"Autenticazione amministrativa di firma e altri atti amministrativi"},"content":{"rendered":"<h3>A<strong>utenticazione amministrativa di firma<\/strong><\/h3>\n<p>Le amministrazioni pubbliche e i gestori di servizi pubblici non possono richiedere o accettare atti o certificati contenenti informazioni gi\u00e0 in possesso di un\u2019altra amministrazione. Tali certificati sono sempre sostituiti dalle\u00a0dichiarazioni sostitutive di certificazione o dell\u2019atto di notoriet\u00e0. Se l\u2019istanza o la dichiarazione sostitutiva \u00e8 presentata a soggetti diversi dagli enti sopra citati o a questi ultimi al fine della riscossione da parte di terzi di benefici economici, \u00e8 necessario che la firma del dichiarante sia autenticata da un pubblico Ufficiale il quale attesta che la sottoscrizione \u00e8 stata apposta in sua presenza, previo accertamento dell\u2019identit\u00e0 del dichiarante, indicando le modalit\u00e0 di identificazione, la data ed il luogo di autenticazione, il proprio nome, cognome e la qualifica rivestita, nonch\u00e9 apponendo la propria firma e il timbro dell\u2019ufficio.<\/p>\n<p>Per i cittadini italiani residenti nella circoscrizione consolare l\u2019attivit\u00e0 di autenticazione \u00e8 svolta da un funzionario della Cancelleria Consolare. <strong>Per procedere all\u2019autentica della firma \u00e8 necessario presentarsi personalmente all&#8217;Ambasciata nel giorno dell\u2019appuntamento con un documento di riconoscimento in corso di validit\u00e0<\/strong>\u00a0e, ove possibile, il proprio codice fiscale.<\/p>\n<p>Costo: art. 24 tabella dei diritti consolari<\/p>\n<p>&nbsp;<\/p>\n<blockquote><p><strong>ATTENZIONE!<\/strong><\/p>\n<p><strong>Per i cittadini italiani non residenti che non possono avvalersi di autocertificazione, cos\u00ec come per i cittadini stranieri che risiedono legalmente in questa <\/strong><strong>circoscrizione consolare<\/strong>: la firma dovr\u00e0 essere autenticata da un notaio locale e poi legalizzata tramite Apostille.<\/p>\n<p>Se l&#8217;autentica \u00e8 necessaria per istanze rivolte a questa Cancelleria Consolare oppure \u00e8 apposta in calce a deleghe per il ritiro di documenti, l&#8217;utente del servizio consolare potr\u00e0 farsi autenticare la propria firma in Cancelleria Consolare il giorno dell&#8217;appuntamento fissato tramite il sistema Prenotami.<\/p><\/blockquote>\n<h3><\/h3>\n<h3><strong>Autenticazione di fotocopia<\/strong><\/h3>\n<p>Dietro presentazione dell\u2019originale di un documento italiano e della sua copia fotostatica.<\/p>\n<p>Costo: art. 71 tabella dei diritti consolari<\/p>\n<p>&nbsp;<\/p>\n<h3><strong>Attestazioni concernenti leggi e consuetudini vigenti in Italia o nello Stato di residenza<\/strong><\/h3>\n<p>Da richiedere via mail tramite l&#8217;indirizzo consolato.telaviv@esteri.it<\/p>\n<p>Costo: art. 65 tabella dei diritti consolari<\/p>\n<p>&nbsp;<\/p>\n<p>&nbsp;<\/p>\n","protected":false},"excerpt":{"rendered":"Autenticazione amministrativa di firma Le amministrazioni pubbliche e i gestori di servizi pubblici non possono richiedere o accettare atti o certificati contenenti informazioni gi\u00e0 in possesso di un\u2019altra amministrazione. Tali certificati sono sempre sostituiti dalle\u00a0dichiarazioni sostitutive di certificazione o dell\u2019atto di notoriet\u00e0. Se l\u2019istanza o la dichiarazione sostitutiva \u00e8 presentata a soggetti diversi dagli enti [&hellip;]","protected":false},"author":9,"featured_media":0,"parent":47,"menu_order":15,"comment_status":"closed","ping_status":"closed","template":"","meta":{"footnotes":""},"class_list":["post-6009","page","type-page","status-publish","hentry"],"_links":{"self":[{"href":"https:\/\/ambtelaviv.esteri.it\/it\/wp-json\/wp\/v2\/pages\/6009","targetHints":{"allow":["GET"]}}],"collection":[{"href":"https:\/\/ambtelaviv.esteri.it\/it\/wp-json\/wp\/v2\/pages"}],"about":[{"href":"https:\/\/ambtelaviv.esteri.it\/it\/wp-json\/wp\/v2\/types\/page"}],"author":[{"embeddable":true,"href":"https:\/\/ambtelaviv.esteri.it\/it\/wp-json\/wp\/v2\/users\/9"}],"replies":[{"embeddable":true,"href":"https:\/\/ambtelaviv.esteri.it\/it\/wp-json\/wp\/v2\/comments?post=6009"}],"version-history":[{"count":5,"href":"https:\/\/ambtelaviv.esteri.it\/it\/wp-json\/wp\/v2\/pages\/6009\/revisions"}],"predecessor-version":[{"id":6025,"href":"https:\/\/ambtelaviv.esteri.it\/it\/wp-json\/wp\/v2\/pages\/6009\/revisions\/6025"}],"up":[{"embeddable":true,"href":"https:\/\/ambtelaviv.esteri.it\/it\/wp-json\/wp\/v2\/pages\/47"}],"wp:attachment":[{"href":"https:\/\/ambtelaviv.esteri.it\/it\/wp-json\/wp\/v2\/media?parent=6009"}],"curies":[{"name":"wp","href":"https:\/\/api.w.org\/{rel}","templated":true}]}}