{"id":6023,"date":"2025-08-21T17:18:41","date_gmt":"2025-08-21T14:18:41","guid":{"rendered":"https:\/\/ambtelaviv.esteri.it\/?page_id=6023"},"modified":"2025-08-21T17:18:41","modified_gmt":"2025-08-21T14:18:41","slug":"autentica-di-firma","status":"publish","type":"page","link":"https:\/\/ambtelaviv.esteri.it\/it\/servizi-consolari-e-visti\/servizi-per-il-cittadino-straniero\/autentica-di-firma\/","title":{"rendered":"Autentica di firma"},"content":{"rendered":"<p><strong>I cittadini stranieri che risiedono legalmente in questa <\/strong><strong>circoscrizione consolare <\/strong>che devono presentare attestazioni o dichiarazioni alla Pubblica Amministrazione devono fare legalizzare la propria firma presso un notaio locale. L&#8217;autentica notarile, tradotta se non redatta in italiano, poi dovr\u00e0 essere legalizzata tramite Apostille.<\/p>\n<p>Se l&#8217;autentica di firma \u00e8 necessaria per istanze rivolte a questa Cancelleria Consolare oppure \u00e8 apposta in calce a deleghe per il ritiro di documenti, l&#8217;utente del servizio consolare potr\u00e0 farsi autenticare la propria firma in Cancelleria Consolare il giorno dell&#8217;appuntamento fissato tramite il sistema Prenotami.<\/p>\n","protected":false},"excerpt":{"rendered":"I cittadini stranieri che risiedono legalmente in questa circoscrizione consolare che devono presentare attestazioni o dichiarazioni alla Pubblica Amministrazione devono fare legalizzare la propria firma presso un notaio locale. L&#8217;autentica notarile, tradotta se non redatta in italiano, poi dovr\u00e0 essere legalizzata tramite Apostille. Se l&#8217;autentica di firma \u00e8 necessaria per istanze rivolte a questa Cancelleria [&hellip;]","protected":false},"author":9,"featured_media":0,"parent":48,"menu_order":15,"comment_status":"closed","ping_status":"closed","template":"","meta":{"footnotes":""},"class_list":["post-6023","page","type-page","status-publish","hentry"],"_links":{"self":[{"href":"https:\/\/ambtelaviv.esteri.it\/it\/wp-json\/wp\/v2\/pages\/6023","targetHints":{"allow":["GET"]}}],"collection":[{"href":"https:\/\/ambtelaviv.esteri.it\/it\/wp-json\/wp\/v2\/pages"}],"about":[{"href":"https:\/\/ambtelaviv.esteri.it\/it\/wp-json\/wp\/v2\/types\/page"}],"author":[{"embeddable":true,"href":"https:\/\/ambtelaviv.esteri.it\/it\/wp-json\/wp\/v2\/users\/9"}],"replies":[{"embeddable":true,"href":"https:\/\/ambtelaviv.esteri.it\/it\/wp-json\/wp\/v2\/comments?post=6023"}],"version-history":[{"count":1,"href":"https:\/\/ambtelaviv.esteri.it\/it\/wp-json\/wp\/v2\/pages\/6023\/revisions"}],"predecessor-version":[{"id":6024,"href":"https:\/\/ambtelaviv.esteri.it\/it\/wp-json\/wp\/v2\/pages\/6023\/revisions\/6024"}],"up":[{"embeddable":true,"href":"https:\/\/ambtelaviv.esteri.it\/it\/wp-json\/wp\/v2\/pages\/48"}],"wp:attachment":[{"href":"https:\/\/ambtelaviv.esteri.it\/it\/wp-json\/wp\/v2\/media?parent=6023"}],"curies":[{"name":"wp","href":"https:\/\/api.w.org\/{rel}","templated":true}]}}