{"id":6589,"date":"2026-01-16T00:45:54","date_gmt":"2026-01-15T21:45:54","guid":{"rendered":"https:\/\/ambtelaviv.esteri.it\/?page_id=6589"},"modified":"2026-01-16T16:33:14","modified_gmt":"2026-01-16T13:33:14","slug":"matrimonio-in-italia-e-pubblicazioni-di-matrimonio","status":"publish","type":"page","link":"https:\/\/ambtelaviv.esteri.it\/it\/servizi-consolari-e-visti\/servizi-per-il-cittadino-italiano\/stato-civile\/matrimonio-in-italia-e-pubblicazioni-di-matrimonio\/","title":{"rendered":"Matrimonio in Italia e pubblicazioni di matrimonio"},"content":{"rendered":"<p>Quando\u00a0<u>almeno uno dei due nubendi<\/u>\u00a0\u00e8 un cittadino italiano residente nella Circoscrizione dell\u2019Ambasciata d\u2019Italia a Tel Aviv (iscritto AIRE) e intende sposarsi in Italia con cerimonia civile o religiosa con effetti civili, le\u00a0<strong>pubblicazioni di matrimonio\u00a0possono essere richieste alla Cancelleria Consolare di quest\u2019Ambasciata<\/strong>. Se residenti nella circoscrizione di Gerusalemme, siete invitati a contattare il Consolato Generale d&#8217;Italia in Gerusalemme.<\/p>\n<p>Chi invece intende contrarre in Italia un\u2019<strong>unione civile tra persone dello stesso sesso\u00a0<\/strong>(ex Legge 20 maggio 2016 n. 76)\u00a0<strong><u>non<\/u><\/strong><u>\u00a0<\/u>deve richiedere le pubblicazioni in quanto non previste dalla normativa vigente.<\/p>\n<p><strong>\u00a0<\/strong><\/p>\n<p>Per eseguire le pubblicazioni di matrimonio\u00a0<strong>\u00e8 necessario\u00a0coordinare un appuntamento con l\u2019Ufficiale di Stato Civile <\/strong><strong>inviando una email all\u2019indirizzo<\/strong><strong> <a href=\"mailto:consolato.telaviv@esteri.it\">consolato.telaviv@esteri.it<\/a>.<\/strong><\/p>\n<p><strong>Alla email dovr\u00e0 essere allegata la seguente documentazione da consegnare in originale il giorno dell\u2019appuntamento:<\/strong><\/p>\n<p><strong>Opzione 1 &#8211; ENTRAMBI I NUBENDI ITALIANI<\/strong><\/p>\n<ul>\n<li><a href=\"https:\/\/ambtelaviv.esteri.it\/wp-content\/uploads\/2026\/01\/Richiesta-pubblicazioni.pdf\">richiesta di pubblicazioni di matrimonio<\/a>\u00a0compilato in ogni parte e\u00a0firmato a penna con firma autografa\u00a0da entrambi i nubendi;<\/li>\n<li>fotocopia del passaporto o della carta d\u2019identit\u00e0 di entrambi i nubendi;<\/li>\n<li>se matrimonio religioso ad effetti civili, lettera su carta intestata della Chiesa\/Sinagoga sita in Italia dove si celebrer\u00e0 il matrimonio, con timbro e firma del Parroco\/Rabbino o del celebrante che celebrer\u00e0 le nozze. La lettera deve specificare le generalit\u00e0 complete degli sposi, nonch\u00e9 il luogo esatto e la data del matrimonio;<\/li>\n<li>Contante per il pagamento delle percezioni consolari (art. 03 per l\u2019affissione delle pubblicazioni + art. 02c per il certificato di avvenute pubblicazioni).<\/li>\n<\/ul>\n<p><strong>Opzione 2 &#8211; SOLO UN NUBENDO ITALIANO<\/strong><\/p>\n<ul>\n<li><a href=\"https:\/\/ambtelaviv.esteri.it\/wp-content\/uploads\/2026\/01\/Richiesta-pubblicazioni.pdf\">richiesta di pubblicazioni di matrimonio<\/a> compilato in ogni parte e\u00a0firmato a penna con firma autografa\u00a0da entrambi i nubendi;<\/li>\n<li>fotocopia del passaporto o della carta d\u2019identit\u00e0 di entrambi i nubendi;<\/li>\n<li>se matrimonio religioso ad effetti civili, lettera su carta intestata della Chiesa\/Sinagoga sita in Italia dove si celebrer\u00e0 il matrimonio, con timbro e firma del Parroco\/Rabbino o del celebrante che celebrer\u00e0 le nozze. La lettera deve specificare le generalit\u00e0 complete degli sposi, nonch\u00e9 il luogo esatto e la data del matrimonio;<\/li>\n<li>Atto di nascita del nubendo straniero;<\/li>\n<li>Certificazione di stato civile libero;<\/li>\n<li><strong>Nulla osta<\/strong> al matrimonio ex art. 116 C.C. emesso da non pi\u00f9 di 6 mesi o <strong>Certificato di capacit\u00e0 matrimoniale plurilingue\u00a0<\/strong>ex Convenzione di Monaco del 1980 (Austria, Germania, Grecia, Lussemburgo, Moldova, Paesi Bassi, Portogallo, Spagna, Svizzera, Turchia). Tale certificato deve indicare:<\/li>\n<\/ul>\n<ol>\n<li style=\"list-style-type: none;\">\n<ul>\n<li>cognome, nome, data e luogo di nascita, cittadinanza, residenza, stato libero, nome e cognome dei genitori e le generalit\u00e0 della persona di cittadinanza italiana con cui ci si sposa;<\/li>\n<li>la dichiarazione c<u>he non vi sono impedimenti al matrimonio<\/u>\u00a0secondo le leggi dello Stato di appartenenza;<\/li>\n<li>per la donna divorziata, la data di scioglimento del matrimonio;<\/li>\n<li>per la donna vedova, la data di vedovanza;<\/li>\n<\/ul>\n<\/li>\n<\/ol>\n<blockquote><p>In caso di mancata presentazione del Certificato di Capacit\u00e0 matrimoniale, del Nulla Osta ex art. 116 C.C. o documentazione equivalente, non si potr\u00e0 procedere con le pubblicazioni e verr\u00e0 emesso un Decreto Consolare di rifiuto avverso il quale presentare ricorso al Tribunale Ordinario \u2013 Sezione Volontaria Giurisdizione \u2013 che autorizzer\u00e0 la pubblicazione. In questo caso si consiglia di anticipare la richiesta in modo da considerare anche le tempistiche del ricorso in Tribunale sempre tenendo a mente, per\u00f2, che al momento dell\u2019autorizzazione giudiziaria si proceder\u00e0 con le affissioni. <u>Non sono accettabili autodichiarazioni o <\/u><em><u>Affidavit<\/u><\/em>\u00a0rilasciate dall\u2019interessato\/a in sostituzione del nulla osta.<\/p><\/blockquote>\n<ul>\n<li>Contante per il pagamento delle percezioni consolari (art. 03 per l\u2019affissione delle pubblicazioni + art. 02c per il certificato di avvenute pubblicazioni + art. 24 autentica di firma del nubendo straniero).<\/li>\n<\/ul>\n<p>&nbsp;<\/p>\n<p><strong>ATTENZIONE: la documentazione rilasciata da Autorit\u00e0 straniere deve essere apostillata e tradotta.<\/strong><\/p>\n<p>Per informazioni circa il tipo esatto di certificato necessario per i cittadini di un determinato Paese, si consiglia di rivolgersi alla relativa\u00a0 rappresentanza diplomatico\/consolare in Italia<strong>\u00a0o visionare il sito\u00a0<\/strong>della rappresentanza diplomatico\/consolare italiana in quel Paese.<\/p>\n<p>&nbsp;<\/p>\n<p>Le pubblicazioni restano affisse per otto giorni consecutivi presso\u00a0<a href=\"https:\/\/ambtelaviv.esteri.it\/it\/servizi-consolari-e-visti\/servizi-per-il-cittadino-italiano\/albo-consolare\/pubblicazioni-albo-consolare\/\">l\u2019Albo Consolare online<\/a>.\u00a0 Il terzo giorno dalle compiute pubblicazioni, la procedura si conclude con\u00a0<u>l\u2019emissione del \u201ccertificato di eseguite pubblicazioni di matrimonio\u2019\u2019<\/u>\u00a0che ha\u00a0<strong>una validit\u00e0 di 180 giorni<\/strong>\u00a0e ha anche\u00a0<u>la funzione di delega<\/u>\u00a0al Comune dove verr\u00e0 celebrato il matrimonio, in caso di matrimonio civile. Il certificato di eseguite pubblicazioni andr\u00e0 ritirato al termine delle pubblicazioni e consegnato a cura dei nubendi al Celebrante. Nel caso di matrimonio civile, questa Ambasciata anticiper\u00e0 la documentazione a mezzo PEC direttamente all\u2019Ufficiale dello Stato Civile del Comune in cui si celebrer\u00e0 il matrimonio.<\/p>\n<p>Decorso il termine dei 180 giorni senza che il matrimonio sia stato celebrato,\u00a0 occorrer\u00e0 ripetere le pubblicazioni.<\/p>\n<p>&nbsp;<\/p>\n<p><u>\u00a0 \u00a0 \u00a0 \u00a0 \u00a0 \u00a0 \u00a0 \u00a0 \u00a0 \u00a0 \u00a0 \u00a0 \u00a0 \u00a0 \u00a0 \u00a0 \u00a0 \u00a0 \u00a0 \u00a0 \u00a0 \u00a0 \u00a0 \u00a0 \u00a0 \u00a0 \u00a0 \u00a0 \u00a0 \u00a0 \u00a0 \u00a0 \u00a0 \u00a0 \u00a0 \u00a0 \u00a0 \u00a0 \u00a0\u00a0<\/u><\/p>\n<p>&nbsp;<\/p>\n<p><strong>DOPPIA PUBBLICAZIONE<\/strong><\/p>\n<p>Nel caso di due cittadini italiani, di cui uno residente presso la circoscrizione di questa Ambasciata e uno residente in Italia o iscritto AIRE presso altro Stato, si potranno eseguire le pubblicazioni\u00a0<strong>alternativamente<\/strong>\u00a0presso quest\u2019Ambasciata oppure presso il Comune o altro Consolato di residenza. Sar\u00e0 il Consolato a richiedere al Comune\/altro Consolato di eseguire una doppia pubblicazione o viceversa.<\/p>\n<p>&nbsp;<\/p>\n<hr \/>\n<p>&nbsp;<\/p>\n<p><strong>CITTADINI ITALIANI CHE SI SPOSANO ALL&#8217;ESTERO<\/strong><\/p>\n<p>I cittadini italiani che si sposano all\u2019estero non sono soggetti alle pubblicazioni di matrimonio, a meno che le stesse non siano richieste dalla legislazione straniera. In alcuni casi l\u2019Autorit\u00e0 estera richiede un\u00a0<strong>\u201cCertificato di capacit\u00e0 matrimoniale\u201d ai sensi della Convenzione di Monaco del 5 settembre 1980.<\/strong>\u00a0Tale certificato \u00e8 esente da legalizzazione e traduzione.<\/p>\n","protected":false},"excerpt":{"rendered":"Quando\u00a0almeno uno dei due nubendi\u00a0\u00e8 un cittadino italiano residente nella Circoscrizione dell\u2019Ambasciata d\u2019Italia a Tel Aviv (iscritto AIRE) e intende sposarsi in Italia con cerimonia civile o religiosa con effetti civili, le\u00a0pubblicazioni di matrimonio\u00a0possono essere richieste alla Cancelleria Consolare di quest\u2019Ambasciata. Se residenti nella circoscrizione di Gerusalemme, siete invitati a contattare il Consolato Generale d&#8217;Italia [&hellip;]","protected":false},"author":9,"featured_media":0,"parent":68,"menu_order":10,"comment_status":"closed","ping_status":"closed","template":"","meta":{"footnotes":""},"class_list":["post-6589","page","type-page","status-publish","hentry"],"_links":{"self":[{"href":"https:\/\/ambtelaviv.esteri.it\/it\/wp-json\/wp\/v2\/pages\/6589","targetHints":{"allow":["GET"]}}],"collection":[{"href":"https:\/\/ambtelaviv.esteri.it\/it\/wp-json\/wp\/v2\/pages"}],"about":[{"href":"https:\/\/ambtelaviv.esteri.it\/it\/wp-json\/wp\/v2\/types\/page"}],"author":[{"embeddable":true,"href":"https:\/\/ambtelaviv.esteri.it\/it\/wp-json\/wp\/v2\/users\/9"}],"replies":[{"embeddable":true,"href":"https:\/\/ambtelaviv.esteri.it\/it\/wp-json\/wp\/v2\/comments?post=6589"}],"version-history":[{"count":4,"href":"https:\/\/ambtelaviv.esteri.it\/it\/wp-json\/wp\/v2\/pages\/6589\/revisions"}],"predecessor-version":[{"id":6601,"href":"https:\/\/ambtelaviv.esteri.it\/it\/wp-json\/wp\/v2\/pages\/6589\/revisions\/6601"}],"up":[{"embeddable":true,"href":"https:\/\/ambtelaviv.esteri.it\/it\/wp-json\/wp\/v2\/pages\/68"}],"wp:attachment":[{"href":"https:\/\/ambtelaviv.esteri.it\/it\/wp-json\/wp\/v2\/media?parent=6589"}],"curies":[{"name":"wp","href":"https:\/\/api.w.org\/{rel}","templated":true}]}}