{"id":698,"date":"2023-06-16T09:45:21","date_gmt":"2023-06-16T06:45:21","guid":{"rendered":"https:\/\/ambtelaviv.esteri.it\/?page_id=698"},"modified":"2026-03-28T20:18:33","modified_gmt":"2026-03-28T17:18:33","slug":"anagrafe","status":"publish","type":"page","link":"https:\/\/ambtelaviv.esteri.it\/it\/servizi-consolari-e-visti\/servizi-per-il-cittadino-italiano\/anagrafe\/","title":{"rendered":"Anagrafe"},"content":{"rendered":"<p>L\u2019iscrizione all\u2019AIRE \u00e8 un diritto-dovere del cittadino e costituisce il presupposto per usufruire di una serie di servizi forniti dalle rappresentanze diplomatiche e consolari all\u2019estero e per l\u2019esercizio di importanti diritti come il voto.<\/p>\n<blockquote><p>Nel ricordare che l\u2019iscrizione all\u2019AIRE \u00e8 un preciso dovere del connazionale residente all\u2019estero nonch\u00e9 un presupposto fondamentale per l\u2019accesso ai servizi consolari, si segnala che la Legge 30 dicembre 2023, n. 213 recante il <em>Bilancio di previsione dello Stato per l&#8217;anno finanziario 2024 e bilancio pluriennale per il triennio 2024-2026<\/em> ha introdotto alcune importanti modifiche relativamente alle iscrizioni anagrafiche. Nello specifico, l\u2019art. 1 comma 242, modificando la Legge n. 1228 del 24 dicembre 1954, introduce misure pi\u00f9 severe per chi, spostando <u>anche solo di fatto<\/u> la propria residenza all\u2019estero, non ottempera all\u2019iscrizione all\u2019AIRE. Nello specifico, il novellato art. 11 della prefata L. 1228\/1954 permette ai Comuni italiani di erogare <strong>una sanzione da 200 Euro fino ad un massimo di 1.000 Euro a persona per ogni anno di mancata iscrizione all\u2019AIRE<\/strong> e fino ad un massimo di 5 anni.<\/p>\n<p>Inoltre, l\u2019art. 1 comma 243 della Legge di Bilancio, prevede uno <strong>specifico obbligo di segnalazione al comune di iscrizione anagrafica in capo a tutte le amministrazioni pubbliche<\/strong> che, nell\u2019esercizio delle loro funzioni, vengano a conoscenza di elementi tali da indicare la residenza all\u2019estero, anche solo di fatto, del concittadino. Il comune di iscrizione anagrafica dovr\u00e0 comunicare all\u2019Agenzia delle Entrate le informazioni ricevute, cos\u00ec da poter dare inizio a controlli di carattere tributario.<\/p><\/blockquote>\n<p><strong>ISCRIZIONE AIRE<\/strong><\/p>\n<p>Per effettuare l\u2019iscrizione puoi seguire questi semplici passi:<\/p>\n<p><strong>STEP 1 \u2013 Registrazione su Fast.it<\/strong><\/p>\n<ul>\n<li>Accedi e registrati sul portale\u00a0<a href=\"https:\/\/serviziconsolari.esteri.it\/ScoFE\/dashboard.sco?cid=5322081\">Fast.it<\/a>;<\/li>\n<li>effettuata la registrazione, potrai richiedere l\u2019iscrizione all\u2019AIRE, seguendo la procedura guidata;<\/li>\n<li>dopo aver inserito i tuoi dati anagrafici, il sistema generer\u00e0 automaticamente un \u201cModulo di richiesta di iscrizione all\u2019AIRE\u201d che dovrai scaricare, stampare e firmare.<\/li>\n<\/ul>\n<blockquote><p><a href=\"https:\/\/ambtelaviv.esteri.it\/wp-content\/uploads\/2026\/03\/Fast_It_-_Manuale_per_il_Cittadino.pdf\">Manuale FastIT<\/a><\/p><\/blockquote>\n<p><strong>STEP 2 \u2013 Caricamento documenti<\/strong><\/p>\n<p>Carica nella sezione dedicata i seguenti file:<\/p>\n<p>&nbsp;<\/p>\n<p>CITTADINI ESCLUSIVAMENTE ITALIANI<\/p>\n<ul>\n<li>\u201cModulo di richiesta di iscrizione all\u2019AIRE\u201d, opportunamente firmato e scansionato (v. \u201cStep 1\u201d);<\/li>\n<li>scansione del passaporto italiano valido per ognuno dei membri della tua famiglia (nella scansione dovranno essere chiaramente distinguibili foto, firma, dati anagrafici e numero del documento);<\/li>\n<li>scansione di un documento comprovante la residenza in Israele, ad esempio, il certificato di residenza \u201cTamzit Rishum Male\u201d, una bolletta di utenza (acqua, luce, o gas) o la cartella delle tasse municipali intestata al richiedente. Nel caso di residenza per studio o lavoro, \u00e8 accettato come prova di residenza anche il visto d&#8217;ingresso israeliano;<\/li>\n<li>Se in possesso, copia della Carta d\u2019Identit\u00e0 o degli estremi di trascrizione della nascita (se non nati in Italia).<\/li>\n<\/ul>\n<p>CITTADINI ITALO-ISRAELIANI<\/p>\n<ul>\n<li>\u201cModulo di richiesta di iscrizione all\u2019AIRE\u201d, opportunamente firmato e scansionato (v. \u201cStep 1\u201d);<\/li>\n<li>scansione del passaporto italiano valido per ognuno dei membri della tua famiglia (nella scansione dovranno essere chiaramente distinguibili foto, firma, dati anagrafici e numero del documento);<\/li>\n<li>scansione di un documento comprovante la residenza in Israele, ad esempio, il certificato di residenza \u201cTamzit Rishum Male\u201d, una bolletta di utenza (acqua, luce, o gas) o la cartella delle tasse municipali intestata al richiedente;<\/li>\n<li>Se in possesso, copia della Carta d\u2019Identit\u00e0 o degli estremi di trascrizione della nascita (se non nati in Italia);<\/li>\n<li>Sefach della Teudat Zeut;<\/li>\n<li>Entry\/Exit Report da scaricare dal sito MyGov.il (non apostillato e non tradotto);<\/li>\n<\/ul>\n<p>CITTADINI ITALIANI RICONOSCIUTI CON PROCEDIMENTO IURE SANGUINIS (Tribunale)<\/p>\n<ul>\n<li>\u201cModulo di richiesta di iscrizione all\u2019AIRE\u201d, opportunamente firmato e scansionato (v. \u201cStep 1\u201d);<\/li>\n<li>scansione di un documento comprovante la residenza in Israele, ad esempio, il certificato di residenza \u201cTamzit Rishum Male\u201d, una bolletta di utenza (acqua, luce, o gas) o la cartella delle tasse municipali intestata al richiedente;<\/li>\n<li>Sefach della Teudat Zeut;<\/li>\n<li>Passaporto israeliano<\/li>\n<li>Sentenza del Tribunale<\/li>\n<li>Conferma dell\u2019avvenuta trascrizione della Sentenza nei Registri dello Stato Civile (o indicazione del Comune di trascrizione al fine di procedere all\u2019acquisizione d\u2019Ufficio)<\/li>\n<li>Prova dell\u2019avvenuta trascrizione dell\u2019atto di nascita (o indicazione del Comune di avvenuta trascrizione al fine di procedere all\u2019acquisizione d\u2019ufficio)<\/li>\n<\/ul>\n<p>&nbsp;<\/p>\n<p>ATTENZIONE: Se l\u2019atto di nascita non \u00e8 stato trascritto, prima di procedere all&#8217;iscrizione all&#8217;AIRE, deve essere presentato in Cancelleria al fine di procedere con la trascrizione nei Registri dello Stato Civile.<\/p>\n<p>Caricati i documenti di cui allo \u201cStep 2\u201d, sar\u00e0 possibile inviare la propria richiesta di iscrizione all\u2019AIRE.<\/p>\n<p><strong>STEP 3 \u2013 Validazione richiesta da parte del Consolato<\/strong><\/p>\n<ul>\n<li>Il Consolato prender\u00e0 in carico la tua richiesta e provveder\u00e0 a controllare i documenti caricati.<\/li>\n<li>Qualora venissero rilevati errori, riceverai indicazioni dal Consolato;<\/li>\n<li>Se la pratica \u00e8 stata caricata correttamente, invece, il Consolato valider\u00e0 la tua richiesta e la trasmetter\u00e0 al Comune di iscrizione AIRE;<\/li>\n<li>Una volta validata la domanda, riceverai una notifica dal FastIT.<\/li>\n<\/ul>\n<p><strong>STEP 4 \u2013 Iscrizione nel registro AIRE da parte del Comune<\/strong><\/p>\n<ul>\n<li>Il Comune di iscrizione AIRE, effettuate le opportune verifiche, provveder\u00e0 alla tua iscrizione nel registro anagrafico degli italiani residenti all\u2019estero e ti invier\u00e0 una notifica via mail.<\/li>\n<\/ul>\n<p>&nbsp;<\/p>\n<p><strong>VARIAZIONE INDIRIZZO DI RESIDENZA<\/strong><\/p>\n<p>Se sei gi\u00e0 iscritto all\u2019AIRE, tramite il portale\u00a0<a href=\"https:\/\/serviziconsolari.esteri.it\/ScoFE\/services\/service-info.sco?serviceId=91&amp;sCode=RCR\">Fast.it<\/a>\u00a0puoi comunicare la variazione dell&#8217;indirizzo di\u00a0residenza per\u00a0te e i tuoi familiari. La richiesta verr\u00e0 inoltrata all\u2019Ufficio consolare che effettuer\u00e0 le modifiche richieste e comunicher\u00e0 l\u2019aggiornamento dei dati al tuo Comune di iscrizione AIRE.<\/p>\n<p>DOCUMENTAZIONE DA CARICARE:<\/p>\n<ul>\n<li>\u201cModulo di richiesta di variazione AIRE\u201d, opportunamente firmato da ogni adulto italiano convivente nella famiglia anagrafica (il modulo \u00e8 generato automaticamente dal sistema);<\/li>\n<li>scansione del passaporto italiano valido per ognuno dei membri della tua famiglia (nella scansione dovranno essere chiaramente distinguibili foto, firma, dati anagrafici e numero del documento);<\/li>\n<li>scansione di un documento comprovante la nuova residenza in Israele, ad esempio, il certificato di residenza \u201cTamzit Rishum Male\u201d, una bolletta di utenza (acqua, luce, o gas) o la cartella delle tasse municipali intestata al richiedente;<\/li>\n<li>per i cittadini israeliani,\u00a0Sefach della Teudat Zeut;<\/li>\n<\/ul>\n<p>Ti ricordiamo che il mancato aggiornamento delle informazioni relative all\u2019indirizzo rende impossibile il contatto con il cittadino e il ricevimento della cartolina o del plico elettorale in caso di votazioni.<\/p>\n<p>&gt;\u00a0<a href=\"https:\/\/serviziconsolari.esteri.it\/ScoFE\/services\/category-info.sco?categoryId=3&amp;cid=513166\">Comunica la variazione del tuo indirizzo di residenza<\/a><\/p>\n<p>&nbsp;<\/p>\n<p><strong>VARIAZIONE CONTATTI<\/strong><\/p>\n<p>Se sei gi\u00e0 iscritto all\u2019AIRE, tramite il portale\u00a0<a href=\"https:\/\/serviziconsolari.esteri.it\/ScoFE\/services\/service-info.sco?serviceId=91&amp;sCode=RCR\">Fast.it<\/a> puoi verificare i tuoi contatti telefonici e email. Se devi aggiornarli, manda una email a telaviv.sportello@esteri.it con la copia del tuo passaporto e i nuovi contatti. Provvederemo ad aggiornare la tua scheda quanto prima. Per favore, inserisci nell&#8217;oggetto della email &#8220;VARIAZIONE CONTATTI SCHEDA CONSOLARE&#8221;<\/p>\n<p>&nbsp;<\/p>\n<p><strong>RIMPATRIO<\/strong><\/p>\n<p>In caso di rientro definitivo in Italia, dovrai presentarti personalmente presso il tuo Comune per dichiarare il nuovo indirizzo di residenza. Il Comune provveder\u00e0 alla cancellazione dall\u2019AIRE e alla contestuale iscrizione in APR (Anagrafe Popolazione Residente). Sar\u00e0 poi cura del\u00a0Comune comunicare ufficialmente la data di decorrenza del rimpatrio al nostro Consolato.<\/p>\n<p>&nbsp;<\/p>\n<p><a href=\"https:\/\/ambtelaviv.esteri.it\/wp-content\/uploads\/2026\/03\/Fast_It_-_Manuale_per_il_Cittadino.pdf\">MANUALE FASTIT<\/a><\/p>\n","protected":false},"excerpt":{"rendered":"L\u2019iscrizione all\u2019AIRE \u00e8 un diritto-dovere del cittadino e costituisce il presupposto per usufruire di una serie di servizi forniti dalle rappresentanze diplomatiche e consolari all\u2019estero e per l\u2019esercizio di importanti diritti come il voto. Nel ricordare che l\u2019iscrizione all\u2019AIRE \u00e8 un preciso dovere del connazionale residente all\u2019estero nonch\u00e9 un presupposto fondamentale per l\u2019accesso ai servizi [&hellip;]","protected":false},"author":8,"featured_media":0,"parent":47,"menu_order":4,"comment_status":"closed","ping_status":"closed","template":"","meta":{"footnotes":""},"class_list":["post-698","page","type-page","status-publish","hentry"],"_links":{"self":[{"href":"https:\/\/ambtelaviv.esteri.it\/it\/wp-json\/wp\/v2\/pages\/698","targetHints":{"allow":["GET"]}}],"collection":[{"href":"https:\/\/ambtelaviv.esteri.it\/it\/wp-json\/wp\/v2\/pages"}],"about":[{"href":"https:\/\/ambtelaviv.esteri.it\/it\/wp-json\/wp\/v2\/types\/page"}],"author":[{"embeddable":true,"href":"https:\/\/ambtelaviv.esteri.it\/it\/wp-json\/wp\/v2\/users\/8"}],"replies":[{"embeddable":true,"href":"https:\/\/ambtelaviv.esteri.it\/it\/wp-json\/wp\/v2\/comments?post=698"}],"version-history":[{"count":6,"href":"https:\/\/ambtelaviv.esteri.it\/it\/wp-json\/wp\/v2\/pages\/698\/revisions"}],"predecessor-version":[{"id":7270,"href":"https:\/\/ambtelaviv.esteri.it\/it\/wp-json\/wp\/v2\/pages\/698\/revisions\/7270"}],"up":[{"embeddable":true,"href":"https:\/\/ambtelaviv.esteri.it\/it\/wp-json\/wp\/v2\/pages\/47"}],"wp:attachment":[{"href":"https:\/\/ambtelaviv.esteri.it\/it\/wp-json\/wp\/v2\/media?parent=698"}],"curies":[{"name":"wp","href":"https:\/\/api.w.org\/{rel}","templated":true}]}}