{"id":72,"date":"2023-04-11T18:19:34","date_gmt":"2023-04-11T16:19:34","guid":{"rendered":"https:\/\/ambasciatapraga.esteri.it\/?page_id=72"},"modified":"2026-03-23T22:42:09","modified_gmt":"2026-03-23T19:42:09","slug":"pensioni-e-sicurezza-sociale","status":"publish","type":"page","link":"https:\/\/ambtelaviv.esteri.it\/it\/servizi-consolari-e-visti\/servizi-per-il-cittadino-italiano\/pensioni-e-sicurezza-sociale\/","title":{"rendered":"Pensioni e sicurezza sociale"},"content":{"rendered":"<div class=\"sr-only\"><strong>In questa pagina troverai le indicazioni relative alle Pensioni INPS e alle pensioni di benemerenza<\/strong><\/div>\n<div><\/div>\n<div>Per le PENSIONI INPS, visita la pagina dedicata del <a href=\"https:\/\/www.inps.it\/it\/it\/dettaglio-approfondimento.schede-informative.49857.pagamento-della-pensione-all-estero.html\">sito INPS<\/a> oppure la pagina di <a href=\"https:\/\/www.citibank.com\/tts\/sa\/inps\/index.html\">CITI<\/a> dove troverai i contatti utili per informazioni riguardo al pagamento della tua pensione.<\/div>\n<div><\/div>\n<div>Esistenza in vita (Pensioni INPS): tutte le info <a href=\"https:\/\/ambtelaviv.esteri.it\/it\/news\/dall_ambasciata\/2026\/03\/pensioni-inps-pagamento-delle-prestazioni-allestero-accertamento-dellesistenza-in-vita-2026\/\">qui<\/a>.<\/div>\n<div><\/div>\n<div><\/div>\n<h1><\/h1>\n<div>\n<p><strong>ACCORDO BILATERALE ITALIA &#8211; ISRAELE<\/strong><\/p>\n<div>\n<p>Il nuovo\u00a0<a title=\"vai alla pagina\" href=\"https:\/\/www.inps.it\/content\/dam\/inps-site\/pdf\/allegati\/164KEY-458accordo_bilaterale_italia-israele.pdf\">Accordo bilaterale tra la Repubblica italiana e lo Stato d&#8217;Israele<\/a>\u00a0(pdf 436KB) sulla previdenza sociale, firmato a Gerusalemme il 2 febbraio 2010 e ratificato con la\u00a0<a href=\"http:\/\/www.gazzettaufficiale.it\/eli\/id\/2015\/07\/08\/15G00110\/sg;jsessionid=dSZtwvBmCk2Kd7Qlt5a1Hw__.ntc-as5-guri2a\">legge\u00a018 giugno 2015, n. 98<\/a>, \u00e8 entrato in vigore dal 1\u00b0 dicembre 2015. L&#8217;Accordo sostituisce integralmente lo scambio di lettere firmato a Gerusalemme il 7 gennaio 1987, che costituiva un accordo in materia di legislazione applicabile.<\/p>\n<p>Maggiori informazioni sono disponibili sul sito dell&#8217;<a href=\"https:\/\/www.inps.it\/it\/it\/dettaglio-approfondimento.schede-informative.sicurezza-sociale-internazionale-accordo-bilaterale-con-israele.html\">INPS<\/a>.<\/p>\n<\/div>\n<h1><\/h1>\n<div>\n<p><strong>Assegno vitalizio di Benemerenza<\/strong><\/p>\n<p>A coloro che, durante il periodo fascista, hanno sub\u00ecto persecuzioni per motivi politici o razziali e, in via indiretta o di reversibilit\u00e0, ad alcuni loro familiari (vedove\/i e orfane\/i), l\u2019ordinamento italiano riconosce, <a href=\"http:\/\/www.dag.mef.gov.it\/aree-tematiche\/pensioni\/perseguitati_politici_e_razziali\/\">a determinate condizioni<\/a>, un assegno vitalizio di benemerenza.<\/p>\n<p>Per ottenere l\u2019erogazione del vitalizio da parte dell\u2019Ambasciata, I beneficiari sono tenuti a certificare semestralmente la propria esistenza in vita attraverso il modulo di autocertificazione che verr\u00e0 spedito via email. Il modulo, debitamente compilato e sottoscritto, dovr\u00e0 essere inviato ogni semestre all\u2019Ambasciata attraverso uno dei seguenti canali:<\/p>\n<ul>\n<li>Posta elettronica:\u00a0<a href=\"mailto:consolato.telaviv@esteri.it\">consolato.telaviv@esteri.it<\/a>\u00a0(in formato .pdf o .jpeg);<\/li>\n<li>Posta certificata (PEC):\u00a0<a href=\"mailto:amb.telaviv@cert.esteri.it\">amb.telaviv@cert.esteri.it<\/a>\u00a0(in formato .pdf o .jpeg);<\/li>\n<li>Posta ordinaria: Ambasciata d\u2019Italia, Ufficio Pensioni, 25 Hamered Street, Tel Aviv-Yafo 68125.<\/li>\n<\/ul>\n<p>Per ottenere l\u2019erogazione del vitalizio direttamente dal Ministero delle Finanze (MEF) italiano, senza l\u2019intermediazione dell\u2019Ambasciata, i beneficiari devono compilare questo\u00a0<a href=\"https:\/\/ambtelaviv.esteri.it\/wp-content\/uploads\/2023\/06\/mef-modello-richiesta-accredito_eng-4.docx\">modulo di richiesta<\/a>\u00a0e inviarlo all\u2019Ufficio amministrativo dell\u2019Ambasciata con le stesse modalit\u00e0 sopra indicate. L\u2019Ambasciata assicurer\u00e0 la trasmissione della richiesta al Ministero delle Finanze. L\u2019erogazione diretta da parte del MEF non fa in alcun modo venir meno l\u2019assistenza da parte dell\u2019Ufficio amministrativo dell\u2019Ambasciata, che resta sempre a disposizione per ogni necessit\u00e0.<\/p>\n<\/div>\n<p>&nbsp;<\/p>\n<p>&nbsp;<\/p>\n<p><strong>Reversibilit\u00e0 dell&#8217;assegno vitalizio di benemerenza<\/strong><\/p>\n<p>L\u2019assegno vitalizio di benemerenza \u00e8, a determinate condizioni, reversibile. In particolare, l\u2019assegno spetta anche al coniuge superstite che mantenga lo stato vedovile o, se divorziato, a condizioni particolari (cfr. art. 13, comma 2, legge n. 74\/1987)<\/p>\n<p>Per le modalit\u00e0 di presentazione dell\u2019istanza (incluso l\u2019importo esatto del limite reddituale) e ogni altra informazione di dettaglio, \u00e8 necessario fare riferimento al sito web della Direzione dei Servizi del Tesoro del Ministero dell\u2019Economia e delle Finanze all\u2019indirizzo <a href=\"http:\/\/www.dag.mef.gov.it\/aree-tematiche\/pensioni\/perseguitati_politici_e_razziali\/assegni_reversibilita\/index.html\">http:\/\/www.dag.mef.gov.it\/aree-tematiche\/pensioni\/perseguitati_politici_e_razziali\/assegni_reversibilita\/index.html<\/a> dove \u00e8 altres\u00ec reperibile la modulistica e le modalit\u00e0 di trasmissione.<\/p>\n<p>&nbsp;<\/p>\n<p>La richiesta di benefici pensionistici, che dovr\u00e0 essere sempre accompagnata da una copia in corso di validit\u00e0 del documento del richiedente, pu\u00f2 essere prodotta all&#8217;Amministrazione personalmente o a mezzo del proprio legale rappresentante.\u00a0I residenti in Italia potranno indirizzare le richieste:<\/p>\n<ul>\n<li>a mezzo raccomandata indirizzata alla Direzione dei servizi erogati alle amministrazioni e ai terzi, Uff. VII, Via XX Settembre, 97 &#8211; 00187 Roma<\/li>\n<li>allo sportello dell&#8217;URP della Direzione dei servizi erogati alle amministrazioni e ai terzi, Via XX Settembre, 97 &#8211; 00187 Roma<\/li>\n<li>a mezzo posta elettronica, indirizzando la richiesta all\u2019indirizzo e-mail della Direzione dei servizi erogati alle amministrazioni e ai terzi: <a href=\"mailto:protocollodcst.dag@mef.gov.it\">dag@mef.gov.it<\/a>; oppure a mezzo PEC (Posta Elettronica Certificata), al seguente indirizzo di posta elettronica: <a href=\"mailto:dcst.dag@pec.mef.gov.it\">dcst.dag@pec.mef.gov.it<\/a>.<\/li>\n<\/ul>\n<p>&nbsp;<\/p>\n<p>I residenti all\u2019estero possono indirizzare invece le richieste, per il tramite della Rappresentanza consolare di competenza o <u>degli altri organi istituzionalmente riconosciuti nello Stato di residenza (anche il Comites)<\/u>, alla Commissione per le provvidenze ai perseguitati politici italiani antifascisti o razziali c\/o Ministero dell\u2019economia e delle finanze &#8211; Direzione dei servizi erogati alle amministrazioni e ai terzi, Uff. VII, Via XX settembre, 97 &#8211; 00187 Roma (posta elettronica ordinaria: <a href=\"mailto:protocollodcst.dag@mef.gov.it\">protocollodcst.dag@mef.gov.it<\/a>; oppure a mezzo PEC <a href=\"mailto:dcst.dag@pec.mef.gov.it\">dcst.dag@pec.mef.gov.it<\/a>).<\/p>\n<p>&nbsp;<\/p>\n<\/div>\n","protected":false},"excerpt":{"rendered":"In questa pagina troverai le indicazioni relative alle Pensioni INPS e alle pensioni di benemerenza Per le PENSIONI INPS, visita la pagina dedicata del sito INPS oppure la pagina di CITI dove troverai i contatti utili per informazioni riguardo al pagamento della tua pensione. Esistenza in vita (Pensioni INPS): tutte le info qui. ACCORDO BILATERALE [&hellip;]","protected":false},"author":1,"featured_media":0,"parent":47,"menu_order":12,"comment_status":"closed","ping_status":"closed","template":"","meta":{"footnotes":""},"class_list":["post-72","page","type-page","status-publish","hentry"],"_links":{"self":[{"href":"https:\/\/ambtelaviv.esteri.it\/it\/wp-json\/wp\/v2\/pages\/72","targetHints":{"allow":["GET"]}}],"collection":[{"href":"https:\/\/ambtelaviv.esteri.it\/it\/wp-json\/wp\/v2\/pages"}],"about":[{"href":"https:\/\/ambtelaviv.esteri.it\/it\/wp-json\/wp\/v2\/types\/page"}],"author":[{"embeddable":true,"href":"https:\/\/ambtelaviv.esteri.it\/it\/wp-json\/wp\/v2\/users\/1"}],"replies":[{"embeddable":true,"href":"https:\/\/ambtelaviv.esteri.it\/it\/wp-json\/wp\/v2\/comments?post=72"}],"version-history":[{"count":6,"href":"https:\/\/ambtelaviv.esteri.it\/it\/wp-json\/wp\/v2\/pages\/72\/revisions"}],"predecessor-version":[{"id":7202,"href":"https:\/\/ambtelaviv.esteri.it\/it\/wp-json\/wp\/v2\/pages\/72\/revisions\/7202"}],"up":[{"embeddable":true,"href":"https:\/\/ambtelaviv.esteri.it\/it\/wp-json\/wp\/v2\/pages\/47"}],"wp:attachment":[{"href":"https:\/\/ambtelaviv.esteri.it\/it\/wp-json\/wp\/v2\/media?parent=72"}],"curies":[{"name":"wp","href":"https:\/\/api.w.org\/{rel}","templated":true}]}}