{"id":74,"date":"2023-04-11T18:20:09","date_gmt":"2023-04-11T16:20:09","guid":{"rendered":"https:\/\/ambasciatapraga.esteri.it\/?page_id=74"},"modified":"2025-09-09T09:20:05","modified_gmt":"2025-09-09T06:20:05","slug":"autoveicoli-e-patenti-di-guida","status":"publish","type":"page","link":"https:\/\/ambtelaviv.esteri.it\/it\/servizi-consolari-e-visti\/servizi-per-il-cittadino-italiano\/autoveicoli-e-patenti-di-guida\/","title":{"rendered":"Autoveicoli e Patenti di guida"},"content":{"rendered":"<p><strong>Italia ed Israele hanno firmato il rinnovo dell\u2019accordo sul reciproco riconoscimento delle patenti di guida ai fini della conversione.<\/strong><\/p>\n<p>Potete trovare <a href=\"https:\/\/ambtelaviv.esteri.it\/wp-content\/uploads\/2023\/06\/Accordo-bilaterale-patente.pdf\">qui<\/a>\u00a0 l&#8217;accordo ai reciproci riconoscimenti da parte di Italia ed Israele<\/p>\n<p><strong>Rinnovo patente<\/strong><\/p>\n<p>Se sei un cittadino italiano domiciliato o residente in Israele per un periodo di almeno sei mesi, puoi chiedere il rinnovo della tua patente di guida italiana, purch\u00e9 non sia scaduta da pi\u00f9 di cinque anni.<\/p>\n<p>Per rinnovare la tua patente di guida segui questi semplici passi:<\/p>\n<p><strong>STEP 1 &#8211; Visita medica di controllo<\/strong><\/p>\n<p>Effettua una visita medica di controllo (a pagamento) presso il medico di riferimento dell&#8217;Ambasciata, che rilascer\u00e0 un apposito <a href=\"https:\/\/ambtelaviv.esteri.it\/wp-content\/uploads\/2023\/08\/modcertificatopatente.pdf\">certificato medico.<\/a><\/p>\n<blockquote><p>MEDICO DI RIFERIMENTO<\/p>\n<p>Dr.ssa Batya TUVAL<\/p>\n<p>Tel.: 055 8852979<br \/>\nEmail:\u00a0 <a href=\"mailto:batyacuriel@gmail.com\">batyacuriel@gmail.com<\/a><\/p>\n<p>La Dr.ssa Tuval riceve nelle seguenti zone: Ashkelon, Yeruham, Dimona o Mizpe Ramon.<\/p>\n<p>&nbsp;<\/p><\/blockquote>\n<p><strong>STEP 2 &#8211; Prenota un appuntamento<\/strong><\/p>\n<p>Prenota un appuntamento tramite la piattaforma\u00a0<a href=\"https:\/\/prenotami.esteri.it\/\">Prenot@mi<\/a> (per informazioni: <a href=\"mailto:consolato.telaviv@esteri.it\">consolato.telaviv@esteri.it<\/a>).<\/p>\n<p><strong>STEP 3 &#8211; Porta tutta la documentazione in Consolato<\/strong><\/p>\n<p>Il giorno dell\u2019appuntamento vieni in Consolato con la seguente documentazione:<\/p>\n<ul>\n<li>la patente di guida scaduta originale;<\/li>\n<li>il certificato medico rilasciato dal medico di fiducia dell\u2019Ambasciata;<\/li>\n<li>due fototessere;<\/li>\n<li>contanti per il pagamento della\u00a0<a href=\"https:\/\/ambtelaviv.esteri.it\/it\/servizi-consolari-e-visti\/servizi-per-il-cittadino-italiano\/tariffe-consolari\/\">tariffa consolare<\/a>.<\/li>\n<\/ul>\n<p><strong>Attenzione!<\/strong><\/p>\n<p>L\u2019Ambasciata ti rilascer\u00e0 una \u201cAttestazione consolare di conferma della validit\u00e0 della patente di guida\u201d, <span style=\"text-decoration: underline;\"><strong>valida <\/strong><\/span><span style=\"text-decoration: underline;\"><strong>esclusivamente per il periodo di residenza all\u2019estero,<\/strong> <\/span>che deve essere conservata unitamente alla patente originale scaduta e, ove richiesto, esibita insieme a questa.<\/p>\n<p>Entro sei mesi dalla riacquisizione della residenza in Italia, dovrai confermare nuovamente la patente di guida presso l&#8217;<a href=\"https:\/\/www.mit.gov.it\/come-fare-per\/patenti-mezzi-e-abilitazioni\/patenti-mezzi-stradali\">Ufficio Centrale del Dipartimento per i trasporti terrestri competente per il luogo di residenza<\/a>, anche nel caso in cui il rinnovo fatto in Ambasciata sia ancora valido secondo le procedure ordinarie di rinnovo.<\/p>\n<p>L&#8217;attestazione del rinnovo dovr\u00e0 essere conservata unitamente alla patente e andr\u00e0 esibita nel caso in cui dovrai effettuare la visita medica per la conferma della validit\u00e0 in Italia. Ci\u00f2 al fine di provare l&#8217;avvenuto rinnovo all&#8217;estero e dimostrare quindi l&#8217;assenza di periodi di mancato esercizio alla guida<\/p>\n<p>Non possono ottenere il rinnovo della patente all\u2019estero i diabetici, i mutilati e minorati fisici; gli ultra 65enni con titolo alla guida di autocarri di massa complessiva, a pieno carico, superiore a 3,5t, autotreni ed autoarticolati, adibiti al trasporto di cose, la cui massa complessiva, a pieno carico, non sia superiore a 20 t, macchine operatrici: per tali categorie \u00e8 obbligatoria una visita medica collegiale presso le ASL in Italia<\/p>\n<p>&nbsp;<\/p>\n<p>__________________<\/p>\n<p><a href=\"https:\/\/ambtelaviv.esteri.it\/it\/news\/dall_ambasciata\/2025\/03\/manifestazione-dinteresse-medici-per-il-rinnovo-delle-patenti-di-guida-italiane\/\">Manifestazione d\u2019interesse: medici per il rinnovo delle patenti di guida italiane \u2013 Ambasciata d&#8217;Italia Tel Aviv<\/a><\/p>\n","protected":false},"excerpt":{"rendered":"Italia ed Israele hanno firmato il rinnovo dell\u2019accordo sul reciproco riconoscimento delle patenti di guida ai fini della conversione. Potete trovare qui\u00a0 l&#8217;accordo ai reciproci riconoscimenti da parte di Italia ed Israele Rinnovo patente Se sei un cittadino italiano domiciliato o residente in Israele per un periodo di almeno sei mesi, puoi chiedere il rinnovo [&hellip;]","protected":false},"author":1,"featured_media":0,"parent":47,"menu_order":16,"comment_status":"closed","ping_status":"closed","template":"","meta":{"footnotes":""},"class_list":["post-74","page","type-page","status-publish","hentry"],"_links":{"self":[{"href":"https:\/\/ambtelaviv.esteri.it\/it\/wp-json\/wp\/v2\/pages\/74","targetHints":{"allow":["GET"]}}],"collection":[{"href":"https:\/\/ambtelaviv.esteri.it\/it\/wp-json\/wp\/v2\/pages"}],"about":[{"href":"https:\/\/ambtelaviv.esteri.it\/it\/wp-json\/wp\/v2\/types\/page"}],"author":[{"embeddable":true,"href":"https:\/\/ambtelaviv.esteri.it\/it\/wp-json\/wp\/v2\/users\/1"}],"replies":[{"embeddable":true,"href":"https:\/\/ambtelaviv.esteri.it\/it\/wp-json\/wp\/v2\/comments?post=74"}],"version-history":[{"count":7,"href":"https:\/\/ambtelaviv.esteri.it\/it\/wp-json\/wp\/v2\/pages\/74\/revisions"}],"predecessor-version":[{"id":6101,"href":"https:\/\/ambtelaviv.esteri.it\/it\/wp-json\/wp\/v2\/pages\/74\/revisions\/6101"}],"up":[{"embeddable":true,"href":"https:\/\/ambtelaviv.esteri.it\/it\/wp-json\/wp\/v2\/pages\/47"}],"wp:attachment":[{"href":"https:\/\/ambtelaviv.esteri.it\/it\/wp-json\/wp\/v2\/media?parent=74"}],"curies":[{"name":"wp","href":"https:\/\/api.w.org\/{rel}","templated":true}]}}