{"id":90,"date":"2023-04-11T18:22:23","date_gmt":"2023-04-11T16:22:23","guid":{"rendered":"https:\/\/ambasciatapraga.esteri.it\/?page_id=90"},"modified":"2025-07-04T13:32:16","modified_gmt":"2025-07-04T10:32:16","slug":"cittadinanza","status":"publish","type":"page","link":"https:\/\/ambtelaviv.esteri.it\/it\/servizi-consolari-e-visti\/servizi-per-il-cittadino-straniero\/cittadinanza\/","title":{"rendered":"Cittadinanza"},"content":{"rendered":"<p>Il decreto-legge 28 marzo 2025, n. 36, \u00e8 stato convertito con modificazioni nella\u00a0<strong>legge<\/strong>\u00a0<strong>23 maggio 2025, n. 74<\/strong>, con vigenza dal 24 maggio 2025.<\/p>\n<p>La legge di conversione riforma la\u00a0<strong>legge 5 febbraio 1992, n. 91<\/strong>, il cui nuovo testo integrale \u00e8 disponibile al seguente\u00a0<a href=\"https:\/\/www.normattiva.it\/uri-res\/N2Ls?urn:nir:stato:legge:1992-02-05;91!vig=\">link<\/a><\/p>\n<p>Si attira, in particolare, l\u2019attenzione sul\u00a0<strong>nuovo art. 3-bis:<\/strong><\/p>\n<p><em>In deroga agli articoli 1, 2, 3, 14 e 20 della presente legge, all\u2019articolo 5 della legge 21 aprile 1983, n. 123, agli articoli 1, 2, 7, 10, 12 e 19 della legge 13 giugno 1912, n. 555, nonch\u00e9 agli articoli 4, 5, 7, 8 e 9 del codice civile approvato con regio decreto 25 giugno 1865, n. 2358, \u00e8 considerato non avere mai acquistato la cittadinanza italiana chi \u00e8 nato all\u2019estero anche prima della data di entrata in vigore del presente articolo ed \u00e8 in possesso di altra cittadinanza, salvo che ricorra una delle seguenti condizioni:<\/em><\/p>\n<p><em>a) lo stato di cittadino dell\u2019interessato \u00e8 riconosciuto, nel rispetto della normativa applicabile al 27 marzo 2025, a seguito di domanda, corredata della necessaria documentazione, presentata all\u2019ufficio consolare o al sindaco competenti non oltre le 23:59, ora di Roma, della medesima data;<\/em><\/p>\n<p><em>a-bis) lo stato di cittadino dell\u2019interessato \u00e8 riconosciuto, nel rispetto della normativa applicabile al 27 marzo 2025, a seguito di domanda, corredata della necessaria documentazione, presentata all\u2019ufficio consolare o al sindaco competenti nel giorno indicato da appuntamento comunicato all\u2019interessato dall\u2019ufficio competente entro le 23:59, ora di Roma, della medesima data del 27 marzo 2025;<\/em><\/p>\n<p><em>b) lo stato di cittadino dell\u2019interessato \u00e8 accertato giudizialmente, nel rispetto della normativa applicabile al 27 marzo 2025, a seguito di domanda giudiziale presentata non oltre le 23:59, ora di Roma, della medesima data;<\/em><\/p>\n<p><em>c) un ascendente di primo o di secondo grado possiede, o possedeva al momento della morte, esclusivamente la cittadinanza italiana;<\/em><\/p>\n<p><em>d) un genitore o adottante \u00e8 stato residente in Italia per almeno due anni continuativi successivamente all\u2019acquisto della cittadinanza italiana e prima della data di nascita o di adozione del figlio.<\/em><\/p>\n<p>\u2014 \u2014 \u2014<\/p>\n<p>Pertanto, in base alla nuova legge n.91 del 1992 \u00e8 riconosciuto cittadino italiano\u00a0<em>iure sanguinis<\/em>\u00a0(dalla nascita):<\/p>\n<ul>\n<li>il richiedente\u00a0<strong>nato in Italia<\/strong>\u00a0in qualsiasi data;<\/li>\n<li>il richiedente che ha esclusivamente la cittadinanza italiana<strong>, ossia che<\/strong>\u00a0<strong>non ha n\u00e9 pu\u00f2 avere nessun\u2019altra cittadinanza;<\/strong><\/li>\n<li>il richiedente che rientra in\u00a0<strong>uno dei casi<\/strong>\u00a0elencati nelle\u00a0<strong>lettere a), a-bis), b), c) e d) dell\u2019articolo 3-bis<\/strong><\/li>\n<\/ul>\n<p>\u2014 \u2014 \u2014<\/p>\n<p>&nbsp;<\/p>\n<p>Nei link a destra puoi trovare tutte le informazioni per il riconoscimento, acquisizione e riacquisto della cittadinanza italiana:<\/p>\n<ul>\n<li><a href=\"https:\/\/ambtelaviv.esteri.it\/it\/servizi-consolari-e-visti\/servizi-per-il-cittadino-straniero\/cittadinanza\/cittadinanza-per-discendenza-iure-sanguinis-2\/\">Riconoscimento della cittadinanza italiana per discendenza<\/a><\/li>\n<li><a href=\"https:\/\/ambtelaviv.esteri.it\/it\/servizi-consolari-e-visti\/servizi-per-il-cittadino-straniero\/cittadinanza\/cittadinanza-per-matrimonio\/\">Acquisto della cittadinanza italiana per matrimonio<\/a><\/li>\n<li><a href=\"https:\/\/ambtelaviv.esteri.it\/it\/servizi-consolari-e-visti\/servizi-per-il-cittadino-straniero\/cittadinanza\/riacquisto-della-cittadinanza-italiana\/\">Riacquisto della cittadinanza italiana persa per matrimonio<\/a><\/li>\n<li><a href=\"https:\/\/ambtelaviv.esteri.it\/it\/servizi-consolari-e-visti\/servizi-per-il-cittadino-straniero\/cittadinanza\/riacquisto-della-cittadinanza-italiana\/\">Riacquisto della cittadinanza italiana persa per acquisto della cittadinanza straniera<\/a><\/li>\n<\/ul>\n","protected":false},"excerpt":{"rendered":"Il decreto-legge 28 marzo 2025, n. 36, \u00e8 stato convertito con modificazioni nella\u00a0legge\u00a023 maggio 2025, n. 74, con vigenza dal 24 maggio 2025. La legge di conversione riforma la\u00a0legge 5 febbraio 1992, n. 91, il cui nuovo testo integrale \u00e8 disponibile al seguente\u00a0link Si attira, in particolare, l\u2019attenzione sul\u00a0nuovo art. 3-bis: In deroga agli articoli [&hellip;]","protected":false},"author":1,"featured_media":0,"parent":48,"menu_order":2,"comment_status":"closed","ping_status":"closed","template":"","meta":{"footnotes":""},"class_list":["post-90","page","type-page","status-publish","hentry"],"_links":{"self":[{"href":"https:\/\/ambtelaviv.esteri.it\/it\/wp-json\/wp\/v2\/pages\/90","targetHints":{"allow":["GET"]}}],"collection":[{"href":"https:\/\/ambtelaviv.esteri.it\/it\/wp-json\/wp\/v2\/pages"}],"about":[{"href":"https:\/\/ambtelaviv.esteri.it\/it\/wp-json\/wp\/v2\/types\/page"}],"author":[{"embeddable":true,"href":"https:\/\/ambtelaviv.esteri.it\/it\/wp-json\/wp\/v2\/users\/1"}],"replies":[{"embeddable":true,"href":"https:\/\/ambtelaviv.esteri.it\/it\/wp-json\/wp\/v2\/comments?post=90"}],"version-history":[{"count":3,"href":"https:\/\/ambtelaviv.esteri.it\/it\/wp-json\/wp\/v2\/pages\/90\/revisions"}],"predecessor-version":[{"id":5748,"href":"https:\/\/ambtelaviv.esteri.it\/it\/wp-json\/wp\/v2\/pages\/90\/revisions\/5748"}],"up":[{"embeddable":true,"href":"https:\/\/ambtelaviv.esteri.it\/it\/wp-json\/wp\/v2\/pages\/48"}],"wp:attachment":[{"href":"https:\/\/ambtelaviv.esteri.it\/it\/wp-json\/wp\/v2\/media?parent=90"}],"curies":[{"name":"wp","href":"https:\/\/api.w.org\/{rel}","templated":true}]}}