{"id":921,"date":"2023-06-16T15:06:43","date_gmt":"2023-06-16T12:06:43","guid":{"rendered":"https:\/\/ambtelaviv.esteri.it\/?page_id=921"},"modified":"2023-06-19T12:11:28","modified_gmt":"2023-06-19T09:11:28","slug":"studiare-litaliano","status":"publish","type":"page","link":"https:\/\/ambtelaviv.esteri.it\/it\/italia-e-israele\/diplomazia-culturale\/lingua-e-cultura-italiana\/studiare-litaliano\/","title":{"rendered":"Studiare l&#8217;italiano"},"content":{"rendered":"<p>Nell\u2019ambito della promozione culturale, la diffusione della lingua italiana ha un ruolo prioritario perch\u00e9 la conoscenza dell\u2019italiano \u00e8 la chiave di lettura necessaria per entrare in contatto con la nostra cultura in senso ampio e per meglio comprendere le dinamiche del \u201cVivere all\u2019italiana\u201d. Oltre due milioni di stranieri scelgono di studiare la nostra lingua per avvicinarsi al nostro ricchissimo patrimonio culturale artistico e creativo.<\/p>\n<p>In Israele la nostra lingua \u00e8 tra quelle maggiormente studiate e moltissimi israeliani hanno compiuto studi universitari in Italia. Per questi motivi, in Israele ci sono circa 50.000 persone che parlano italiano, incluse le comunit\u00e0 di origine italiana e libica.<\/p>\n<p>Corsi di italiano sono insegnati presso diverse Universit\u00e0 israeliane, in particolare: Universit\u00e0 Ebraica di Gerusalemme, Dipartimento di Italianistica; Universit\u00e0 di Tel Aviv, Dipartimento di Lingue Straniere; Universit\u00e0 di Haifa, Dipartimento di Studi Multidisciplinari; Technion, Dipartimento di Studi Umanistici; Universit\u00e0 Ben Gurion, Dipartimento di Studi Multidisciplinari; Interdisciplinary Center (IDC) Herzlyiah. L\u2019italiano \u00e8 anche insegnato in alcune scuole israeliane e dal 2012 il Ministero dell\u2019Educazione israeliano permette di presentare l\u2019italiano come materia del Bagrut (diploma di maturit\u00e0).<\/p>\n<p>Gli israeliani che studiano la lingua italiana sono circa 5000. Se siete interessati a studiare l\u2019italiano, potete rivolgervi a scuole private o ai seguenti centri d\u2019insegnamento istituzionali:<\/p>\n<p>&gt;\u00a0<a href=\"https:\/\/iictelaviv.esteri.it\/iic_telaviv\/it\/imparare_italiano\/\">Istituto Italiano di Cultura di Tel Aviv<\/a><\/p>\n<p>&gt;\u00a0<a href=\"https:\/\/iichaifa.esteri.it\/iic_haifa\/it\/imparare-italiano\/i_corsi_di_lingua\">Istituto Italiano di Cultura di Haifa<\/a><\/p>\n<p>&gt;\u00a0<a href=\"https:\/\/www.ladante-jerusalem.org.il\/\">Societ\u00e0 Dante Alighieri a Gerusalemme<\/a><\/p>\n","protected":false},"excerpt":{"rendered":"Nell\u2019ambito della promozione culturale, la diffusione della lingua italiana ha un ruolo prioritario perch\u00e9 la conoscenza dell\u2019italiano \u00e8 la chiave di lettura necessaria per entrare in contatto con la nostra cultura in senso ampio e per meglio comprendere le dinamiche del \u201cVivere all\u2019italiana\u201d. Oltre due milioni di stranieri scelgono di studiare la nostra lingua per [&hellip;]","protected":false},"author":9,"featured_media":0,"parent":101,"menu_order":2,"comment_status":"closed","ping_status":"closed","template":"","meta":{"footnotes":""},"class_list":["post-921","page","type-page","status-publish","hentry"],"_links":{"self":[{"href":"https:\/\/ambtelaviv.esteri.it\/it\/wp-json\/wp\/v2\/pages\/921","targetHints":{"allow":["GET"]}}],"collection":[{"href":"https:\/\/ambtelaviv.esteri.it\/it\/wp-json\/wp\/v2\/pages"}],"about":[{"href":"https:\/\/ambtelaviv.esteri.it\/it\/wp-json\/wp\/v2\/types\/page"}],"author":[{"embeddable":true,"href":"https:\/\/ambtelaviv.esteri.it\/it\/wp-json\/wp\/v2\/users\/9"}],"replies":[{"embeddable":true,"href":"https:\/\/ambtelaviv.esteri.it\/it\/wp-json\/wp\/v2\/comments?post=921"}],"version-history":[{"count":0,"href":"https:\/\/ambtelaviv.esteri.it\/it\/wp-json\/wp\/v2\/pages\/921\/revisions"}],"up":[{"embeddable":true,"href":"https:\/\/ambtelaviv.esteri.it\/it\/wp-json\/wp\/v2\/pages\/101"}],"wp:attachment":[{"href":"https:\/\/ambtelaviv.esteri.it\/it\/wp-json\/wp\/v2\/media?parent=921"}],"curies":[{"name":"wp","href":"https:\/\/api.w.org\/{rel}","templated":true}]}}