{"id":923,"date":"2023-06-16T15:08:31","date_gmt":"2023-06-16T12:08:31","guid":{"rendered":"https:\/\/ambtelaviv.esteri.it\/?page_id=923"},"modified":"2023-06-16T15:08:31","modified_gmt":"2023-06-16T12:08:31","slug":"lingua-cultura-creativita","status":"publish","type":"page","link":"https:\/\/ambtelaviv.esteri.it\/it\/italia-e-israele\/diplomazia-culturale\/lingua-e-cultura-italiana\/lingua-cultura-creativita\/","title":{"rendered":"Lingua, Cultura, Creativit\u00e0"},"content":{"rendered":"<p>&#8220;Italiana&#8221; \u00e8 il portale per la promozione della lingua, della cultura e della creativit\u00e0 italiana nel mondo.<\/p>\n<p>Un contenitore unico dove troveranno spazio: musica, letteratura, poesia, cinema, teatro, arti visive, web art, ma anche architettura, design, storia, archeologia, enogastronomia. Un portale per lo sviluppo del settore culturale e creativo italiano che non ha mai smesso di immaginare, produrre e far sognare e che punta all\u2019innovazione e alla crescita anche sul piano internazionale.<\/p>\n<p>&#8220;Italiana&#8221; non \u00e8 un punto di arrivo ma di partenza: \u00e8 l&#8217;inizio di un percorso che vedr\u00e0 la Farnesina e la sua rete estera accompagnare la cultura e la creativit\u00e0 italiane nei prossimi anni, proponendo al pubblico internazionale nuove modalit\u00e0 di fruizione dove alla componente in presenza sar\u00e0 sempre associata una parte digitale, capace di raggiungere nuovi spettatori e nuovi territori.<\/p>\n<p>&gt; Esplora qui\u00a0<a href=\"https:\/\/italiana.esteri.it\/italiana\/\">Italiana<\/a><\/p>\n","protected":false},"excerpt":{"rendered":"&#8220;Italiana&#8221; \u00e8 il portale per la promozione della lingua, della cultura e della creativit\u00e0 italiana nel mondo. Un contenitore unico dove troveranno spazio: musica, letteratura, poesia, cinema, teatro, arti visive, web art, ma anche architettura, design, storia, archeologia, enogastronomia. Un portale per lo sviluppo del settore culturale e creativo italiano che non ha mai smesso [&hellip;]","protected":false},"author":9,"featured_media":0,"parent":101,"menu_order":3,"comment_status":"closed","ping_status":"closed","template":"","meta":{"footnotes":""},"class_list":["post-923","page","type-page","status-publish","hentry"],"_links":{"self":[{"href":"https:\/\/ambtelaviv.esteri.it\/it\/wp-json\/wp\/v2\/pages\/923","targetHints":{"allow":["GET"]}}],"collection":[{"href":"https:\/\/ambtelaviv.esteri.it\/it\/wp-json\/wp\/v2\/pages"}],"about":[{"href":"https:\/\/ambtelaviv.esteri.it\/it\/wp-json\/wp\/v2\/types\/page"}],"author":[{"embeddable":true,"href":"https:\/\/ambtelaviv.esteri.it\/it\/wp-json\/wp\/v2\/users\/9"}],"replies":[{"embeddable":true,"href":"https:\/\/ambtelaviv.esteri.it\/it\/wp-json\/wp\/v2\/comments?post=923"}],"version-history":[{"count":0,"href":"https:\/\/ambtelaviv.esteri.it\/it\/wp-json\/wp\/v2\/pages\/923\/revisions"}],"up":[{"embeddable":true,"href":"https:\/\/ambtelaviv.esteri.it\/it\/wp-json\/wp\/v2\/pages\/101"}],"wp:attachment":[{"href":"https:\/\/ambtelaviv.esteri.it\/it\/wp-json\/wp\/v2\/media?parent=923"}],"curies":[{"name":"wp","href":"https:\/\/api.w.org\/{rel}","templated":true}]}}